{"id":8947,"date":"2024-10-09T14:56:39","date_gmt":"2024-10-09T12:56:39","guid":{"rendered":"https:\/\/www.marinastavoren.nl\/camping-sudermeer\/saisonplaetze-fuer-mobilheim-chalet\/"},"modified":"2024-10-11T10:10:45","modified_gmt":"2024-10-11T08:10:45","slug":"saisonplaetze-fuer-mobilheim-chalet","status":"publish","type":"page","link":"https:\/\/www.marinastavoren.nl\/de\/camping-sudermeer\/saisonplaetze-fuer-mobilheim-chalet\/","title":{"rendered":"Saisonpl\u00e4tze f\u00fcr Mobilheim \/ Chalet \/ Wohnwagen"},"content":{"rendered":"<div class=\"wpb-content-wrapper\">[vc_row][vc_column][vc_column_text css=&#8220;.vc_custom_1728633651781{margin-bottom: 0px !important;padding-bottom: 0px !important;}&#8220;]\n<h1>Saisonpl\u00e4tze f\u00fcr Mobilheim \/ Chalet \/ Wohnwagen<\/h1>\n[\/vc_column_text][\/vc_column][\/vc_row][vc_row content_placement=&#8220;middle&#8220; css=&#8220;.vc_custom_1728478976515{margin-top: 0px !important;padding-top: 0px !important;}&#8220;][vc_column width=&#8220;1\/2&#8243;][vc_column_text]Suchen Sie einen Saisonplatz f\u00fcr Ihr Mobilheim, Chalet oder Wohnwagen in einer wasserreichen, aber auch waldreichen Umgebung, dann sind Sie auf unserem Campingplatz genau richtig.<\/p>\n<p>Ein Mobilheim, Chalet oder Wohnwagen ist wie ein zweites Zuhause. Seinen Aufenthalt m\u00f6chte man in einer Umgebung genie\u00dfen, in der man sich wie zu Hause f\u00fchlt. Unser Campingplatz verf\u00fcgt \u00fcber einen Bereich, der speziell f\u00fcr Mobilheime und Chalets reserviert ist und einen Bereich speziell f\u00fcr Wohnwagen. Diese ger\u00e4umigen Stellpl\u00e4tze sind \u00fcber mehrere sch\u00f6ne Wege mit viel Gr\u00fcn zu erreichen.<\/p>\n<p>Der Campingplatz liegt nur wenige Gehminuten vom IJsselmeer und dem charakteristischen Elfsteden-St\u00e4dtchen Stavoren entfernt und ist der ideale Ausgangspunkt, um die (wasser-)reiche Kultur und Natur der friesischen S\u00fcdwesthoek zu entdecken.[\/vc_column_text][\/vc_column][vc_column width=&#8220;1\/2&#8243;][vc_single_image image=&#8220;8924&#8243; img_size=&#8220;full&#8220; css=&#8220;.vc_custom_1728478819614{padding-top: 15px !important;}&#8220;][\/vc_column][\/vc_row][vc_row css=&#8220;.vc_custom_1465391388995{margin-top: 40px !important;padding-right: 10px !important;padding-bottom: 30px !important;padding-left: 10px !important;background-color: #ebeef3 !important;}&#8220;][vc_column width=&#8220;1\/3&#8243;][vc_single_image image=&#8220;8932&#8243; img_size=&#8220;full&#8220; css=&#8220;.vc_custom_1728479082886{padding-top: 15px !important;}&#8220;][\/vc_column][vc_column width=&#8220;2\/3&#8243;][vc_column_text]\n<h2>Einrichtungen<\/h2>\n<ul>\n<li>Gratis WIFI<\/li>\n<li>Gratis Benutzung Sanit\u00e4reinrichtungen<\/li>\n<li>Stromanschluss<\/li>\n<li>Croissanterie<\/li>\n<li>Strandpaviljoen De Potvis<\/li>\n<li>Wassersportgesch\u00e4ft mit kleiner Supermarktabteilung<\/li>\n<li>Spielwiese und Strand<\/li>\n<li>Hallenbad bei der Marina Stavoren (gratis Eintritt)<\/li>\n<li>Spielraum (\u00fcberdeckt) bei der Marina Stavoren<\/li>\n<\/ul>\n[\/vc_column_text][\/vc_column][\/vc_row][vc_row css=&#8220;.vc_custom_1446035548470{margin-top: 60px !important;padding-top: 0px !important;padding-right: 0px !important;padding-bottom: 0px !important;padding-left: 0px !important;}&#8220;][vc_column width=&#8220;1\/3&#8243; css=&#8220;.vc_custom_1446035501897{padding-top: 10px !important;padding-bottom: 30px !important;}&#8220;][vc_cta h2=&#8220;&#8220; h4=&#8220;Preisliste&#8220; txt_align=&#8220;center&#8220; add_button=&#8220;bottom&#8220; btn_title=&#8220;Downloaden&#8220; btn_style=&#8220;outline-custom&#8220; btn_outline_custom_color=&#8220;#201f72&#8243; btn_outline_custom_hover_background=&#8220;#ff5500&#8243; btn_outline_custom_hover_text=&#8220;#ffffff&#8220; btn_align=&#8220;center&#8220; btn_i_icon_fontawesome=&#8220;fas fa-download&#8220; btn_add_icon=&#8220;true&#8220; btn_link=&#8220;url:%2Fwp-content%2Fuploads%2F2021%2F12%2FPrijslijst_Sudermeer_NL.pdf|title:Preisliste|target:_blank|&#8220; css=&#8220;.vc_custom_1728480301031{margin-top: 0px !important;}&#8220;]Download hier die Preisliste[\/vc_cta][\/vc_column][vc_column width=&#8220;2\/3&#8243;][vc_column_text el_class=&#8220;mb-5&#8243; css=&#8220;.vc_custom_1728634339744{padding-bottom: 30px !important;}&#8220;]Die Saison auf unserem Campingplatz l\u00e4uft vom 1. April bis zum 1. November. In dieser Zeit k\u00f6nnen Sie Ihr Mobilheim, Chalet oder Wohnwagen in vollen Z\u00fcgen genie\u00dfen.<\/p>\n<p>Ab dem 1. November geht der Campingplatz in den Winterschlaf und das Wasser wird abgestellt.<\/p>\n<p>Bei einem Mobilheim oder Chalet ist einen Saisonplatz inklusive die \u00dcberwinterung auf dem gemieteten Stellplatz.<br \/>\nWohnwagen k\u00f6nnen auf unserem Campingplatz nicht \u00fcberwintern<\/p>\n<p>Haben Sie Interesse an einem Saisonplatz? Bitte kontaktieren Sie uns telefonisch oder \u00fcber\u00a0<a href=\"mailto:info@marinastavoren.nl\">info@marinastavoren.nl<\/a>\u00a0um die M\u00f6glichkeiten zu besprechen. Sie erreichen uns unter der Telefonnummer +31 (0)88-0504126.[\/vc_column_text][\/vc_column][\/vc_row]\n<\/div>","protected":false},"excerpt":{"rendered":"<p>[vc_row][vc_column][vc_column_text css=&#8220;.vc_custom_1728633651781{margin-bottom: 0px !important;padding-bottom: 0px !important;}&#8220;] Saisonpl\u00e4tze f\u00fcr Mobilheim \/ Chalet \/ Wohnwagen [\/vc_column_text][\/vc_column][\/vc_row][vc_row content_placement=&#8220;middle&#8220; css=&#8220;.vc_custom_1728478976515{margin-top: 0px !important;padding-top: 0px !important;}&#8220;][vc_column [&hellip;]<\/p>\n","protected":false},"author":1,"featured_media":0,"parent":1140,"menu_order":0,"comment_status":"closed","ping_status":"closed","template":"page-templates\/page-left.php","meta":{"footnotes":""},"class_list":["post-8947","page","type-page","status-publish","hentry"],"yoast_head":"<!-- This site is optimized with the Yoast SEO plugin v27.4 - https:\/\/yoast.com\/product\/yoast-seo-wordpress\/ -->\n<title>Saisonpl\u00e4tze f\u00fcr Mobilheim \/ Chalet | Camping Sudermeer<\/title>\n<meta name=\"description\" content=\"Suchen Sie einen Saisonplatz f\u00fcr Ihr Mobilheim oder Chalet in einer gr\u00fcnen und wasserreichen Umgebung? Camping Sudermeer bietet ger\u00e4umige, gr\u00fcne Stellpl\u00e4tze in der N\u00e4he des IJsselmeers und Stavoren. Genie\u00dfen Sie die Ruhe, die Natur und die friesische S\u00fcdwestecke. Saison vom 1. April bis 1. November, einschlie\u00dflich Winterlager. Kontaktieren Sie uns f\u00fcr weitere Informationen!\" \/>\n<meta name=\"robots\" content=\"index, follow, max-snippet:-1, max-image-preview:large, max-video-preview:-1\" \/>\n<link rel=\"canonical\" href=\"https:\/\/www.marinastavoren.nl\/de\/camping-sudermeer\/saisonplaetze-fuer-mobilheim-chalet\/\" \/>\n<meta property=\"og:locale\" content=\"de_DE\" \/>\n<meta property=\"og:type\" content=\"article\" \/>\n<meta property=\"og:title\" content=\"Saisonpl\u00e4tze f\u00fcr Mobilheim \/ Chalet | Camping Sudermeer\" \/>\n<meta property=\"og:description\" content=\"Suchen Sie einen Saisonplatz f\u00fcr Ihr Mobilheim oder Chalet in einer gr\u00fcnen und wasserreichen Umgebung? Camping Sudermeer bietet ger\u00e4umige, gr\u00fcne Stellpl\u00e4tze in der N\u00e4he des IJsselmeers und Stavoren. Genie\u00dfen Sie die Ruhe, die Natur und die friesische S\u00fcdwestecke. Saison vom 1. April bis 1. November, einschlie\u00dflich Winterlager. Kontaktieren Sie uns f\u00fcr weitere Informationen!\" \/>\n<meta property=\"og:url\" content=\"https:\/\/www.marinastavoren.nl\/de\/camping-sudermeer\/saisonplaetze-fuer-mobilheim-chalet\/\" \/>\n<meta property=\"og:site_name\" content=\"Marina Stavoren\" \/>\n<meta property=\"article:publisher\" content=\"https:\/\/www.facebook.com\/marina.stavoren\" \/>\n<meta property=\"article:modified_time\" content=\"2024-10-11T08:10:45+00:00\" \/>\n<meta name=\"twitter:card\" content=\"summary_large_image\" \/>\n<meta name=\"twitter:label1\" content=\"Gesch\u00e4tzte Lesezeit\" \/>\n\t<meta name=\"twitter:data1\" content=\"2\u00a0Minuten\" \/>\n<script type=\"application\/ld+json\" class=\"yoast-schema-graph\">{\"@context\":\"https:\\\/\\\/schema.org\",\"@graph\":[{\"@type\":\"WebPage\",\"@id\":\"https:\\\/\\\/www.marinastavoren.nl\\\/de\\\/camping-sudermeer\\\/saisonplaetze-fuer-mobilheim-chalet\\\/\",\"url\":\"https:\\\/\\\/www.marinastavoren.nl\\\/de\\\/camping-sudermeer\\\/saisonplaetze-fuer-mobilheim-chalet\\\/\",\"name\":\"Saisonpl\u00e4tze f\u00fcr Mobilheim \\\/ Chalet | Camping Sudermeer\",\"isPartOf\":{\"@id\":\"https:\\\/\\\/www.marinastavoren.nl\\\/de\\\/#website\"},\"datePublished\":\"2024-10-09T12:56:39+00:00\",\"dateModified\":\"2024-10-11T08:10:45+00:00\",\"description\":\"Suchen Sie einen Saisonplatz f\u00fcr Ihr Mobilheim oder Chalet in einer gr\u00fcnen und wasserreichen Umgebung? Camping Sudermeer bietet ger\u00e4umige, gr\u00fcne Stellpl\u00e4tze in der N\u00e4he des IJsselmeers und Stavoren. Genie\u00dfen Sie die Ruhe, die Natur und die friesische S\u00fcdwestecke. Saison vom 1. April bis 1. November, einschlie\u00dflich Winterlager. Kontaktieren Sie uns f\u00fcr weitere Informationen!\",\"breadcrumb\":{\"@id\":\"https:\\\/\\\/www.marinastavoren.nl\\\/de\\\/camping-sudermeer\\\/saisonplaetze-fuer-mobilheim-chalet\\\/#breadcrumb\"},\"inLanguage\":\"de\",\"potentialAction\":[{\"@type\":\"ReadAction\",\"target\":[\"https:\\\/\\\/www.marinastavoren.nl\\\/de\\\/camping-sudermeer\\\/saisonplaetze-fuer-mobilheim-chalet\\\/\"]}]},{\"@type\":\"BreadcrumbList\",\"@id\":\"https:\\\/\\\/www.marinastavoren.nl\\\/de\\\/camping-sudermeer\\\/saisonplaetze-fuer-mobilheim-chalet\\\/#breadcrumb\",\"itemListElement\":[{\"@type\":\"ListItem\",\"position\":1,\"name\":\"Home\",\"item\":\"https:\\\/\\\/www.marinastavoren.nl\\\/de\\\/\"},{\"@type\":\"ListItem\",\"position\":2,\"name\":\"Camping S\u00fadermeer\",\"item\":\"https:\\\/\\\/www.marinastavoren.nl\\\/de\\\/camping-sudermeer\\\/\"},{\"@type\":\"ListItem\",\"position\":3,\"name\":\"Saisonpl\u00e4tze f\u00fcr Mobilheim \\\/ Chalet \\\/ Wohnwagen\"}]},{\"@type\":\"WebSite\",\"@id\":\"https:\\\/\\\/www.marinastavoren.nl\\\/de\\\/#website\",\"url\":\"https:\\\/\\\/www.marinastavoren.nl\\\/de\\\/\",\"name\":\"Marina Stavoren\",\"description\":\"Willkommen im Ferienpark der Marina Stavoren\",\"publisher\":{\"@id\":\"https:\\\/\\\/www.marinastavoren.nl\\\/de\\\/#organization\"},\"potentialAction\":[{\"@type\":\"SearchAction\",\"target\":{\"@type\":\"EntryPoint\",\"urlTemplate\":\"https:\\\/\\\/www.marinastavoren.nl\\\/de\\\/?s={search_term_string}\"},\"query-input\":{\"@type\":\"PropertyValueSpecification\",\"valueRequired\":true,\"valueName\":\"search_term_string\"}}],\"inLanguage\":\"de\"},{\"@type\":\"Organization\",\"@id\":\"https:\\\/\\\/www.marinastavoren.nl\\\/de\\\/#organization\",\"name\":\"Marina Stavoren\",\"url\":\"https:\\\/\\\/www.marinastavoren.nl\\\/de\\\/\",\"logo\":{\"@type\":\"ImageObject\",\"inLanguage\":\"de\",\"@id\":\"https:\\\/\\\/www.marinastavoren.nl\\\/de\\\/#\\\/schema\\\/logo\\\/image\\\/\",\"url\":\"https:\\\/\\\/www.marinastavoren.nl\\\/wp-content\\\/uploads\\\/2022\\\/12\\\/logo-marina-stavoren-sticky.png\",\"contentUrl\":\"https:\\\/\\\/www.marinastavoren.nl\\\/wp-content\\\/uploads\\\/2022\\\/12\\\/logo-marina-stavoren-sticky.png\",\"width\":277,\"height\":60,\"caption\":\"Marina Stavoren\"},\"image\":{\"@id\":\"https:\\\/\\\/www.marinastavoren.nl\\\/de\\\/#\\\/schema\\\/logo\\\/image\\\/\"},\"sameAs\":[\"https:\\\/\\\/www.facebook.com\\\/marina.stavoren\",\"https:\\\/\\\/www.instagram.com\\\/marinastavoren\\\/\"]}]}<\/script>\n<!-- \/ Yoast SEO plugin. -->","yoast_head_json":{"title":"Saisonpl\u00e4tze f\u00fcr Mobilheim \/ Chalet | Camping Sudermeer","description":"Suchen Sie einen Saisonplatz f\u00fcr Ihr Mobilheim oder Chalet in einer gr\u00fcnen und wasserreichen Umgebung? Camping Sudermeer bietet ger\u00e4umige, gr\u00fcne Stellpl\u00e4tze in der N\u00e4he des IJsselmeers und Stavoren. Genie\u00dfen Sie die Ruhe, die Natur und die friesische S\u00fcdwestecke. Saison vom 1. April bis 1. November, einschlie\u00dflich Winterlager. Kontaktieren Sie uns f\u00fcr weitere Informationen!","robots":{"index":"index","follow":"follow","max-snippet":"max-snippet:-1","max-image-preview":"max-image-preview:large","max-video-preview":"max-video-preview:-1"},"canonical":"https:\/\/www.marinastavoren.nl\/de\/camping-sudermeer\/saisonplaetze-fuer-mobilheim-chalet\/","og_locale":"de_DE","og_type":"article","og_title":"Saisonpl\u00e4tze f\u00fcr Mobilheim \/ Chalet | Camping Sudermeer","og_description":"Suchen Sie einen Saisonplatz f\u00fcr Ihr Mobilheim oder Chalet in einer gr\u00fcnen und wasserreichen Umgebung? Camping Sudermeer bietet ger\u00e4umige, gr\u00fcne Stellpl\u00e4tze in der N\u00e4he des IJsselmeers und Stavoren. Genie\u00dfen Sie die Ruhe, die Natur und die friesische S\u00fcdwestecke. Saison vom 1. April bis 1. November, einschlie\u00dflich Winterlager. Kontaktieren Sie uns f\u00fcr weitere Informationen!","og_url":"https:\/\/www.marinastavoren.nl\/de\/camping-sudermeer\/saisonplaetze-fuer-mobilheim-chalet\/","og_site_name":"Marina Stavoren","article_publisher":"https:\/\/www.facebook.com\/marina.stavoren","article_modified_time":"2024-10-11T08:10:45+00:00","twitter_card":"summary_large_image","twitter_misc":{"Gesch\u00e4tzte Lesezeit":"2\u00a0Minuten"},"schema":{"@context":"https:\/\/schema.org","@graph":[{"@type":"WebPage","@id":"https:\/\/www.marinastavoren.nl\/de\/camping-sudermeer\/saisonplaetze-fuer-mobilheim-chalet\/","url":"https:\/\/www.marinastavoren.nl\/de\/camping-sudermeer\/saisonplaetze-fuer-mobilheim-chalet\/","name":"Saisonpl\u00e4tze f\u00fcr Mobilheim \/ Chalet | Camping Sudermeer","isPartOf":{"@id":"https:\/\/www.marinastavoren.nl\/de\/#website"},"datePublished":"2024-10-09T12:56:39+00:00","dateModified":"2024-10-11T08:10:45+00:00","description":"Suchen Sie einen Saisonplatz f\u00fcr Ihr Mobilheim oder Chalet in einer gr\u00fcnen und wasserreichen Umgebung? Camping Sudermeer bietet ger\u00e4umige, gr\u00fcne Stellpl\u00e4tze in der N\u00e4he des IJsselmeers und Stavoren. Genie\u00dfen Sie die Ruhe, die Natur und die friesische S\u00fcdwestecke. Saison vom 1. April bis 1. November, einschlie\u00dflich Winterlager. Kontaktieren Sie uns f\u00fcr weitere Informationen!","breadcrumb":{"@id":"https:\/\/www.marinastavoren.nl\/de\/camping-sudermeer\/saisonplaetze-fuer-mobilheim-chalet\/#breadcrumb"},"inLanguage":"de","potentialAction":[{"@type":"ReadAction","target":["https:\/\/www.marinastavoren.nl\/de\/camping-sudermeer\/saisonplaetze-fuer-mobilheim-chalet\/"]}]},{"@type":"BreadcrumbList","@id":"https:\/\/www.marinastavoren.nl\/de\/camping-sudermeer\/saisonplaetze-fuer-mobilheim-chalet\/#breadcrumb","itemListElement":[{"@type":"ListItem","position":1,"name":"Home","item":"https:\/\/www.marinastavoren.nl\/de\/"},{"@type":"ListItem","position":2,"name":"Camping S\u00fadermeer","item":"https:\/\/www.marinastavoren.nl\/de\/camping-sudermeer\/"},{"@type":"ListItem","position":3,"name":"Saisonpl\u00e4tze f\u00fcr Mobilheim \/ Chalet \/ Wohnwagen"}]},{"@type":"WebSite","@id":"https:\/\/www.marinastavoren.nl\/de\/#website","url":"https:\/\/www.marinastavoren.nl\/de\/","name":"Marina Stavoren","description":"Willkommen im Ferienpark der Marina Stavoren","publisher":{"@id":"https:\/\/www.marinastavoren.nl\/de\/#organization"},"potentialAction":[{"@type":"SearchAction","target":{"@type":"EntryPoint","urlTemplate":"https:\/\/www.marinastavoren.nl\/de\/?s={search_term_string}"},"query-input":{"@type":"PropertyValueSpecification","valueRequired":true,"valueName":"search_term_string"}}],"inLanguage":"de"},{"@type":"Organization","@id":"https:\/\/www.marinastavoren.nl\/de\/#organization","name":"Marina Stavoren","url":"https:\/\/www.marinastavoren.nl\/de\/","logo":{"@type":"ImageObject","inLanguage":"de","@id":"https:\/\/www.marinastavoren.nl\/de\/#\/schema\/logo\/image\/","url":"https:\/\/www.marinastavoren.nl\/wp-content\/uploads\/2022\/12\/logo-marina-stavoren-sticky.png","contentUrl":"https:\/\/www.marinastavoren.nl\/wp-content\/uploads\/2022\/12\/logo-marina-stavoren-sticky.png","width":277,"height":60,"caption":"Marina Stavoren"},"image":{"@id":"https:\/\/www.marinastavoren.nl\/de\/#\/schema\/logo\/image\/"},"sameAs":["https:\/\/www.facebook.com\/marina.stavoren","https:\/\/www.instagram.com\/marinastavoren\/"]}]}},"_links":{"self":[{"href":"https:\/\/www.marinastavoren.nl\/de\/wp-json\/wp\/v2\/pages\/8947","targetHints":{"allow":["GET"]}}],"collection":[{"href":"https:\/\/www.marinastavoren.nl\/de\/wp-json\/wp\/v2\/pages"}],"about":[{"href":"https:\/\/www.marinastavoren.nl\/de\/wp-json\/wp\/v2\/types\/page"}],"author":[{"embeddable":true,"href":"https:\/\/www.marinastavoren.nl\/de\/wp-json\/wp\/v2\/users\/1"}],"replies":[{"embeddable":true,"href":"https:\/\/www.marinastavoren.nl\/de\/wp-json\/wp\/v2\/comments?post=8947"}],"version-history":[{"count":10,"href":"https:\/\/www.marinastavoren.nl\/de\/wp-json\/wp\/v2\/pages\/8947\/revisions"}],"predecessor-version":[{"id":9024,"href":"https:\/\/www.marinastavoren.nl\/de\/wp-json\/wp\/v2\/pages\/8947\/revisions\/9024"}],"up":[{"embeddable":true,"href":"https:\/\/www.marinastavoren.nl\/de\/wp-json\/wp\/v2\/pages\/1140"}],"wp:attachment":[{"href":"https:\/\/www.marinastavoren.nl\/de\/wp-json\/wp\/v2\/media?parent=8947"}],"curies":[{"name":"wp","href":"https:\/\/api.w.org\/{rel}","templated":true}]}}