{"id":3635,"date":"2023-05-11T10:16:39","date_gmt":"2023-05-11T08:16:39","guid":{"rendered":"https:\/\/www.marinastavoren.nl\/havenfeest\/"},"modified":"2025-05-27T13:22:34","modified_gmt":"2025-05-27T11:22:34","slug":"hafenfest","status":"publish","type":"page","link":"https:\/\/www.marinastavoren.nl\/de\/hafenfest\/","title":{"rendered":"Hafenfest"},"content":{"rendered":"<div class=\"wpb-content-wrapper\">[vc_row css=&#8220;.vc_custom_1447324401018{padding-bottom: 30px !important;}&#8220;][vc_column width=&#8220;1\/2&#8243;][vc_column_text css=&#8220;.vc_custom_1748344947594{padding-top: 0px !important;padding-bottom: 0px !important;}&#8220;]Es ist wieder so weit: das Sommerfest, auf das sich alle freuen! Am Samstag, den 28. Juni, verwandeln wir den Innengarten im Jachthafen Hindeloopen wieder in eine lebhafte Kulisse f\u00fcr unser j\u00e4hrliches Happy Harbour Sommerfest. Zu unserem Sommerfest sind Sie als Festlieger der Marina Stavoren und vom Marina Stavoren Buitenhaven und als Standplatzinhaber vom Camping S\u00fadermeer herzlich eingeladen. Im zentralen Jachthaven Hindeloopen kann unsere Veranstaltung sowohl bei gutem als auch bei schlechtem Wetter stattfinden.<\/p>\n<p>Freuen Sie sich auf einen Nachmittag und Abend mit einer fantastischen Atmosph\u00e4re, Geselligkeit, gutem Essen und Musik zum Tr\u00e4umen. Dieses Jahr werden wir in die warme, sommerliche Atmosph\u00e4re Italiens eintauchen. Denken Sie an den Duft von frischer Pasta, ein gutes Glas Wein und Musik, die Sie an die italienische K\u00fcste entf\u00fchrt. W\u00e4hrend der Veranstaltung sind mehrere Food Trucks anwesend und die Bar ist ge\u00f6ffnet. Hier bekommen Sie (gegen Bezahlung) die notwendigen Erfrischungen und k\u00f6nnen Sie Ihr Abendessen mit dem musikalischen Abend verbinden.<\/p>\n<h4>Anfang 17.00 Uhr<\/h4>\n<p>Gern begr\u00fc\u00dfen wir Sie ab 17.00 Uhr mit einem Gl\u00e4schen Sekt in der Lounge im Jachthaven Hindeloopen. Von dort aus erreichen Sie den Veranstaltungsbereich im Innengarten. Hier k\u00f6nnen Jung und Alt in italienisches Flair eintauchen.<\/p>\n<h4>Musikalischer H\u00f6hepunkt: Alexander Broussard &amp; Friends<\/h4>\n<p>Ab 19.30 Uhr nimmt uns Alexander Broussard mit seiner Show \u201aLe Canzoni Italiane\u2018 mit auf eine unvergessliche Reise durch die italienische Popmusik. Alexander Broussard ist kein Unbekannter f\u00fcr uns, er war bereits mit seiner beeindruckenden Pianoman-Show bei uns. Es erwartet Sie eine Show voller Leidenschaft und Emotionen mit Liedern von Gr\u00f6\u00dfen wie Ramazzotti, Bocelli, Zucchero und\u00a0Pavarotti. Mitrei\u00dfende Balladen bis hin zu swingenden Klassikern &#8211; alles ist dabei!<\/p>\n<h4>Anmelden<\/h4>\n<p>F\u00fcr unsere Planung wissen wir gerne, wie viele G\u00e4ste wir erwarten k\u00f6nnen. Darum bitten wir Sie, sich anzumelden.<br \/>\nMan kann sich bis zum 21. Juni d. J. \u00fcber den nachstehenden Link (Anmelden) anmelden. Oder Sie schauen im Hafenb\u00fcro vorbei und melden sich dort an.<\/p>\n<h4>Liegeplatz und Transport<\/h4>\n<p>Festlieger der Marina Stavoren und aus dem Marina Stavoren Buitenhaven k\u00f6nnen in der Nacht von Samstag auf Sonntag gratis mit ihrem Schiff im Jachthaven Hindeloopen \u00fcbernachten, ohne dass Sie hierf\u00fcr von der SkipsMaritiem Membership Card Gebrauch machen. Reservieren Sie rechtzeitig beim Hafenmeister vom Jachthaven Hindeloopen einen Liegeplatz, so k\u00f6nnen Sie sicher sein, dass Sie einen Liegeplatz bekommen. Wollen Sie selbst mit dem Auto kommen? Es gibt ausreichend Parkpl\u00e4tze. Kein Transport? Auch kein Problem, wir bieten Transport nach Hindeloopen an. Wenn Sie hiervon Gebrauch machen m\u00f6chten, dann geben Sie dies bitte bei Ihrer Anmeldung an.<\/p>\n<p>Die genauen Details zu Abfahrtszeiten und Haltestellen erhalten Sie dann zu gegebener Zeit von uns pers\u00f6nlich. Ihre R\u00fcckfahrt organisieren Sie bitte selbst, die damit verbundenen Kosten gehen zu Ihren Lasten. Wir empfehlen Ihnen, sich daf\u00fcr an Taxi Bosman zu wenden.<\/p>\n<p>Wir freuen uns auf einen fantastischen Abend![\/vc_column_text][\/vc_column][vc_column width=&#8220;1\/2&#8243; css=&#8220;.vc_custom_1447324391939{padding-top: 0px !important;}&#8220;][vc_column_text css=&#8220;.vc_custom_1715002179746{padding-top: 0px !important;padding-bottom: 0px !important;}&#8220;]\n<h2>Anmelden<\/h2>\n<p>Bitte ausf\u00fcllen[\/vc_column_text]\n<div class=\"wpcf7 no-js\" id=\"wpcf7-f3639-o1\" lang=\"de-DE\" dir=\"ltr\" data-wpcf7-id=\"3639\">\n<div class=\"screen-reader-response\"><p role=\"status\" aria-live=\"polite\" aria-atomic=\"true\"><\/p> <ul><\/ul><\/div>\n<form action=\"\/de\/wp-json\/wp\/v2\/pages\/3635#wpcf7-f3639-o1\" method=\"post\" class=\"wpcf7-form init\" aria-label=\"Kontaktformular\" novalidate=\"novalidate\" data-status=\"init\">\n<fieldset class=\"hidden-fields-container\"><input type=\"hidden\" name=\"_wpcf7\" value=\"3639\" \/><input type=\"hidden\" name=\"_wpcf7_version\" value=\"6.1.5\" \/><input type=\"hidden\" name=\"_wpcf7_locale\" value=\"de_DE\" \/><input type=\"hidden\" name=\"_wpcf7_unit_tag\" value=\"wpcf7-f3639-o1\" \/><input type=\"hidden\" name=\"_wpcf7_container_post\" value=\"0\" \/><input type=\"hidden\" name=\"_wpcf7_posted_data_hash\" value=\"\" \/>\n<\/fieldset>\n<div class=\"wpcf7-turnstile cf-turnstile\" data-sitekey=\"0x4AAAAAABt1S1d4mW3UXUVT\" data-response-field-name=\"_wpcf7_turnstile_response\"><\/div>\n\n<p>Heimathafen (verpflichtet):\n<\/p>\n<p><span class=\"wpcf7-form-control-wrap\" data-name=\"thuishavenhaven\"><select class=\"wpcf7-form-control wpcf7-select wpcf7-validates-as-required\" aria-required=\"true\" aria-invalid=\"false\" name=\"thuishavenhaven\"><option value=\"\">&#8211; Bitte ausw\u00e4hlen &#8211;<\/option><option value=\"Marina Stavoren\">Marina Stavoren<\/option><option value=\"Marina Stavoren Buitenhaven\">Marina Stavoren Buitenhaven<\/option><option value=\"Jachthaven Friese Hoek\">Jachthaven Friese Hoek<\/option><option value=\"Camping S\u00fadermeer\">Camping S\u00fadermeer<\/option><option value=\"Jachthaven Hindeloopen\">Jachthaven Hindeloopen<\/option><\/select><\/span>\n<\/p>\n<p>Boxnummer\/Standplatznummer (verpflichtet):\n<\/p>\n<p><span class=\"wpcf7-form-control-wrap\" data-name=\"bootnaam\"><input size=\"40\" maxlength=\"400\" class=\"wpcf7-form-control wpcf7-text wpcf7-validates-as-required\" aria-required=\"true\" aria-invalid=\"false\" value=\"\" type=\"text\" name=\"bootnaam\" \/><\/span>\n<\/p>\n<p>Name:\n<\/p>\n<p><span class=\"wpcf7-form-control-wrap\" data-name=\"your-name\"><input size=\"40\" maxlength=\"400\" class=\"wpcf7-form-control wpcf7-text\" aria-invalid=\"false\" value=\"\" type=\"text\" name=\"your-name\" \/><\/span>\n<\/p>\n<p>E-Mailadresse (verpflichtet):\n<\/p>\n<p><span class=\"wpcf7-form-control-wrap\" data-name=\"your-email\"><input size=\"40\" maxlength=\"400\" class=\"wpcf7-form-control wpcf7-email wpcf7-validates-as-required wpcf7-text wpcf7-validates-as-email\" aria-required=\"true\" aria-invalid=\"false\" value=\"\" type=\"email\" name=\"your-email\" \/><\/span>\n<\/p>\n<p>Anzahl Personen (verpflichtet)\n<\/p>\n<p><span class=\"wpcf7-form-control-wrap\" data-name=\"aantal_personen\"><select class=\"wpcf7-form-control wpcf7-select\" aria-invalid=\"false\" name=\"aantal_personen\"><option value=\"1\">1<\/option><option value=\"2\">2<\/option><option value=\"3\">3<\/option><option value=\"4\">4<\/option><option value=\"5\">5<\/option><option value=\"6\">6<\/option><\/select><\/span>\n<\/p>\n<p>Anzahl Personen unter 18 Jahren\n<\/p>\n<p><span class=\"wpcf7-form-control-wrap\" data-name=\"aantal_personen_jong\"><select class=\"wpcf7-form-control wpcf7-select\" aria-invalid=\"false\" name=\"aantal_personen_jong\"><option value=\"0\">0<\/option><option value=\"1\">1<\/option><option value=\"2\">2<\/option><option value=\"3\">3<\/option><option value=\"4\">4<\/option><option value=\"5\">5<\/option><option value=\"6\">6<\/option><\/select><\/span>\n<\/p>\n<p><span class=\"wpcf7-form-control-wrap\" data-name=\"radio-waar\"><span class=\"wpcf7-form-control wpcf7-radio\"><span class=\"wpcf7-list-item first\"><label><input type=\"radio\" name=\"radio-waar\" value=\"Wir wollen keinen organisierten Transport nutzen\" checked=\"checked\" \/><span class=\"wpcf7-list-item-label\">Wir wollen keinen organisierten Transport nutzen<\/span><\/label><\/span><span class=\"wpcf7-list-item last\"><label><input type=\"radio\" name=\"radio-waar\" value=\"Wir w\u00fcnschen einen organisierten Transport nach Hindeloopen\" \/><span class=\"wpcf7-list-item-label\">Wir w\u00fcnschen einen organisierten Transport nach Hindeloopen<\/span><\/label><\/span><\/span><\/span>\n<\/p>\n<p>Wenn Sie den Shuttle-Bus benutzen m\u00f6chten, wo m\u00f6chten Sie einsteigen?\n<\/p>\n<p><span class=\"wpcf7-form-control-wrap\" data-name=\"opstapplaats\"><select class=\"wpcf7-form-control wpcf7-select\" aria-invalid=\"false\" name=\"opstapplaats\"><option value=\"\"><\/option><option value=\"Marina Stavoren Buitenhaven\">Marina Stavoren Buitenhaven<\/option><option value=\"Camping S\u00fadermeer\">Camping S\u00fadermeer<\/option><option value=\"Marina Stavoren Binnenhaven\">Marina Stavoren Binnenhaven<\/option><\/select><\/span>\n<\/p>\n<div class=\"row\">\n\t<div class=\"col-sm-8\">\n\t<\/div>\n\t<div class=\"col-sm-4\">\n\t<\/div>\n<\/div>\n<p><input class=\"wpcf7-form-control wpcf7-submit has-spinner\" type=\"submit\" value=\"Best\u00e4tigen\" \/>\n<\/p><div class=\"wpcf7-response-output\" aria-hidden=\"true\"><\/div>\n<\/form>\n<\/div>\n[\/vc_column][\/vc_row]\n<\/div>","protected":false},"excerpt":{"rendered":"<p>[vc_row css=&#8220;.vc_custom_1447324401018{padding-bottom: 30px !important;}&#8220;][vc_column width=&#8220;1\/2&#8243;][vc_column_text css=&#8220;.vc_custom_1748344947594{padding-top: 0px !important;padding-bottom: 0px !important;}&#8220;]Es ist wieder so weit: das Sommerfest, auf das sich alle [&hellip;]<\/p>\n","protected":false},"author":1,"featured_media":0,"parent":0,"menu_order":0,"comment_status":"closed","ping_status":"closed","template":"","meta":{"footnotes":""},"class_list":["post-3635","page","type-page","status-publish","hentry"],"yoast_head":"<!-- This site is optimized with the Yoast SEO plugin v27.5 - https:\/\/yoast.com\/product\/yoast-seo-wordpress\/ -->\n<title>Hafenfest SkipsMaritiem | marinastavoren.nl<\/title>\n<meta name=\"description\" content=\"Onze gasten op en top laten genieten van de watersport. Dat is waar Happy Harbour bij Marina Stavoren en SkipsMaritiem voor staat.\" \/>\n<meta name=\"robots\" content=\"index, follow, max-snippet:-1, max-image-preview:large, max-video-preview:-1\" \/>\n<link rel=\"canonical\" href=\"https:\/\/www.marinastavoren.nl\/de\/hafenfest\/\" \/>\n<meta property=\"og:locale\" content=\"de_DE\" \/>\n<meta property=\"og:type\" content=\"article\" \/>\n<meta property=\"og:title\" content=\"Hafenfest SkipsMaritiem | marinastavoren.nl\" \/>\n<meta property=\"og:description\" content=\"Onze gasten op en top laten genieten van de watersport. Dat is waar Happy Harbour bij Marina Stavoren en SkipsMaritiem voor staat.\" \/>\n<meta property=\"og:url\" content=\"https:\/\/www.marinastavoren.nl\/de\/hafenfest\/\" \/>\n<meta property=\"og:site_name\" content=\"Marina Stavoren\" \/>\n<meta property=\"article:publisher\" content=\"https:\/\/www.facebook.com\/marina.stavoren\" \/>\n<meta property=\"article:modified_time\" content=\"2025-05-27T11:22:34+00:00\" \/>\n<meta name=\"twitter:card\" content=\"summary_large_image\" \/>\n<meta name=\"twitter:label1\" content=\"Gesch\u00e4tzte Lesezeit\" \/>\n\t<meta name=\"twitter:data1\" content=\"3\u00a0Minuten\" \/>\n<script type=\"application\/ld+json\" class=\"yoast-schema-graph\">{\"@context\":\"https:\\\/\\\/schema.org\",\"@graph\":[{\"@type\":\"WebPage\",\"@id\":\"https:\\\/\\\/www.marinastavoren.nl\\\/de\\\/hafenfest\\\/\",\"url\":\"https:\\\/\\\/www.marinastavoren.nl\\\/de\\\/hafenfest\\\/\",\"name\":\"Hafenfest SkipsMaritiem | marinastavoren.nl\",\"isPartOf\":{\"@id\":\"https:\\\/\\\/www.marinastavoren.nl\\\/de\\\/#website\"},\"datePublished\":\"2023-05-11T08:16:39+00:00\",\"dateModified\":\"2025-05-27T11:22:34+00:00\",\"description\":\"Onze gasten op en top laten genieten van de watersport. Dat is waar Happy Harbour bij Marina Stavoren en SkipsMaritiem voor staat.\",\"breadcrumb\":{\"@id\":\"https:\\\/\\\/www.marinastavoren.nl\\\/de\\\/hafenfest\\\/#breadcrumb\"},\"inLanguage\":\"de\",\"potentialAction\":[{\"@type\":\"ReadAction\",\"target\":[\"https:\\\/\\\/www.marinastavoren.nl\\\/de\\\/hafenfest\\\/\"]}]},{\"@type\":\"BreadcrumbList\",\"@id\":\"https:\\\/\\\/www.marinastavoren.nl\\\/de\\\/hafenfest\\\/#breadcrumb\",\"itemListElement\":[{\"@type\":\"ListItem\",\"position\":1,\"name\":\"Home\",\"item\":\"https:\\\/\\\/www.marinastavoren.nl\\\/de\\\/\"},{\"@type\":\"ListItem\",\"position\":2,\"name\":\"Hafenfest\"}]},{\"@type\":\"WebSite\",\"@id\":\"https:\\\/\\\/www.marinastavoren.nl\\\/de\\\/#website\",\"url\":\"https:\\\/\\\/www.marinastavoren.nl\\\/de\\\/\",\"name\":\"Marina Stavoren\",\"description\":\"Willkommen im Ferienpark der Marina Stavoren\",\"publisher\":{\"@id\":\"https:\\\/\\\/www.marinastavoren.nl\\\/de\\\/#organization\"},\"potentialAction\":[{\"@type\":\"SearchAction\",\"target\":{\"@type\":\"EntryPoint\",\"urlTemplate\":\"https:\\\/\\\/www.marinastavoren.nl\\\/de\\\/?s={search_term_string}\"},\"query-input\":{\"@type\":\"PropertyValueSpecification\",\"valueRequired\":true,\"valueName\":\"search_term_string\"}}],\"inLanguage\":\"de\"},{\"@type\":\"Organization\",\"@id\":\"https:\\\/\\\/www.marinastavoren.nl\\\/de\\\/#organization\",\"name\":\"Marina Stavoren\",\"url\":\"https:\\\/\\\/www.marinastavoren.nl\\\/de\\\/\",\"logo\":{\"@type\":\"ImageObject\",\"inLanguage\":\"de\",\"@id\":\"https:\\\/\\\/www.marinastavoren.nl\\\/de\\\/#\\\/schema\\\/logo\\\/image\\\/\",\"url\":\"https:\\\/\\\/www.marinastavoren.nl\\\/wp-content\\\/uploads\\\/2022\\\/12\\\/logo-marina-stavoren-sticky.png\",\"contentUrl\":\"https:\\\/\\\/www.marinastavoren.nl\\\/wp-content\\\/uploads\\\/2022\\\/12\\\/logo-marina-stavoren-sticky.png\",\"width\":277,\"height\":60,\"caption\":\"Marina Stavoren\"},\"image\":{\"@id\":\"https:\\\/\\\/www.marinastavoren.nl\\\/de\\\/#\\\/schema\\\/logo\\\/image\\\/\"},\"sameAs\":[\"https:\\\/\\\/www.facebook.com\\\/marina.stavoren\",\"https:\\\/\\\/www.instagram.com\\\/marinastavoren\\\/\"]}]}<\/script>\n<!-- \/ Yoast SEO plugin. -->","yoast_head_json":{"title":"Hafenfest SkipsMaritiem | marinastavoren.nl","description":"Onze gasten op en top laten genieten van de watersport. Dat is waar Happy Harbour bij Marina Stavoren en SkipsMaritiem voor staat.","robots":{"index":"index","follow":"follow","max-snippet":"max-snippet:-1","max-image-preview":"max-image-preview:large","max-video-preview":"max-video-preview:-1"},"canonical":"https:\/\/www.marinastavoren.nl\/de\/hafenfest\/","og_locale":"de_DE","og_type":"article","og_title":"Hafenfest SkipsMaritiem | marinastavoren.nl","og_description":"Onze gasten op en top laten genieten van de watersport. Dat is waar Happy Harbour bij Marina Stavoren en SkipsMaritiem voor staat.","og_url":"https:\/\/www.marinastavoren.nl\/de\/hafenfest\/","og_site_name":"Marina Stavoren","article_publisher":"https:\/\/www.facebook.com\/marina.stavoren","article_modified_time":"2025-05-27T11:22:34+00:00","twitter_card":"summary_large_image","twitter_misc":{"Gesch\u00e4tzte Lesezeit":"3\u00a0Minuten"},"schema":{"@context":"https:\/\/schema.org","@graph":[{"@type":"WebPage","@id":"https:\/\/www.marinastavoren.nl\/de\/hafenfest\/","url":"https:\/\/www.marinastavoren.nl\/de\/hafenfest\/","name":"Hafenfest SkipsMaritiem | marinastavoren.nl","isPartOf":{"@id":"https:\/\/www.marinastavoren.nl\/de\/#website"},"datePublished":"2023-05-11T08:16:39+00:00","dateModified":"2025-05-27T11:22:34+00:00","description":"Onze gasten op en top laten genieten van de watersport. Dat is waar Happy Harbour bij Marina Stavoren en SkipsMaritiem voor staat.","breadcrumb":{"@id":"https:\/\/www.marinastavoren.nl\/de\/hafenfest\/#breadcrumb"},"inLanguage":"de","potentialAction":[{"@type":"ReadAction","target":["https:\/\/www.marinastavoren.nl\/de\/hafenfest\/"]}]},{"@type":"BreadcrumbList","@id":"https:\/\/www.marinastavoren.nl\/de\/hafenfest\/#breadcrumb","itemListElement":[{"@type":"ListItem","position":1,"name":"Home","item":"https:\/\/www.marinastavoren.nl\/de\/"},{"@type":"ListItem","position":2,"name":"Hafenfest"}]},{"@type":"WebSite","@id":"https:\/\/www.marinastavoren.nl\/de\/#website","url":"https:\/\/www.marinastavoren.nl\/de\/","name":"Marina Stavoren","description":"Willkommen im Ferienpark der Marina Stavoren","publisher":{"@id":"https:\/\/www.marinastavoren.nl\/de\/#organization"},"potentialAction":[{"@type":"SearchAction","target":{"@type":"EntryPoint","urlTemplate":"https:\/\/www.marinastavoren.nl\/de\/?s={search_term_string}"},"query-input":{"@type":"PropertyValueSpecification","valueRequired":true,"valueName":"search_term_string"}}],"inLanguage":"de"},{"@type":"Organization","@id":"https:\/\/www.marinastavoren.nl\/de\/#organization","name":"Marina Stavoren","url":"https:\/\/www.marinastavoren.nl\/de\/","logo":{"@type":"ImageObject","inLanguage":"de","@id":"https:\/\/www.marinastavoren.nl\/de\/#\/schema\/logo\/image\/","url":"https:\/\/www.marinastavoren.nl\/wp-content\/uploads\/2022\/12\/logo-marina-stavoren-sticky.png","contentUrl":"https:\/\/www.marinastavoren.nl\/wp-content\/uploads\/2022\/12\/logo-marina-stavoren-sticky.png","width":277,"height":60,"caption":"Marina Stavoren"},"image":{"@id":"https:\/\/www.marinastavoren.nl\/de\/#\/schema\/logo\/image\/"},"sameAs":["https:\/\/www.facebook.com\/marina.stavoren","https:\/\/www.instagram.com\/marinastavoren\/"]}]}},"_links":{"self":[{"href":"https:\/\/www.marinastavoren.nl\/de\/wp-json\/wp\/v2\/pages\/3635","targetHints":{"allow":["GET"]}}],"collection":[{"href":"https:\/\/www.marinastavoren.nl\/de\/wp-json\/wp\/v2\/pages"}],"about":[{"href":"https:\/\/www.marinastavoren.nl\/de\/wp-json\/wp\/v2\/types\/page"}],"author":[{"embeddable":true,"href":"https:\/\/www.marinastavoren.nl\/de\/wp-json\/wp\/v2\/users\/1"}],"replies":[{"embeddable":true,"href":"https:\/\/www.marinastavoren.nl\/de\/wp-json\/wp\/v2\/comments?post=3635"}],"version-history":[{"count":18,"href":"https:\/\/www.marinastavoren.nl\/de\/wp-json\/wp\/v2\/pages\/3635\/revisions"}],"predecessor-version":[{"id":21888,"href":"https:\/\/www.marinastavoren.nl\/de\/wp-json\/wp\/v2\/pages\/3635\/revisions\/21888"}],"wp:attachment":[{"href":"https:\/\/www.marinastavoren.nl\/de\/wp-json\/wp\/v2\/media?parent=3635"}],"curies":[{"name":"wp","href":"https:\/\/api.w.org\/{rel}","templated":true}]}}