{"id":3403,"date":"2023-03-22T12:20:11","date_gmt":"2023-03-22T10:20:11","guid":{"rendered":"https:\/\/www.marinastavoren.nl\/formulier\/"},"modified":"2024-04-03T16:34:50","modified_gmt":"2024-04-03T14:34:50","slug":"formular","status":"publish","type":"page","link":"https:\/\/www.marinastavoren.nl\/de\/formular\/","title":{"rendered":"formular"},"content":{"rendered":"<div class=\"wpb-content-wrapper\">[vc_row css=&#8220;.vc_custom_1680531159064{margin-top: 0px !important;margin-bottom: 0px !important;padding-top: 0px !important;padding-bottom: 0px !important;}&#8220;][vc_column][vc_column_text]\n<h3>Bestellformular Br\u00f6tchen<\/h3>\n<p><strong>Br\u00f6tchen vorbestellen \u00a0ist derzeit nicht m\u00f6glich.<\/strong><\/p>\n<p>An Wochenenden, in den Ferien und an Feiertagen ist unsere Croissanterie im Marina Stavoren Buitenhaven ge\u00f6ffnet. Hier k\u00f6nnen Sie frische Br\u00f6tchen, S\u00fc\u00dfigkeiten, Orangensaft und Kaffee kaufen und mi tan Bord nemen. Es gibt auch die M\u00f6glichkeit, in der Croissanterie zu fr\u00fcst\u00fccken.<\/p>\n<p>Die aktuellen \u00d6ffnungszeiten finden Sie in der SkipsMaritiem-App.<\/p>\n<p>Sie k\u00f6nnen Ihre Br\u00f6tchenbestellung auch w\u00e4hrend der \u00d6ffnungszeiten der Hafenb\u00fcros an der Rezeption aufgeben, die Br\u00f6tchen liegen dort am n\u00e4chsten Morgen f\u00fcr Sie bereit.<\/p>\n<p>Ist die Croissanterie geschlossen? Der Plus-Supermarkt im Zentrum von Stavoren hat auch eine gro\u00dfe Brotabteilung. Ein Fahrrad kann an der Rezeption ausgeliehen werden.[\/vc_column_text][\/vc_column][\/vc_row][vc_row disable_element=&#8220;yes&#8220; css=&#8220;.vc_custom_1712154886931{margin-top: 0px !important;margin-bottom: 0px !important;padding-top: 0px !important;padding-bottom: 0px !important;}&#8220; el_class=&#8220;display_none&#8220;][vc_column][vc_column_text]\n<h3>Bestellformular Br\u00f6tchen<\/h3>\n<p><strong>Br\u00f6tchen vorbestellen \u00a0ist derzeit nicht m\u00f6glich.<\/strong><\/p>\n<p>Lust auf frische Br\u00f6tchen zum Fr\u00fchst\u00fcck? An den Wochenenden, an Feiertagen und in den Sommerferien ist unsere Croissanterie im Hafen ge\u00f6ffnet. Dort haben wir ein gro\u00dfes Angebot f\u00fcr Sie. An den Tagen, an denen die Croissanterie geschlossen ist, verweisen wir Sie auf den PLUS Supermarkt im Ort. Beim Hafenmeister k\u00f6nnen Sie eventuell kurz ein Fahrrad leihen. \u00dcber unsere App k\u00f6nnen Sie sowieso die ganze Woche \u00fcber Br\u00f6tchen bestellen <strong>bis zum 16:30 Uhr.<\/strong>[\/vc_column_text][vc_raw_html]JTNDaWZyYW1lJTIwc3JjJTNEJTIyaHR0cHMlM0ElMkYlMkZ5YWNodHNlcnZpY2VyZWZpdC5ubCUyRmVmb3JtcyUyRmJyb29kamVzLXNlcnZpY2UtbWFyaW5hLXN0YXZvcmVuLWR1aXRzJTJGOSUyRiUyMiUyMHdpZHRoJTNEJTIyMzYwJTIyJTIwaGVpZ2h0JTNEJTIyMjA2MCUyMiUyMHN0eWxlJTNEJTIyd2lkdGglM0ElMjAzNjBweCUzQiUyMGhlaWdodCUzQSUyMDIwNjBweCUzQiUyMGJvcmRlciUzQSUyMDAlMjBub25lJTNCJTIwb3ZlcmZsb3cteSUzQSUyMGF1dG8lM0IlMjIlMjBmcmFtZWJvcmRlciUzRCUyMjAlMjIlM0UlMjZuYnNwJTNCJTNDJTJGaWZyYW1lJTNF[\/vc_raw_html][\/vc_column][\/vc_row]\n<\/div>","protected":false},"excerpt":{"rendered":"<p>[vc_row css=&#8220;.vc_custom_1680531159064{margin-top: 0px !important;margin-bottom: 0px !important;padding-top: 0px !important;padding-bottom: 0px !important;}&#8220;][vc_column][vc_column_text] Bestellformular Br\u00f6tchen Br\u00f6tchen vorbestellen \u00a0ist derzeit nicht m\u00f6glich. An Wochenenden, [&hellip;]<\/p>\n","protected":false},"author":1,"featured_media":0,"parent":0,"menu_order":0,"comment_status":"closed","ping_status":"closed","template":"","meta":{"footnotes":""},"class_list":["post-3403","page","type-page","status-publish","hentry"],"yoast_head":"<!-- This site is optimized with the Yoast SEO plugin v27.5 - https:\/\/yoast.com\/product\/yoast-seo-wordpress\/ -->\n<title>formular - Marina Stavoren<\/title>\n<meta name=\"robots\" content=\"index, follow, max-snippet:-1, max-image-preview:large, max-video-preview:-1\" \/>\n<link rel=\"canonical\" href=\"https:\/\/www.marinastavoren.nl\/de\/formular\/\" \/>\n<meta property=\"og:locale\" content=\"de_DE\" \/>\n<meta property=\"og:type\" content=\"article\" \/>\n<meta property=\"og:title\" content=\"formular - Marina Stavoren\" \/>\n<meta property=\"og:description\" content=\"[vc_row css=&#8220;.vc_custom_1680531159064{margin-top: 0px !important;margin-bottom: 0px !important;padding-top: 0px !important;padding-bottom: 0px !important;}&#8220;][vc_column][vc_column_text] Bestellformular Br\u00f6tchen Br\u00f6tchen vorbestellen \u00a0ist derzeit nicht m\u00f6glich. An Wochenenden, [&hellip;]\" \/>\n<meta property=\"og:url\" content=\"https:\/\/www.marinastavoren.nl\/de\/formular\/\" \/>\n<meta property=\"og:site_name\" content=\"Marina Stavoren\" \/>\n<meta property=\"article:publisher\" content=\"https:\/\/www.facebook.com\/marina.stavoren\" \/>\n<meta property=\"article:modified_time\" content=\"2024-04-03T14:34:50+00:00\" \/>\n<meta name=\"twitter:card\" content=\"summary_large_image\" \/>\n<meta name=\"twitter:label1\" content=\"Gesch\u00e4tzte Lesezeit\" \/>\n\t<meta name=\"twitter:data1\" content=\"2\u00a0Minuten\" \/>\n<script type=\"application\/ld+json\" class=\"yoast-schema-graph\">{\"@context\":\"https:\\\/\\\/schema.org\",\"@graph\":[{\"@type\":\"WebPage\",\"@id\":\"https:\\\/\\\/www.marinastavoren.nl\\\/de\\\/formular\\\/\",\"url\":\"https:\\\/\\\/www.marinastavoren.nl\\\/de\\\/formular\\\/\",\"name\":\"formular - Marina Stavoren\",\"isPartOf\":{\"@id\":\"https:\\\/\\\/www.marinastavoren.nl\\\/de\\\/#website\"},\"datePublished\":\"2023-03-22T10:20:11+00:00\",\"dateModified\":\"2024-04-03T14:34:50+00:00\",\"breadcrumb\":{\"@id\":\"https:\\\/\\\/www.marinastavoren.nl\\\/de\\\/formular\\\/#breadcrumb\"},\"inLanguage\":\"de\",\"potentialAction\":[{\"@type\":\"ReadAction\",\"target\":[\"https:\\\/\\\/www.marinastavoren.nl\\\/de\\\/formular\\\/\"]}]},{\"@type\":\"BreadcrumbList\",\"@id\":\"https:\\\/\\\/www.marinastavoren.nl\\\/de\\\/formular\\\/#breadcrumb\",\"itemListElement\":[{\"@type\":\"ListItem\",\"position\":1,\"name\":\"Home\",\"item\":\"https:\\\/\\\/www.marinastavoren.nl\\\/de\\\/\"},{\"@type\":\"ListItem\",\"position\":2,\"name\":\"formular\"}]},{\"@type\":\"WebSite\",\"@id\":\"https:\\\/\\\/www.marinastavoren.nl\\\/de\\\/#website\",\"url\":\"https:\\\/\\\/www.marinastavoren.nl\\\/de\\\/\",\"name\":\"Marina Stavoren\",\"description\":\"Willkommen im Ferienpark der Marina Stavoren\",\"publisher\":{\"@id\":\"https:\\\/\\\/www.marinastavoren.nl\\\/de\\\/#organization\"},\"potentialAction\":[{\"@type\":\"SearchAction\",\"target\":{\"@type\":\"EntryPoint\",\"urlTemplate\":\"https:\\\/\\\/www.marinastavoren.nl\\\/de\\\/?s={search_term_string}\"},\"query-input\":{\"@type\":\"PropertyValueSpecification\",\"valueRequired\":true,\"valueName\":\"search_term_string\"}}],\"inLanguage\":\"de\"},{\"@type\":\"Organization\",\"@id\":\"https:\\\/\\\/www.marinastavoren.nl\\\/de\\\/#organization\",\"name\":\"Marina Stavoren\",\"url\":\"https:\\\/\\\/www.marinastavoren.nl\\\/de\\\/\",\"logo\":{\"@type\":\"ImageObject\",\"inLanguage\":\"de\",\"@id\":\"https:\\\/\\\/www.marinastavoren.nl\\\/de\\\/#\\\/schema\\\/logo\\\/image\\\/\",\"url\":\"https:\\\/\\\/www.marinastavoren.nl\\\/wp-content\\\/uploads\\\/2022\\\/12\\\/logo-marina-stavoren-sticky.png\",\"contentUrl\":\"https:\\\/\\\/www.marinastavoren.nl\\\/wp-content\\\/uploads\\\/2022\\\/12\\\/logo-marina-stavoren-sticky.png\",\"width\":277,\"height\":60,\"caption\":\"Marina Stavoren\"},\"image\":{\"@id\":\"https:\\\/\\\/www.marinastavoren.nl\\\/de\\\/#\\\/schema\\\/logo\\\/image\\\/\"},\"sameAs\":[\"https:\\\/\\\/www.facebook.com\\\/marina.stavoren\",\"https:\\\/\\\/www.instagram.com\\\/marinastavoren\\\/\"]}]}<\/script>\n<!-- \/ Yoast SEO plugin. -->","yoast_head_json":{"title":"formular - Marina Stavoren","robots":{"index":"index","follow":"follow","max-snippet":"max-snippet:-1","max-image-preview":"max-image-preview:large","max-video-preview":"max-video-preview:-1"},"canonical":"https:\/\/www.marinastavoren.nl\/de\/formular\/","og_locale":"de_DE","og_type":"article","og_title":"formular - Marina Stavoren","og_description":"[vc_row css=&#8220;.vc_custom_1680531159064{margin-top: 0px !important;margin-bottom: 0px !important;padding-top: 0px !important;padding-bottom: 0px !important;}&#8220;][vc_column][vc_column_text] Bestellformular Br\u00f6tchen Br\u00f6tchen vorbestellen \u00a0ist derzeit nicht m\u00f6glich. An Wochenenden, [&hellip;]","og_url":"https:\/\/www.marinastavoren.nl\/de\/formular\/","og_site_name":"Marina Stavoren","article_publisher":"https:\/\/www.facebook.com\/marina.stavoren","article_modified_time":"2024-04-03T14:34:50+00:00","twitter_card":"summary_large_image","twitter_misc":{"Gesch\u00e4tzte Lesezeit":"2\u00a0Minuten"},"schema":{"@context":"https:\/\/schema.org","@graph":[{"@type":"WebPage","@id":"https:\/\/www.marinastavoren.nl\/de\/formular\/","url":"https:\/\/www.marinastavoren.nl\/de\/formular\/","name":"formular - Marina Stavoren","isPartOf":{"@id":"https:\/\/www.marinastavoren.nl\/de\/#website"},"datePublished":"2023-03-22T10:20:11+00:00","dateModified":"2024-04-03T14:34:50+00:00","breadcrumb":{"@id":"https:\/\/www.marinastavoren.nl\/de\/formular\/#breadcrumb"},"inLanguage":"de","potentialAction":[{"@type":"ReadAction","target":["https:\/\/www.marinastavoren.nl\/de\/formular\/"]}]},{"@type":"BreadcrumbList","@id":"https:\/\/www.marinastavoren.nl\/de\/formular\/#breadcrumb","itemListElement":[{"@type":"ListItem","position":1,"name":"Home","item":"https:\/\/www.marinastavoren.nl\/de\/"},{"@type":"ListItem","position":2,"name":"formular"}]},{"@type":"WebSite","@id":"https:\/\/www.marinastavoren.nl\/de\/#website","url":"https:\/\/www.marinastavoren.nl\/de\/","name":"Marina Stavoren","description":"Willkommen im Ferienpark der Marina Stavoren","publisher":{"@id":"https:\/\/www.marinastavoren.nl\/de\/#organization"},"potentialAction":[{"@type":"SearchAction","target":{"@type":"EntryPoint","urlTemplate":"https:\/\/www.marinastavoren.nl\/de\/?s={search_term_string}"},"query-input":{"@type":"PropertyValueSpecification","valueRequired":true,"valueName":"search_term_string"}}],"inLanguage":"de"},{"@type":"Organization","@id":"https:\/\/www.marinastavoren.nl\/de\/#organization","name":"Marina Stavoren","url":"https:\/\/www.marinastavoren.nl\/de\/","logo":{"@type":"ImageObject","inLanguage":"de","@id":"https:\/\/www.marinastavoren.nl\/de\/#\/schema\/logo\/image\/","url":"https:\/\/www.marinastavoren.nl\/wp-content\/uploads\/2022\/12\/logo-marina-stavoren-sticky.png","contentUrl":"https:\/\/www.marinastavoren.nl\/wp-content\/uploads\/2022\/12\/logo-marina-stavoren-sticky.png","width":277,"height":60,"caption":"Marina Stavoren"},"image":{"@id":"https:\/\/www.marinastavoren.nl\/de\/#\/schema\/logo\/image\/"},"sameAs":["https:\/\/www.facebook.com\/marina.stavoren","https:\/\/www.instagram.com\/marinastavoren\/"]}]}},"_links":{"self":[{"href":"https:\/\/www.marinastavoren.nl\/de\/wp-json\/wp\/v2\/pages\/3403","targetHints":{"allow":["GET"]}}],"collection":[{"href":"https:\/\/www.marinastavoren.nl\/de\/wp-json\/wp\/v2\/pages"}],"about":[{"href":"https:\/\/www.marinastavoren.nl\/de\/wp-json\/wp\/v2\/types\/page"}],"author":[{"embeddable":true,"href":"https:\/\/www.marinastavoren.nl\/de\/wp-json\/wp\/v2\/users\/1"}],"replies":[{"embeddable":true,"href":"https:\/\/www.marinastavoren.nl\/de\/wp-json\/wp\/v2\/comments?post=3403"}],"version-history":[{"count":14,"href":"https:\/\/www.marinastavoren.nl\/de\/wp-json\/wp\/v2\/pages\/3403\/revisions"}],"predecessor-version":[{"id":7330,"href":"https:\/\/www.marinastavoren.nl\/de\/wp-json\/wp\/v2\/pages\/3403\/revisions\/7330"}],"wp:attachment":[{"href":"https:\/\/www.marinastavoren.nl\/de\/wp-json\/wp\/v2\/media?parent=3403"}],"curies":[{"name":"wp","href":"https:\/\/api.w.org\/{rel}","templated":true}]}}