{"id":1700,"date":"2022-02-15T15:44:25","date_gmt":"2022-02-15T13:44:25","guid":{"rendered":"https:\/\/marinastavoren.xdialogue-demo.nl\/zwembad\/"},"modified":"2024-05-13T10:48:35","modified_gmt":"2024-05-13T08:48:35","slug":"hallenbad","status":"publish","type":"page","link":"https:\/\/www.marinastavoren.nl\/de\/hallenbad\/","title":{"rendered":"Hallenbad"},"content":{"rendered":"<div class=\"wpb-content-wrapper\">[vc_row][vc_column width=&#8220;1\/2&#8243;][vc_images_carousel images=&#8220;218,217,222&#8243; onclick=&#8220;link_no&#8220; wrap=&#8220;yes&#8220; css_animation=&#8220;fadeInUp&#8220; css=&#8220;.vc_custom_1644932376185{border-radius: 10px !important;}&#8220;][\/vc_column][vc_column width=&#8220;1\/2&#8243;][vc_column_text css=&#8220;.vc_custom_1688476571570{padding-top: 0px !important;padding-right: 10px !important;padding-bottom: 10px !important;padding-left: 0px !important;}&#8220;]\n<h3>Hallenbad in der Marina Stavoren<\/h3>\n<p>Ob Sie nun an Ihrer Kondition arbeiten m\u00f6chten oder einfach nur das k\u00fchle Nass aufsuchen m\u00f6chten, in unserem Hallenbad k\u00f6nnen Sie schwimmen, spielen und viel Wasserspa\u00df erleben! Es gibt auch ein abgetrenntes Kindebecken.<\/p>\n<p>Das Hallenbad ist nur f\u00fcr unsere Festlieger, Campingg\u00e4ste und Gastlieger. Das Hallenbad ist in der Regel ab April bis Oktober ge\u00f6ffnet. Die \u00d6ffnungszeiten entnehmen Sie bitte den Aush\u00e4ngen zum Beispiel beim Hafenb\u00fcro.[\/vc_column_text][\/vc_column][\/vc_row][vc_row css=&#8220;.vc_custom_1594639896541{margin-top: 60px !important;margin-bottom: 60px !important;}&#8220;][vc_column]<h2 class=\"text-center\">Was finden Sie so alles bei uns?<\/h2><div class='services-carousel  owl-with-navigation' data-owl='{&quot;items&quot;:4,&quot;nav&quot;:true,&quot;navText&quot;:[&quot;Zur\\u00fcck&quot;,&quot;Weiter&quot;],&quot;loop&quot;:true,&quot;autoplay&quot;:true,&quot;autoplayTimeout&quot;:2000,&quot;autoplayHoverPause&quot;:true,&quot;responsive&quot;:{&quot;0&quot;:{&quot;items&quot;:1,&quot;dots&quot;:true,&quot;nav&quot;:true},&quot;767&quot;:{&quot;items&quot;:4,&quot;dots&quot;:true},&quot;992&quot;:{&quot;items&quot;:4,&quot;dots&quot;:true}}}'><div class=\"item\">\n  <a href=\"https:\/\/www.marinastavoren.nl\/de\/marina-stavoren\/\" target=\"_self\" class=\"link-image\" title=\"Marina Stavoren Binnenhaven\"><img loading=\"lazy\" decoding=\"async\" width=\"450\" height=\"300\" src=\"https:\/\/www.marinastavoren.nl\/wp-content\/uploads\/2021\/10\/marina-stavoren-binnenhaven.jpg\" class=\"attachment-large size-large\" alt=\"Marina Stavoren Binnenhaven\" srcset=\"https:\/\/www.marinastavoren.nl\/wp-content\/uploads\/2021\/10\/marina-stavoren-binnenhaven.jpg 450w, https:\/\/www.marinastavoren.nl\/wp-content\/uploads\/2021\/10\/marina-stavoren-binnenhaven-300x200.jpg 300w\" sizes=\"auto, (max-width: 450px) 100vw, 450px\" \/><\/a>      <div class=\"item-content\">\n      <h4><a href=\"https:\/\/www.marinastavoren.nl\/de\/marina-stavoren\/\" target=\"_self\" >Marina Stavoren Binnenhaven<\/a><\/h4>      <p>Ein perfekter Familienhafen mit optimalen Einrichtungen f\u00fcr die ganze Familie.<\/p>    <\/div>\n  <\/div>\n<div class=\"item\">\n  <a href=\"https:\/\/www.marinastavoren.nl\/de\/marina-stavoren-buitenhaven\/\" target=\"_self\" class=\"link-image\" title=\"Marina Stavoren Buitenhaven\"><img loading=\"lazy\" decoding=\"async\" width=\"450\" height=\"300\" src=\"https:\/\/www.marinastavoren.nl\/wp-content\/uploads\/2021\/10\/marina-stavoren-buitenhaven.jpg\" class=\"attachment-large size-large\" alt=\"Marina Stavoren Buitenhaven\" srcset=\"https:\/\/www.marinastavoren.nl\/wp-content\/uploads\/2021\/10\/marina-stavoren-buitenhaven.jpg 450w, https:\/\/www.marinastavoren.nl\/wp-content\/uploads\/2021\/10\/marina-stavoren-buitenhaven-300x200.jpg 300w\" sizes=\"auto, (max-width: 450px) 100vw, 450px\" \/><\/a>      <div class=\"item-content\">\n      <h4><a href=\"https:\/\/www.marinastavoren.nl\/de\/marina-stavoren-buitenhaven\/\" target=\"_self\" >Marina Stavoren Buitenhaven<\/a><\/h4>      <p>Der Heimathafen f\u00fcr sportliche Segler, direkt am IJsselmeer und Zugang zu den friesischen Seen.<\/p>    <\/div>\n  <\/div>\n<div class=\"item\">\n  <a href=\"https:\/\/www.marinastavoren.nl\/de\/winterlagerung-in-der-marina-stavoren\/\" target=\"_self\" class=\"link-image\" title=\"Winterlagerung\"><img loading=\"lazy\" decoding=\"async\" width=\"450\" height=\"300\" src=\"https:\/\/www.marinastavoren.nl\/wp-content\/uploads\/2021\/10\/marina-stavoren-winterberging.jpg\" class=\"attachment-large size-large\" alt=\"Winterberging bij Marina Stavoren\" srcset=\"https:\/\/www.marinastavoren.nl\/wp-content\/uploads\/2021\/10\/marina-stavoren-winterberging.jpg 450w, https:\/\/www.marinastavoren.nl\/wp-content\/uploads\/2021\/10\/marina-stavoren-winterberging-300x200.jpg 300w\" sizes=\"auto, (max-width: 450px) 100vw, 450px\" \/><\/a>      <div class=\"item-content\">\n      <h4><a href=\"https:\/\/www.marinastavoren.nl\/de\/winterlagerung-in-der-marina-stavoren\/\" target=\"_self\" >Winterlagerung<\/a><\/h4>      <p>Der ideale Moment f\u00fcr die j\u00e4hrlichen Checks.<\/p>    <\/div>\n  <\/div>\n<div class=\"item\">\n  <a href=\"https:\/\/www.marinastavoren.nl\/de\/aktion-liegeplatze\/\" target=\"_self\" class=\"link-image\" title=\"Liegepl\u00e4tze\"><img loading=\"lazy\" decoding=\"async\" width=\"450\" height=\"300\" src=\"https:\/\/www.marinastavoren.nl\/wp-content\/uploads\/2021\/10\/marina-stavoren-ligplaatsen.jpg\" class=\"attachment-large size-large\" alt=\"Marina Stavoren jachthaven ligplaatsen\" srcset=\"https:\/\/www.marinastavoren.nl\/wp-content\/uploads\/2021\/10\/marina-stavoren-ligplaatsen.jpg 450w, https:\/\/www.marinastavoren.nl\/wp-content\/uploads\/2021\/10\/marina-stavoren-ligplaatsen-300x200.jpg 300w\" sizes=\"auto, (max-width: 450px) 100vw, 450px\" \/><\/a>      <div class=\"item-content\">\n      <h4><a href=\"https:\/\/www.marinastavoren.nl\/de\/aktion-liegeplatze\/\" target=\"_self\" >Liegepl\u00e4tze<\/a><\/h4>      <p>Die Marina Stavoren liegt am Johan-Friso Kanal und in unmittelbarer N\u00e4he vom IJsselmeer, unser Marina Stavoren Buitenhaven liegt direkt am IJsselmeer.<\/p>    <\/div>\n  <\/div>\n<div class=\"item\">\n  <a href=\"https:\/\/www.marinastavoren.nl\/de\/yachtservice-refit\/\" target=\"_self\" class=\"link-image\" title=\"Yachtservice &amp; Refit\"><img loading=\"lazy\" decoding=\"async\" width=\"450\" height=\"300\" src=\"https:\/\/www.marinastavoren.nl\/wp-content\/uploads\/2022\/11\/yachtservice-marina-stavoren.jpg\" class=\"attachment-large size-large\" alt=\"Yachtservice en refit bij Marina Stavoren\" srcset=\"https:\/\/www.marinastavoren.nl\/wp-content\/uploads\/2022\/11\/yachtservice-marina-stavoren.jpg 450w, https:\/\/www.marinastavoren.nl\/wp-content\/uploads\/2022\/11\/yachtservice-marina-stavoren-300x200.jpg 300w\" sizes=\"auto, (max-width: 450px) 100vw, 450px\" \/><\/a>      <div class=\"item-content\">\n      <h4><a href=\"https:\/\/www.marinastavoren.nl\/de\/yachtservice-refit\/\" target=\"_self\" >Yachtservice &amp; Refit<\/a><\/h4>      <p>Die Abteilung Yachtservice &amp; Refit der Marina Stavoren verrichtet allerlei Reparaturen an und in Ihrem Boot, ebenso wie Renovierungen und Instandhaltungsarbeiten.<\/p>    <\/div>\n  <\/div>\n<div class=\"item\">\n  <a href=\"https:\/\/www.marinastavoren.nl\/de\/wassersportgeschaeft\/\" target=\"_self\" class=\"link-image\" title=\"Wassersportgesch\u00e4ft\"><img loading=\"lazy\" decoding=\"async\" width=\"450\" height=\"300\" src=\"https:\/\/www.marinastavoren.nl\/wp-content\/uploads\/2021\/10\/marina-stavoren-watersportwinkel.jpg\" class=\"attachment-large size-large\" alt=\"Watersportwinkel Marina Stavoren\" srcset=\"https:\/\/www.marinastavoren.nl\/wp-content\/uploads\/2021\/10\/marina-stavoren-watersportwinkel.jpg 450w, https:\/\/www.marinastavoren.nl\/wp-content\/uploads\/2021\/10\/marina-stavoren-watersportwinkel-300x200.jpg 300w\" sizes=\"auto, (max-width: 450px) 100vw, 450px\" \/><\/a>      <div class=\"item-content\">\n      <h4><a href=\"https:\/\/www.marinastavoren.nl\/de\/wassersportgeschaeft\/\" target=\"_self\" >Wassersportgesch\u00e4ft<\/a><\/h4>      <p>Sind Sie auf der Suche nach neuem Bootszubeh\u00f6r, hochwertiger Segelkleidung oder nach modischer und sportlicher Freizeitkleidung?<\/p>    <\/div>\n  <\/div>\n<div class=\"item\">\n  <a href=\"https:\/\/www.marinastavoren.nl\/de\/wasserspass\/\" target=\"_self\" class=\"link-image\" title=\"Wasserspa\u00df\"><img loading=\"lazy\" decoding=\"async\" width=\"450\" height=\"300\" src=\"https:\/\/www.marinastavoren.nl\/wp-content\/uploads\/2022\/12\/waterpret-marina-stavoren.jpg\" class=\"attachment-large size-large\" alt=\"Water plezier Marina Stavoren\" srcset=\"https:\/\/www.marinastavoren.nl\/wp-content\/uploads\/2022\/12\/waterpret-marina-stavoren.jpg 450w, https:\/\/www.marinastavoren.nl\/wp-content\/uploads\/2022\/12\/waterpret-marina-stavoren-300x200.jpg 300w\" sizes=\"auto, (max-width: 450px) 100vw, 450px\" \/><\/a>      <div class=\"item-content\">\n      <h4><a href=\"https:\/\/www.marinastavoren.nl\/de\/wasserspass\/\" target=\"_self\" >Wasserspa\u00df<\/a><\/h4>      <p>Der Ferienpark Marina Stavoren garantiert viele Arten Wasserspa\u00df!<\/p>    <\/div>\n  <\/div>\n<div class=\"item\">\n  <a href=\"https:\/\/www.marinastavoren.nl\/de\/camping-sudermeer\/\" target=\"_self\" class=\"link-image\" title=\"Camping S\u00fadermeer\"><img loading=\"lazy\" decoding=\"async\" width=\"450\" height=\"300\" src=\"https:\/\/www.marinastavoren.nl\/wp-content\/uploads\/2021\/10\/camping-sudermeer-stavoren.jpg\" class=\"attachment-large size-large\" alt=\"Camping S\u00fadermeer Stavoren\" srcset=\"https:\/\/www.marinastavoren.nl\/wp-content\/uploads\/2021\/10\/camping-sudermeer-stavoren.jpg 450w, https:\/\/www.marinastavoren.nl\/wp-content\/uploads\/2021\/10\/camping-sudermeer-stavoren-300x200.jpg 300w\" sizes=\"auto, (max-width: 450px) 100vw, 450px\" \/><\/a>      <div class=\"item-content\">\n      <h4><a href=\"https:\/\/www.marinastavoren.nl\/de\/camping-sudermeer\/\" target=\"_self\" >Camping S\u00fadermeer<\/a><\/h4>      <p>Der Campingplatz S\u00fadermeer liegt auf Laufabstand zum IJsselmeer und dem historischen St\u00e4dtchen Stavoren.<\/p>    <\/div>\n  <\/div>\n<div class=\"item\">\n  <a href=\"https:\/\/www.marinastavoren.nl\/de\/camping-sudermeer\/skipslodge\/\" target=\"_self\" class=\"link-image\" title=\"SkipsLodge\"><img loading=\"lazy\" decoding=\"async\" width=\"450\" height=\"300\" src=\"https:\/\/www.marinastavoren.nl\/wp-content\/uploads\/2021\/10\/skipslodge-marina-stavoren.jpg\" class=\"attachment-large size-large\" alt=\"SkipsLodge safaritent Stavoren\" srcset=\"https:\/\/www.marinastavoren.nl\/wp-content\/uploads\/2021\/10\/skipslodge-marina-stavoren.jpg 450w, https:\/\/www.marinastavoren.nl\/wp-content\/uploads\/2021\/10\/skipslodge-marina-stavoren-300x200.jpg 300w\" sizes=\"auto, (max-width: 450px) 100vw, 450px\" \/><\/a>      <div class=\"item-content\">\n      <h4><a href=\"https:\/\/www.marinastavoren.nl\/de\/camping-sudermeer\/skipslodge\/\" target=\"_self\" >SkipsLodge<\/a><\/h4>      <p>Wenn Sie Komfort w\u00fcnschen, aber den Charme eines Zeltes genie\u00dfen m\u00f6chten, buchen Sie dann unsere SkipsLodge.<\/p>    <\/div>\n  <\/div>\n<div class=\"item\">\n  <a href=\"https:\/\/www.marinastavoren.nl\/de\/camping-sudermeer\/wohnmobil-stellplaetze\/\" target=\"_blank\" class=\"link-image\" title=\"Wohnmobil-Stellpl\u00e4tze\"><img loading=\"lazy\" decoding=\"async\" width=\"450\" height=\"300\" src=\"https:\/\/www.marinastavoren.nl\/wp-content\/uploads\/2021\/10\/camperplaats-marina-stavoren.jpg\" class=\"attachment-large size-large\" alt=\"Camperplaats marina stavoren ijsselmeer friesland\" srcset=\"https:\/\/www.marinastavoren.nl\/wp-content\/uploads\/2021\/10\/camperplaats-marina-stavoren.jpg 450w, https:\/\/www.marinastavoren.nl\/wp-content\/uploads\/2021\/10\/camperplaats-marina-stavoren-300x200.jpg 300w\" sizes=\"auto, (max-width: 450px) 100vw, 450px\" \/><\/a>      <div class=\"item-content\">\n      <h4><a href=\"https:\/\/www.marinastavoren.nl\/de\/camping-sudermeer\/wohnmobil-stellplaetze\/\" target=\"_blank\" >Wohnmobil-Stellpl\u00e4tze<\/a><\/h4>      <p>Neben dem \u201a\u201aCampingplatz S\u00fadermeer\u2018\u2018 haben wir auch Pl\u00e4tze f\u00fcr Wohnmobile.<\/p>    <\/div>\n  <\/div>\n<div class=\"item\">\n  <a href=\"https:\/\/www.de-potvis.nl\/\" target=\"_blank\" class=\"link-image\" title=\"Strandpaviljoen De Potvis\"><img loading=\"lazy\" decoding=\"async\" width=\"450\" height=\"300\" src=\"https:\/\/www.marinastavoren.nl\/wp-content\/uploads\/2021\/10\/strandpaviljoen-de-potvis.jpg\" class=\"attachment-large size-large\" alt=\"Strandpaviljoen De Potvis Stavoren\" srcset=\"https:\/\/www.marinastavoren.nl\/wp-content\/uploads\/2021\/10\/strandpaviljoen-de-potvis.jpg 450w, https:\/\/www.marinastavoren.nl\/wp-content\/uploads\/2021\/10\/strandpaviljoen-de-potvis-300x200.jpg 300w\" sizes=\"auto, (max-width: 450px) 100vw, 450px\" \/><\/a>      <div class=\"item-content\">\n      <h4><a href=\"https:\/\/www.de-potvis.nl\/\" target=\"_blank\" >Strandpaviljoen De Potvis<\/a><\/h4>      <p>Auf der sch\u00f6nsten Terrasse am IJsselmeer k\u00f6nnen Sie den stets atemberaubenden Blick auf das Wasser und den Hafen genie\u00dfen.<\/p>    <\/div>\n  <\/div>\n<div class=\"item\">\n  <a href=\"https:\/\/www.marinastavoren.nl\/de\/waterrijck-stavoren\/\" target=\"_self\" class=\"link-image\" title=\"Waterrijck Stavoren\"><img loading=\"lazy\" decoding=\"async\" width=\"450\" height=\"300\" src=\"https:\/\/www.marinastavoren.nl\/wp-content\/uploads\/2021\/10\/waterrijck-stavoren.jpg\" class=\"attachment-large size-large\" alt=\"\" srcset=\"https:\/\/www.marinastavoren.nl\/wp-content\/uploads\/2021\/10\/waterrijck-stavoren.jpg 450w, https:\/\/www.marinastavoren.nl\/wp-content\/uploads\/2021\/10\/waterrijck-stavoren-300x200.jpg 300w\" sizes=\"auto, (max-width: 450px) 100vw, 450px\" \/><\/a>      <div class=\"item-content\">\n      <h4><a href=\"https:\/\/www.marinastavoren.nl\/de\/waterrijck-stavoren\/\" target=\"_self\" >Waterrijck Stavoren<\/a><\/h4>      <p>In den Ferienwohnungen von Waterrijck Stavoren l\u00e4sst es sich herrlich komfortabel entspannen.<\/p>    <\/div>\n  <\/div>\n<\/div>[\/vc_column][\/vc_row]\n<\/div>","protected":false},"excerpt":{"rendered":"<p>[vc_row][vc_column width=&#8220;1\/2&#8243;][vc_images_carousel images=&#8220;218,217,222&#8243; onclick=&#8220;link_no&#8220; wrap=&#8220;yes&#8220; css_animation=&#8220;fadeInUp&#8220; css=&#8220;.vc_custom_1644932376185{border-radius: 10px !important;}&#8220;][\/vc_column][vc_column width=&#8220;1\/2&#8243;][vc_column_text css=&#8220;.vc_custom_1688476571570{padding-top: 0px !important;padding-right: 10px !important;padding-bottom: 10px !important;padding-left: 0px !important;}&#8220;] Hallenbad [&hellip;]<\/p>\n","protected":false},"author":1,"featured_media":0,"parent":0,"menu_order":0,"comment_status":"closed","ping_status":"closed","template":"","meta":{"footnotes":""},"class_list":["post-1700","page","type-page","status-publish","hentry"],"yoast_head":"<!-- This site is optimized with the Yoast SEO plugin v27.4 - https:\/\/yoast.com\/product\/yoast-seo-wordpress\/ -->\n<title>Schwimmbad Marina Stavoren | MarinaStavoren.nl<\/title>\n<meta name=\"description\" content=\"Recreatiepark Marina Stavoren is de ideale plek voor vele vormen van waterpret! Kom zwemmen in ons overdekte zwembad.\" \/>\n<meta name=\"robots\" content=\"index, follow, max-snippet:-1, max-image-preview:large, max-video-preview:-1\" \/>\n<link rel=\"canonical\" href=\"https:\/\/www.marinastavoren.nl\/de\/hallenbad\/\" \/>\n<meta property=\"og:locale\" content=\"de_DE\" \/>\n<meta property=\"og:type\" content=\"article\" \/>\n<meta property=\"og:title\" content=\"Schwimmbad Marina Stavoren | MarinaStavoren.nl\" \/>\n<meta property=\"og:description\" content=\"Recreatiepark Marina Stavoren is de ideale plek voor vele vormen van waterpret! Kom zwemmen in ons overdekte zwembad.\" \/>\n<meta property=\"og:url\" content=\"https:\/\/www.marinastavoren.nl\/de\/hallenbad\/\" \/>\n<meta property=\"og:site_name\" content=\"Marina Stavoren\" \/>\n<meta property=\"article:publisher\" content=\"https:\/\/www.facebook.com\/marina.stavoren\" \/>\n<meta property=\"article:modified_time\" content=\"2024-05-13T08:48:35+00:00\" \/>\n<meta name=\"twitter:card\" content=\"summary_large_image\" \/>\n<meta name=\"twitter:label1\" content=\"Gesch\u00e4tzte Lesezeit\" \/>\n\t<meta name=\"twitter:data1\" content=\"2\u00a0Minuten\" \/>\n<script type=\"application\/ld+json\" class=\"yoast-schema-graph\">{\"@context\":\"https:\\\/\\\/schema.org\",\"@graph\":[{\"@type\":\"WebPage\",\"@id\":\"https:\\\/\\\/www.marinastavoren.nl\\\/de\\\/hallenbad\\\/\",\"url\":\"https:\\\/\\\/www.marinastavoren.nl\\\/de\\\/hallenbad\\\/\",\"name\":\"Schwimmbad Marina Stavoren | MarinaStavoren.nl\",\"isPartOf\":{\"@id\":\"https:\\\/\\\/www.marinastavoren.nl\\\/de\\\/#website\"},\"datePublished\":\"2022-02-15T13:44:25+00:00\",\"dateModified\":\"2024-05-13T08:48:35+00:00\",\"description\":\"Recreatiepark Marina Stavoren is de ideale plek voor vele vormen van waterpret! Kom zwemmen in ons overdekte zwembad.\",\"breadcrumb\":{\"@id\":\"https:\\\/\\\/www.marinastavoren.nl\\\/de\\\/hallenbad\\\/#breadcrumb\"},\"inLanguage\":\"de\",\"potentialAction\":[{\"@type\":\"ReadAction\",\"target\":[\"https:\\\/\\\/www.marinastavoren.nl\\\/de\\\/hallenbad\\\/\"]}]},{\"@type\":\"BreadcrumbList\",\"@id\":\"https:\\\/\\\/www.marinastavoren.nl\\\/de\\\/hallenbad\\\/#breadcrumb\",\"itemListElement\":[{\"@type\":\"ListItem\",\"position\":1,\"name\":\"Home\",\"item\":\"https:\\\/\\\/www.marinastavoren.nl\\\/de\\\/\"},{\"@type\":\"ListItem\",\"position\":2,\"name\":\"Hallenbad\"}]},{\"@type\":\"WebSite\",\"@id\":\"https:\\\/\\\/www.marinastavoren.nl\\\/de\\\/#website\",\"url\":\"https:\\\/\\\/www.marinastavoren.nl\\\/de\\\/\",\"name\":\"Marina Stavoren\",\"description\":\"Willkommen im Ferienpark der Marina Stavoren\",\"publisher\":{\"@id\":\"https:\\\/\\\/www.marinastavoren.nl\\\/de\\\/#organization\"},\"potentialAction\":[{\"@type\":\"SearchAction\",\"target\":{\"@type\":\"EntryPoint\",\"urlTemplate\":\"https:\\\/\\\/www.marinastavoren.nl\\\/de\\\/?s={search_term_string}\"},\"query-input\":{\"@type\":\"PropertyValueSpecification\",\"valueRequired\":true,\"valueName\":\"search_term_string\"}}],\"inLanguage\":\"de\"},{\"@type\":\"Organization\",\"@id\":\"https:\\\/\\\/www.marinastavoren.nl\\\/de\\\/#organization\",\"name\":\"Marina Stavoren\",\"url\":\"https:\\\/\\\/www.marinastavoren.nl\\\/de\\\/\",\"logo\":{\"@type\":\"ImageObject\",\"inLanguage\":\"de\",\"@id\":\"https:\\\/\\\/www.marinastavoren.nl\\\/de\\\/#\\\/schema\\\/logo\\\/image\\\/\",\"url\":\"https:\\\/\\\/www.marinastavoren.nl\\\/wp-content\\\/uploads\\\/2022\\\/12\\\/logo-marina-stavoren-sticky.png\",\"contentUrl\":\"https:\\\/\\\/www.marinastavoren.nl\\\/wp-content\\\/uploads\\\/2022\\\/12\\\/logo-marina-stavoren-sticky.png\",\"width\":277,\"height\":60,\"caption\":\"Marina Stavoren\"},\"image\":{\"@id\":\"https:\\\/\\\/www.marinastavoren.nl\\\/de\\\/#\\\/schema\\\/logo\\\/image\\\/\"},\"sameAs\":[\"https:\\\/\\\/www.facebook.com\\\/marina.stavoren\",\"https:\\\/\\\/www.instagram.com\\\/marinastavoren\\\/\"]}]}<\/script>\n<!-- \/ Yoast SEO plugin. -->","yoast_head_json":{"title":"Schwimmbad Marina Stavoren | MarinaStavoren.nl","description":"Recreatiepark Marina Stavoren is de ideale plek voor vele vormen van waterpret! Kom zwemmen in ons overdekte zwembad.","robots":{"index":"index","follow":"follow","max-snippet":"max-snippet:-1","max-image-preview":"max-image-preview:large","max-video-preview":"max-video-preview:-1"},"canonical":"https:\/\/www.marinastavoren.nl\/de\/hallenbad\/","og_locale":"de_DE","og_type":"article","og_title":"Schwimmbad Marina Stavoren | MarinaStavoren.nl","og_description":"Recreatiepark Marina Stavoren is de ideale plek voor vele vormen van waterpret! Kom zwemmen in ons overdekte zwembad.","og_url":"https:\/\/www.marinastavoren.nl\/de\/hallenbad\/","og_site_name":"Marina Stavoren","article_publisher":"https:\/\/www.facebook.com\/marina.stavoren","article_modified_time":"2024-05-13T08:48:35+00:00","twitter_card":"summary_large_image","twitter_misc":{"Gesch\u00e4tzte Lesezeit":"2\u00a0Minuten"},"schema":{"@context":"https:\/\/schema.org","@graph":[{"@type":"WebPage","@id":"https:\/\/www.marinastavoren.nl\/de\/hallenbad\/","url":"https:\/\/www.marinastavoren.nl\/de\/hallenbad\/","name":"Schwimmbad Marina Stavoren | MarinaStavoren.nl","isPartOf":{"@id":"https:\/\/www.marinastavoren.nl\/de\/#website"},"datePublished":"2022-02-15T13:44:25+00:00","dateModified":"2024-05-13T08:48:35+00:00","description":"Recreatiepark Marina Stavoren is de ideale plek voor vele vormen van waterpret! Kom zwemmen in ons overdekte zwembad.","breadcrumb":{"@id":"https:\/\/www.marinastavoren.nl\/de\/hallenbad\/#breadcrumb"},"inLanguage":"de","potentialAction":[{"@type":"ReadAction","target":["https:\/\/www.marinastavoren.nl\/de\/hallenbad\/"]}]},{"@type":"BreadcrumbList","@id":"https:\/\/www.marinastavoren.nl\/de\/hallenbad\/#breadcrumb","itemListElement":[{"@type":"ListItem","position":1,"name":"Home","item":"https:\/\/www.marinastavoren.nl\/de\/"},{"@type":"ListItem","position":2,"name":"Hallenbad"}]},{"@type":"WebSite","@id":"https:\/\/www.marinastavoren.nl\/de\/#website","url":"https:\/\/www.marinastavoren.nl\/de\/","name":"Marina Stavoren","description":"Willkommen im Ferienpark der Marina Stavoren","publisher":{"@id":"https:\/\/www.marinastavoren.nl\/de\/#organization"},"potentialAction":[{"@type":"SearchAction","target":{"@type":"EntryPoint","urlTemplate":"https:\/\/www.marinastavoren.nl\/de\/?s={search_term_string}"},"query-input":{"@type":"PropertyValueSpecification","valueRequired":true,"valueName":"search_term_string"}}],"inLanguage":"de"},{"@type":"Organization","@id":"https:\/\/www.marinastavoren.nl\/de\/#organization","name":"Marina Stavoren","url":"https:\/\/www.marinastavoren.nl\/de\/","logo":{"@type":"ImageObject","inLanguage":"de","@id":"https:\/\/www.marinastavoren.nl\/de\/#\/schema\/logo\/image\/","url":"https:\/\/www.marinastavoren.nl\/wp-content\/uploads\/2022\/12\/logo-marina-stavoren-sticky.png","contentUrl":"https:\/\/www.marinastavoren.nl\/wp-content\/uploads\/2022\/12\/logo-marina-stavoren-sticky.png","width":277,"height":60,"caption":"Marina Stavoren"},"image":{"@id":"https:\/\/www.marinastavoren.nl\/de\/#\/schema\/logo\/image\/"},"sameAs":["https:\/\/www.facebook.com\/marina.stavoren","https:\/\/www.instagram.com\/marinastavoren\/"]}]}},"_links":{"self":[{"href":"https:\/\/www.marinastavoren.nl\/de\/wp-json\/wp\/v2\/pages\/1700","targetHints":{"allow":["GET"]}}],"collection":[{"href":"https:\/\/www.marinastavoren.nl\/de\/wp-json\/wp\/v2\/pages"}],"about":[{"href":"https:\/\/www.marinastavoren.nl\/de\/wp-json\/wp\/v2\/types\/page"}],"author":[{"embeddable":true,"href":"https:\/\/www.marinastavoren.nl\/de\/wp-json\/wp\/v2\/users\/1"}],"replies":[{"embeddable":true,"href":"https:\/\/www.marinastavoren.nl\/de\/wp-json\/wp\/v2\/comments?post=1700"}],"version-history":[{"count":12,"href":"https:\/\/www.marinastavoren.nl\/de\/wp-json\/wp\/v2\/pages\/1700\/revisions"}],"predecessor-version":[{"id":7684,"href":"https:\/\/www.marinastavoren.nl\/de\/wp-json\/wp\/v2\/pages\/1700\/revisions\/7684"}],"wp:attachment":[{"href":"https:\/\/www.marinastavoren.nl\/de\/wp-json\/wp\/v2\/media?parent=1700"}],"curies":[{"name":"wp","href":"https:\/\/api.w.org\/{rel}","templated":true}]}}