{"id":1573,"date":"2022-01-05T14:22:07","date_gmt":"2022-01-05T12:22:07","guid":{"rendered":"https:\/\/marinastavoren.xdialogue-demo.nl\/watersportwinkel\/"},"modified":"2024-11-19T16:08:23","modified_gmt":"2024-11-19T14:08:23","slug":"wassersportgeschaeft","status":"publish","type":"page","link":"https:\/\/www.marinastavoren.nl\/de\/wassersportgeschaeft\/","title":{"rendered":"Wassersportgesch\u00e4ft"},"content":{"rendered":"<div class=\"wpb-content-wrapper\">[vc_row][vc_column width=&#8220;1\/2&#8243;][vc_column_text el_class=&#8220;nowhiteabovemob&#8220;]\n<h1>Wassersportgesch\u00e4ft<\/h1>\n<p class=\"lead\">Sortiment f\u00fcr alle Altersgruppen<\/p>\n<p>Sind Sie auf der Suche nach neuem Bootszubeh\u00f6r, hochwertiger Segelkleidung oder nach sch\u00f6ner, moderner Freizeitkleidung? Dann hei\u00dfen wir Sie gern herzlich willkommen in unserem Wassersportgesch\u00e4ft. Wir bieten Ihnen ein breites Sortiment an Segel- und Freizeitkleidung sowie technische Accessoires f\u00fcr Ihr Schiff, sowohl f\u00fcr unter Deck als auch f\u00fcr auf dem Deck.<\/p>\n<p>Finden Sie in unserem Sortiment nicht das, was Sie suchen? Wenden Sie sich dann an unser Personal. Weil es in allen H\u00e4fen von SkipsMaritiem ein Wassersportgesch\u00e4ft gibt, haben wir in der Regel den gew\u00fcnschten Artikel vorr\u00e4tig. Und sollte dem einmal doch nicht so sein, dann bestellen wir Ihnen, was Sie suchen \u2013 schnell und unkompliziert.<\/p>\n<p>Im Wassersportgesch\u00e4ft der Marina Stavoren gibt es auch eine kleine Supermarktabteilung. Auf Bestellung bekommt man hier in der Hochsaison morgens frische Br\u00f6tchen.[\/vc_column_text][\/vc_column][vc_column width=&#8220;1\/2&#8243;][vc_gallery images=&#8220;615,616,617,618&#8243; img_size=&#8220;medium&#8220; columns=&#8220;2&#8243; masonry=&#8220;fitRows&#8220;][\/vc_column][\/vc_row][vc_row full_width=&#8220;stretch_row&#8220; parallax=&#8220;content-moving&#8220; parallax_image=&#8220;597&#8243; parallax_layers=&#8220;yes&#8220; video_cover=&#8220;3486&#8243; el_class=&#8220;content-padding-mobile-none&#8220;][vc_column width=&#8220;2\/3&#8243; offset=&#8220;vc_col-sm-offset-2&#8243; el_class=&#8220;text-center white-box content-padding&#8220;]<h2 class=\"text-center\"><small>Alles f\u00fcr Ihr Schiff und Ihre Crew<\/small>Wassersportgesch\u00e4ft<\/h2><div class='testimonials-carousel  owl-with-navigation' data-owl='{&quot;items&quot;:3,&quot;nav&quot;:true,&quot;navText&quot;:[&quot;Weiter&quot;,&quot;Zur\\u00fcck&quot;],&quot;loop&quot;:true,&quot;autoplay&quot;:true,&quot;autoplayTimeout&quot;:&quot;3000&quot;,&quot;autoplayHoverPause&quot;:true,&quot;responsive&quot;:{&quot;0&quot;:{&quot;items&quot;:1,&quot;dots&quot;:true,&quot;nav&quot;:true},&quot;767&quot;:{&quot;items&quot;:2,&quot;dots&quot;:true},&quot;992&quot;:{&quot;items&quot;:3,&quot;dots&quot;:true}}}'><div class='testimonial'>\n      <h4 class='testimonial-title'>\n      Segel- und Freizeitkleidung          <\/h4>\n        <p>Wir f\u00fchren bekannte Marken wie zum Beispiel Gaastra, Musto, Helly Hansen, Gant, Roosenstein Wolke oder North Sails.<\/p>\n    <a href='' class='btn-inline btn' target=\"_self\"><\/a>\n<\/div>\n<div class='testimonial'>\n      <h4 class='testimonial-title'>\n      Schiffszubeh\u00f6r          <\/h4>\n        <p>Das Sortiment reicht von Elektronik, Geschenkartikeln, Navigationskarten und -ausr\u00fcstung, Rettungswesten und -fl\u00f6\u00dfen, Gummibooten und -motoren bis hin zu Edelstahlwaren, \u00d6llampen, Wartungsprodukten, Zubeh\u00f6r aus Teakholz, Seilen, Farben und Beleuchtung.<\/p>\n    <a href='' class='btn-inline btn' target=\"_self\"><\/a>\n<\/div>\n<div class='testimonial'>\n      <h4 class='testimonial-title'>\n      Rettungsinsel mieten          <\/h4>\n        <p>Sie k\u00f6nnen auch eine Rettungsinsel in den Wassersportgesch\u00e4ften mieten. Weil eine Rettungsinsel ein Verfalldatum hat, geht dies nur auf Bestellung. Eine Rettungsinsel enth\u00e4lt zum Beispiel Feuerwerksk\u00f6rper mit einer garantierten Betriebsdauer. Da sie nicht wirklich billig sind, ist das Mieten eine attraktive Option.<\/p>\n    <a href='' class='btn-inline btn' target=\"_self\"><\/a>\n<\/div>\n<div class='testimonial'>\n      <h4 class='testimonial-title'>\n      Laufende Aktionen          <\/h4>\n        <p>Als begeisterter Wassersportler w\u00fcnschen Sie qualitativ hochwertige Produkte. Und vorzugsweise zu einem guten Preis. Darum haben unsere Wassersportgesch\u00e4fte von April bis Oktober st\u00e4ndig mehr als zweihundert Artikel f\u00fcr Sie im Angebot!<\/p>\n    <a href='' class='btn-inline btn' target=\"_self\"><\/a>\n<\/div>\n<\/div>[\/vc_column][\/vc_row][vc_row full_width=&#8220;stretch_row&#8220; css=&#8220;.vc_custom_1550674932784{background-position: center !important;background-repeat: no-repeat !important;background-size: cover !important;}&#8220;][vc_column width=&#8220;1\/2&#8243;][vc_single_image image=&#8220;11313&#8243; img_size=&#8220;large&#8220;][\/vc_column][vc_column width=&#8220;1\/2&#8243;][vc_column_text css=&#8220;.vc_custom_1667831597059{padding-top: 80px !important;}&#8220;]\n<h2>Unsere Standorte<\/h2>\n<p class=\"lead\">Besuchen Sie eines unserer Wassersportgesch\u00e4fte in unseren H\u00e4fen oder besuchen Sie SkipsWinkel Sneek.<\/p>\n[\/vc_column_text][\/vc_column][vc_column width=&#8220;1\/2&#8243; offset=&#8220;vc_col-sm-offset-3&#8243; css=&#8220;.vc_custom_1411467083077{margin-top: 5.6rem !important;}&#8220;][vc_column_text]\n<h2 class=\"text-uppercase text-center\" style=\"text-align: center;\">WASSERSPORTGESCH\u00c4FTE IN UNSEREN H\u00c4FEN<\/h2>\n<table class=\"table table-responsive\">\n<tbody>\n<tr>\n<td class=\"text-left\" style=\"text-align: center;\">Jachthaven Hindeloopen Watersportwinkel<\/td>\n<\/tr>\n<tr>\n<td class=\"text-left\" style=\"text-align: center;\">Marina Stavoren Watersportwinkel<\/td>\n<\/tr>\n<tr>\n<td class=\"text-left\" style=\"text-align: center;\">Jachthaven Friese Hoek Watersportwinkel<\/td>\n<\/tr>\n<tr>\n<td class=\"text-left\" style=\"text-align: center;\">SkipsWinkel Sneek<\/td>\n<\/tr>\n<tr>\n<td class=\"text-left\" style=\"text-align: center;\"><\/td>\n<\/tr>\n<\/tbody>\n<\/table>\n[\/vc_column_text][\/vc_column][\/vc_row][vc_row][vc_column]<h2 class=\"text-center\"><small>Alles f\u00fcr Ihr Schiff und Ihre Crew<\/small>Unser Sortiment<\/h2><div class='services-carousel  owl-with-navigation' data-owl='{&quot;items&quot;:4,&quot;nav&quot;:true,&quot;navText&quot;:[&quot;Vorige&quot;,&quot;Volgende&quot;],&quot;loop&quot;:true,&quot;autoplay&quot;:true,&quot;autoplayTimeout&quot;:2000,&quot;autoplayHoverPause&quot;:true,&quot;responsive&quot;:{&quot;0&quot;:{&quot;items&quot;:1,&quot;dots&quot;:true,&quot;nav&quot;:true},&quot;767&quot;:{&quot;items&quot;:4,&quot;dots&quot;:true},&quot;992&quot;:{&quot;items&quot;:4,&quot;dots&quot;:true}}}'><div class=\"item\">\n  <a href=\"\" target=\"_self\" class=\"link-image\" title=\"Pers\u00f6nliche Ausr\u00fcstung\"><img loading=\"lazy\" decoding=\"async\" width=\"450\" height=\"300\" src=\"https:\/\/www.marinastavoren.nl\/wp-content\/uploads\/2022\/01\/skipswinkel-persoonlijke-uitrusting.jpg\" class=\"attachment-large size-large\" alt=\"\" srcset=\"https:\/\/www.marinastavoren.nl\/wp-content\/uploads\/2022\/01\/skipswinkel-persoonlijke-uitrusting.jpg 450w, https:\/\/www.marinastavoren.nl\/wp-content\/uploads\/2022\/01\/skipswinkel-persoonlijke-uitrusting-300x200.jpg 300w\" sizes=\"auto, (max-width: 450px) 100vw, 450px\" \/><\/a>      <div class=\"item-content\">\n      <h4><a href=\"\" target=\"_self\" >Pers\u00f6nliche Ausr\u00fcstung<\/a><\/h4>      <p>Macht den Aufenthalt auf Ihrem Schiff angenehm!!<\/p>    <\/div>\n  <\/div>\n<div class=\"item\">\n  <a href=\"\" target=\"_self\" class=\"link-image\" title=\"Bootsausr\u00fcstung\"><img loading=\"lazy\" decoding=\"async\" width=\"450\" height=\"300\" src=\"https:\/\/www.marinastavoren.nl\/wp-content\/uploads\/2022\/01\/bootuitrusting-skipswinkel.jpg\" class=\"attachment-large size-large\" alt=\"\" srcset=\"https:\/\/www.marinastavoren.nl\/wp-content\/uploads\/2022\/01\/bootuitrusting-skipswinkel.jpg 450w, https:\/\/www.marinastavoren.nl\/wp-content\/uploads\/2022\/01\/bootuitrusting-skipswinkel-300x200.jpg 300w\" sizes=\"auto, (max-width: 450px) 100vw, 450px\" \/><\/a>      <div class=\"item-content\">\n      <h4><a href=\"\" target=\"_self\" >Bootsausr\u00fcstung<\/a><\/h4>      <p>F\u00fcr alle Wassersport-Accessoires!<\/p>    <\/div>\n  <\/div>\n<div class=\"item\">\n  <a href=\"\" target=\"_self\" class=\"link-image\" title=\"Motoren\"><img loading=\"lazy\" decoding=\"async\" width=\"450\" height=\"300\" src=\"https:\/\/www.marinastavoren.nl\/wp-content\/uploads\/2022\/01\/skipswinkel-motoren.jpg\" class=\"attachment-large size-large\" alt=\"\" srcset=\"https:\/\/www.marinastavoren.nl\/wp-content\/uploads\/2022\/01\/skipswinkel-motoren.jpg 450w, https:\/\/www.marinastavoren.nl\/wp-content\/uploads\/2022\/01\/skipswinkel-motoren-300x200.jpg 300w\" sizes=\"auto, (max-width: 450px) 100vw, 450px\" \/><\/a>      <div class=\"item-content\">\n      <h4><a href=\"\" target=\"_self\" >Motoren<\/a><\/h4>      <p>Unbesorgtes fahren!<\/p>    <\/div>\n  <\/div>\n<div class=\"item\">\n  <a href=\"\" target=\"_self\" class=\"link-image\" title=\"Boote\"><img loading=\"lazy\" decoding=\"async\" width=\"450\" height=\"300\" src=\"https:\/\/www.marinastavoren.nl\/wp-content\/uploads\/2022\/01\/skipswinkel-boten.jpg\" class=\"attachment-large size-large\" alt=\"\" srcset=\"https:\/\/www.marinastavoren.nl\/wp-content\/uploads\/2022\/01\/skipswinkel-boten.jpg 450w, https:\/\/www.marinastavoren.nl\/wp-content\/uploads\/2022\/01\/skipswinkel-boten-300x200.jpg 300w\" sizes=\"auto, (max-width: 450px) 100vw, 450px\" \/><\/a>      <div class=\"item-content\">\n      <h4><a href=\"\" target=\"_self\" >Boote<\/a><\/h4>      <p>Ein RIB oder kleines Motorboot? Bei uns sind Sie richtig!<\/p>    <\/div>\n  <\/div>\n<div class=\"item\">\n  <a href=\"\" target=\"_self\" class=\"link-image\" title=\"Spa\u00df\"><img loading=\"lazy\" decoding=\"async\" width=\"450\" height=\"300\" src=\"https:\/\/www.marinastavoren.nl\/wp-content\/uploads\/2022\/01\/fun-skipswinkel.jpg\" class=\"attachment-large size-large\" alt=\"\" srcset=\"https:\/\/www.marinastavoren.nl\/wp-content\/uploads\/2022\/01\/fun-skipswinkel.jpg 450w, https:\/\/www.marinastavoren.nl\/wp-content\/uploads\/2022\/01\/fun-skipswinkel-300x200.jpg 300w\" sizes=\"auto, (max-width: 450px) 100vw, 450px\" \/><\/a>      <div class=\"item-content\">\n      <h4><a href=\"\" target=\"_self\" >Spa\u00df<\/a><\/h4>      <p>Wir wollen dich aufs Wasser bringen!<\/p>    <\/div>\n  <\/div>\n<\/div>[\/vc_column][\/vc_row]\n<\/div>","protected":false},"excerpt":{"rendered":"<p>[vc_row][vc_column width=&#8220;1\/2&#8243;][vc_column_text el_class=&#8220;nowhiteabovemob&#8220;] Wassersportgesch\u00e4ft Sortiment f\u00fcr alle Altersgruppen Sind Sie auf der Suche nach neuem Bootszubeh\u00f6r, hochwertiger Segelkleidung oder nach [&hellip;]<\/p>\n","protected":false},"author":1,"featured_media":0,"parent":0,"menu_order":0,"comment_status":"closed","ping_status":"closed","template":"","meta":{"footnotes":""},"class_list":["post-1573","page","type-page","status-publish","hentry"],"yoast_head":"<!-- This site is optimized with the Yoast SEO plugin v27.4 - https:\/\/yoast.com\/product\/yoast-seo-wordpress\/ -->\n<title>Wassersportgesch\u00e4ft Marina Stavoren | marinastavoren.nl<\/title>\n<meta name=\"description\" content=\"Sind Sie auf der Suche nach neuem Bootszubeh\u00f6r, hochwertigen Segelanz\u00fcgen oder nach sch\u00f6ner Freizeitkleidung? Herzlich willkommen in unserem Wassersportgesch\u00e4ft.\" \/>\n<meta name=\"robots\" content=\"index, follow, max-snippet:-1, max-image-preview:large, max-video-preview:-1\" \/>\n<link rel=\"canonical\" href=\"https:\/\/www.marinastavoren.nl\/de\/wassersportgeschaeft\/\" \/>\n<meta property=\"og:locale\" content=\"de_DE\" \/>\n<meta property=\"og:type\" content=\"article\" \/>\n<meta property=\"og:title\" content=\"Wassersportgesch\u00e4ft Marina Stavoren | marinastavoren.nl\" \/>\n<meta property=\"og:description\" content=\"Sind Sie auf der Suche nach neuem Bootszubeh\u00f6r, hochwertigen Segelanz\u00fcgen oder nach sch\u00f6ner Freizeitkleidung? Herzlich willkommen in unserem Wassersportgesch\u00e4ft.\" \/>\n<meta property=\"og:url\" content=\"https:\/\/www.marinastavoren.nl\/de\/wassersportgeschaeft\/\" \/>\n<meta property=\"og:site_name\" content=\"Marina Stavoren\" \/>\n<meta property=\"article:publisher\" content=\"https:\/\/www.facebook.com\/marina.stavoren\" \/>\n<meta property=\"article:modified_time\" content=\"2024-11-19T14:08:23+00:00\" \/>\n<meta name=\"twitter:card\" content=\"summary_large_image\" \/>\n<meta name=\"twitter:label1\" content=\"Gesch\u00e4tzte Lesezeit\" \/>\n\t<meta name=\"twitter:data1\" content=\"5\u00a0Minuten\" \/>\n<script type=\"application\/ld+json\" class=\"yoast-schema-graph\">{\"@context\":\"https:\\\/\\\/schema.org\",\"@graph\":[{\"@type\":\"WebPage\",\"@id\":\"https:\\\/\\\/www.marinastavoren.nl\\\/de\\\/wassersportgeschaeft\\\/\",\"url\":\"https:\\\/\\\/www.marinastavoren.nl\\\/de\\\/wassersportgeschaeft\\\/\",\"name\":\"Wassersportgesch\u00e4ft Marina Stavoren | marinastavoren.nl\",\"isPartOf\":{\"@id\":\"https:\\\/\\\/www.marinastavoren.nl\\\/de\\\/#website\"},\"datePublished\":\"2022-01-05T12:22:07+00:00\",\"dateModified\":\"2024-11-19T14:08:23+00:00\",\"description\":\"Sind Sie auf der Suche nach neuem Bootszubeh\u00f6r, hochwertigen Segelanz\u00fcgen oder nach sch\u00f6ner Freizeitkleidung? Herzlich willkommen in unserem Wassersportgesch\u00e4ft.\",\"breadcrumb\":{\"@id\":\"https:\\\/\\\/www.marinastavoren.nl\\\/de\\\/wassersportgeschaeft\\\/#breadcrumb\"},\"inLanguage\":\"de\",\"potentialAction\":[{\"@type\":\"ReadAction\",\"target\":[\"https:\\\/\\\/www.marinastavoren.nl\\\/de\\\/wassersportgeschaeft\\\/\"]}]},{\"@type\":\"BreadcrumbList\",\"@id\":\"https:\\\/\\\/www.marinastavoren.nl\\\/de\\\/wassersportgeschaeft\\\/#breadcrumb\",\"itemListElement\":[{\"@type\":\"ListItem\",\"position\":1,\"name\":\"Home\",\"item\":\"https:\\\/\\\/www.marinastavoren.nl\\\/de\\\/\"},{\"@type\":\"ListItem\",\"position\":2,\"name\":\"Wassersportgesch\u00e4ft\"}]},{\"@type\":\"WebSite\",\"@id\":\"https:\\\/\\\/www.marinastavoren.nl\\\/de\\\/#website\",\"url\":\"https:\\\/\\\/www.marinastavoren.nl\\\/de\\\/\",\"name\":\"Marina Stavoren\",\"description\":\"Willkommen im Ferienpark der Marina Stavoren\",\"publisher\":{\"@id\":\"https:\\\/\\\/www.marinastavoren.nl\\\/de\\\/#organization\"},\"potentialAction\":[{\"@type\":\"SearchAction\",\"target\":{\"@type\":\"EntryPoint\",\"urlTemplate\":\"https:\\\/\\\/www.marinastavoren.nl\\\/de\\\/?s={search_term_string}\"},\"query-input\":{\"@type\":\"PropertyValueSpecification\",\"valueRequired\":true,\"valueName\":\"search_term_string\"}}],\"inLanguage\":\"de\"},{\"@type\":\"Organization\",\"@id\":\"https:\\\/\\\/www.marinastavoren.nl\\\/de\\\/#organization\",\"name\":\"Marina Stavoren\",\"url\":\"https:\\\/\\\/www.marinastavoren.nl\\\/de\\\/\",\"logo\":{\"@type\":\"ImageObject\",\"inLanguage\":\"de\",\"@id\":\"https:\\\/\\\/www.marinastavoren.nl\\\/de\\\/#\\\/schema\\\/logo\\\/image\\\/\",\"url\":\"https:\\\/\\\/www.marinastavoren.nl\\\/wp-content\\\/uploads\\\/2022\\\/12\\\/logo-marina-stavoren-sticky.png\",\"contentUrl\":\"https:\\\/\\\/www.marinastavoren.nl\\\/wp-content\\\/uploads\\\/2022\\\/12\\\/logo-marina-stavoren-sticky.png\",\"width\":277,\"height\":60,\"caption\":\"Marina Stavoren\"},\"image\":{\"@id\":\"https:\\\/\\\/www.marinastavoren.nl\\\/de\\\/#\\\/schema\\\/logo\\\/image\\\/\"},\"sameAs\":[\"https:\\\/\\\/www.facebook.com\\\/marina.stavoren\",\"https:\\\/\\\/www.instagram.com\\\/marinastavoren\\\/\"]}]}<\/script>\n<!-- \/ Yoast SEO plugin. -->","yoast_head_json":{"title":"Wassersportgesch\u00e4ft Marina Stavoren | marinastavoren.nl","description":"Sind Sie auf der Suche nach neuem Bootszubeh\u00f6r, hochwertigen Segelanz\u00fcgen oder nach sch\u00f6ner Freizeitkleidung? Herzlich willkommen in unserem Wassersportgesch\u00e4ft.","robots":{"index":"index","follow":"follow","max-snippet":"max-snippet:-1","max-image-preview":"max-image-preview:large","max-video-preview":"max-video-preview:-1"},"canonical":"https:\/\/www.marinastavoren.nl\/de\/wassersportgeschaeft\/","og_locale":"de_DE","og_type":"article","og_title":"Wassersportgesch\u00e4ft Marina Stavoren | marinastavoren.nl","og_description":"Sind Sie auf der Suche nach neuem Bootszubeh\u00f6r, hochwertigen Segelanz\u00fcgen oder nach sch\u00f6ner Freizeitkleidung? Herzlich willkommen in unserem Wassersportgesch\u00e4ft.","og_url":"https:\/\/www.marinastavoren.nl\/de\/wassersportgeschaeft\/","og_site_name":"Marina Stavoren","article_publisher":"https:\/\/www.facebook.com\/marina.stavoren","article_modified_time":"2024-11-19T14:08:23+00:00","twitter_card":"summary_large_image","twitter_misc":{"Gesch\u00e4tzte Lesezeit":"5\u00a0Minuten"},"schema":{"@context":"https:\/\/schema.org","@graph":[{"@type":"WebPage","@id":"https:\/\/www.marinastavoren.nl\/de\/wassersportgeschaeft\/","url":"https:\/\/www.marinastavoren.nl\/de\/wassersportgeschaeft\/","name":"Wassersportgesch\u00e4ft Marina Stavoren | marinastavoren.nl","isPartOf":{"@id":"https:\/\/www.marinastavoren.nl\/de\/#website"},"datePublished":"2022-01-05T12:22:07+00:00","dateModified":"2024-11-19T14:08:23+00:00","description":"Sind Sie auf der Suche nach neuem Bootszubeh\u00f6r, hochwertigen Segelanz\u00fcgen oder nach sch\u00f6ner Freizeitkleidung? Herzlich willkommen in unserem Wassersportgesch\u00e4ft.","breadcrumb":{"@id":"https:\/\/www.marinastavoren.nl\/de\/wassersportgeschaeft\/#breadcrumb"},"inLanguage":"de","potentialAction":[{"@type":"ReadAction","target":["https:\/\/www.marinastavoren.nl\/de\/wassersportgeschaeft\/"]}]},{"@type":"BreadcrumbList","@id":"https:\/\/www.marinastavoren.nl\/de\/wassersportgeschaeft\/#breadcrumb","itemListElement":[{"@type":"ListItem","position":1,"name":"Home","item":"https:\/\/www.marinastavoren.nl\/de\/"},{"@type":"ListItem","position":2,"name":"Wassersportgesch\u00e4ft"}]},{"@type":"WebSite","@id":"https:\/\/www.marinastavoren.nl\/de\/#website","url":"https:\/\/www.marinastavoren.nl\/de\/","name":"Marina Stavoren","description":"Willkommen im Ferienpark der Marina Stavoren","publisher":{"@id":"https:\/\/www.marinastavoren.nl\/de\/#organization"},"potentialAction":[{"@type":"SearchAction","target":{"@type":"EntryPoint","urlTemplate":"https:\/\/www.marinastavoren.nl\/de\/?s={search_term_string}"},"query-input":{"@type":"PropertyValueSpecification","valueRequired":true,"valueName":"search_term_string"}}],"inLanguage":"de"},{"@type":"Organization","@id":"https:\/\/www.marinastavoren.nl\/de\/#organization","name":"Marina Stavoren","url":"https:\/\/www.marinastavoren.nl\/de\/","logo":{"@type":"ImageObject","inLanguage":"de","@id":"https:\/\/www.marinastavoren.nl\/de\/#\/schema\/logo\/image\/","url":"https:\/\/www.marinastavoren.nl\/wp-content\/uploads\/2022\/12\/logo-marina-stavoren-sticky.png","contentUrl":"https:\/\/www.marinastavoren.nl\/wp-content\/uploads\/2022\/12\/logo-marina-stavoren-sticky.png","width":277,"height":60,"caption":"Marina Stavoren"},"image":{"@id":"https:\/\/www.marinastavoren.nl\/de\/#\/schema\/logo\/image\/"},"sameAs":["https:\/\/www.facebook.com\/marina.stavoren","https:\/\/www.instagram.com\/marinastavoren\/"]}]}},"_links":{"self":[{"href":"https:\/\/www.marinastavoren.nl\/de\/wp-json\/wp\/v2\/pages\/1573","targetHints":{"allow":["GET"]}}],"collection":[{"href":"https:\/\/www.marinastavoren.nl\/de\/wp-json\/wp\/v2\/pages"}],"about":[{"href":"https:\/\/www.marinastavoren.nl\/de\/wp-json\/wp\/v2\/types\/page"}],"author":[{"embeddable":true,"href":"https:\/\/www.marinastavoren.nl\/de\/wp-json\/wp\/v2\/users\/1"}],"replies":[{"embeddable":true,"href":"https:\/\/www.marinastavoren.nl\/de\/wp-json\/wp\/v2\/comments?post=1573"}],"version-history":[{"count":14,"href":"https:\/\/www.marinastavoren.nl\/de\/wp-json\/wp\/v2\/pages\/1573\/revisions"}],"predecessor-version":[{"id":11316,"href":"https:\/\/www.marinastavoren.nl\/de\/wp-json\/wp\/v2\/pages\/1573\/revisions\/11316"}],"wp:attachment":[{"href":"https:\/\/www.marinastavoren.nl\/de\/wp-json\/wp\/v2\/media?parent=1573"}],"curies":[{"name":"wp","href":"https:\/\/api.w.org\/{rel}","templated":true}]}}