{"id":1570,"date":"2021-12-21T15:04:16","date_gmt":"2021-12-21T13:04:16","guid":{"rendered":"https:\/\/marinastavoren.xdialogue-demo.nl\/waterrijck\/"},"modified":"2023-01-11T15:23:26","modified_gmt":"2023-01-11T13:23:26","slug":"waterrijck-stavoren","status":"publish","type":"page","link":"https:\/\/www.marinastavoren.nl\/de\/waterrijck-stavoren\/","title":{"rendered":"Waterrijck Stavoren"},"content":{"rendered":"<div class=\"wpb-content-wrapper\">[vc_row][vc_column][vc_column_text]\n<h1>Waterrijck Stavoren<\/h1>\n<p>Freistehende und komfortabel eingerichtete Ferienwohnungen im wasserreichen Friesland<\/p>\n<p>M\u00f6chten Sie das wasserreiche Friesland kennenlernen? Mieten Sie dann ein Ferienhaus im \u201aWaterrijck Stavoren\u2018! In den komfortabel ausgestatteten Ferienh\u00e4usern kann man herrlich entspannen. Der kleine, \u00fcbersichtliche Park liegt nur circa 200 Meter vom IJsselmeer und dem friesischen Hansest\u00e4dtchen Stavoren entfernt. Die Ferienh\u00e4user sind im Landhausstil oder als Wohnungen mit eigener Bootsanlegestelle gebaut. Der Jachthafen Marina Stavoren liegt direkt neben dem Park. Der Park selbst ist eine gute Ausfallsbasis f\u00fcr zahlreiche Freizeit- und Erholungsm\u00f6glichkeiten. Genie\u00dfen Sie die frische Luft bei einer Wanderung auf dem IJsselmeerdeich oder einfach nur die Ruhe und Weite der pr\u00e4chtigen Naturgebiete Frieslands. M\u00f6chten Sie sich lieber aktiv bet\u00e4tigen? In der wasserreichen Umgebung bieten sich zahllose Wassersportaktivit\u00e4ten an. Schwimmen, segeln, surfen, angeln, mit einer Schaluppe fahren, Stand-Up-Paddling &#8211; Vieles ist hier m\u00f6glich![\/vc_column_text][vc_column_text]<a class=\"btn btn-secundary\" href=\"https:\/\/www.waterrijck.com\/de\/\" target=\"_blank\" rel=\"noopener\">Website besuchen<\/a>[\/vc_column_text][\/vc_column][\/vc_row][vc_row equal_height=&#8220;yes&#8220; content_placement=&#8220;middle&#8220; css=&#8220;.vc_custom_1669284706669{padding-top: 10px !important;padding-right: 10px !important;padding-bottom: 10px !important;padding-left: 10px !important;background-color: #ebeef3 !important;border-radius: 10px !important;}&#8220;][vc_column width=&#8220;1\/2&#8243;][vc_column_text css=&#8220;.vc_custom_1669287847841{padding-bottom: 10px !important;}&#8220;]\n<h3>Die Landh\u00e4user von Waterrijck<\/h3>\n<p>In der sch\u00f6nsten \u201a\u201aEcke\u2018\u2018 Frieslands, zwischen dem IJsselmeer und den friesischen Seen, stehen komfortabel ausgestattete Ferienunterk\u00fcnfte in diversen Varianten, mit rings umhin viel Platz. Alle Wohnungen haben einen Steg zum Anlegen, gr\u00f6\u00dftenteils direkt beim Haus. Sie haben die Wahl zwischen verschiedenen Ferienhaustypen im Park. So erleben Sie direkt das Beste, was Friesland seinen G\u00e4sten zu bieten hat.[\/vc_column_text][vc_column_text css=&#8220;.vc_custom_1667564076793{padding-bottom: 10px !important;}&#8220;]<a class=\"btn btn-secundary\" href=\"https:\/\/www.waterrijck.com\/de\/landhaeuser\/\" target=\"_blank\" rel=\"noopener\"> Unterk\u00fcnfte ansehen<\/a>[\/vc_column_text][\/vc_column][vc_column width=&#8220;1\/2&#8243;][vc_single_image image=&#8220;588&#8243; img_size=&#8220;full&#8220; css=&#8220;.vc_custom_1640092226894{padding-top: 15px !important;}&#8220;][\/vc_column][\/vc_row][vc_row equal_height=&#8220;yes&#8220; content_placement=&#8220;middle&#8220; css=&#8220;.vc_custom_1669284697018{margin-top: 40px !important;}&#8220;][vc_column width=&#8220;1\/2&#8243;][vc_single_image image=&#8220;590&#8243; img_size=&#8220;full&#8220;][\/vc_column][vc_column width=&#8220;1\/2&#8243;][vc_column_text]\n<h3>Schiffshauswohnungen von Waterrijck<\/h3>\n<p>Stavoren liegt an der K\u00fcste des IJsselmeers, das in alten Zeiten die Zuiderzee genannt wurde. Jahrhundertelang war das St\u00e4dtchen ein bedeutender Handelshafen. Das Flair dieser Zeiten ist noch heute deutlich zu sp\u00fcren und zu sehen. Um diese Geschichte mit lebendig zu halten, wurden im Park \u201aWaterrijck Stavoren\u2018 mehrere so genannter Skipperwohnungen gebaut, H\u00e4user mit eigener Bootsanlegestelle. Und ein paar davon werden an G\u00e4ste vermietet. Diese Wohnungen bieten die M\u00f6glichkeit, direkt vom Haus aus an Bord zu gehen. Man ist so auf dem IJsselmeer oder den friesischen Seen.<\/p>\n<p><a class=\"btn btn-secundary\" href=\"https:\/\/www.waterrijck.com\/de\/schiffshauswohnungen\/\"> Unterk\u00fcnfte ansehen<\/a>[\/vc_column_text][\/vc_column][\/vc_row]\n<\/div>","protected":false},"excerpt":{"rendered":"<p>[vc_row][vc_column][vc_column_text] Waterrijck Stavoren Freistehende und komfortabel eingerichtete Ferienwohnungen im wasserreichen Friesland M\u00f6chten Sie das wasserreiche Friesland kennenlernen? Mieten Sie dann [&hellip;]<\/p>\n","protected":false},"author":1,"featured_media":0,"parent":0,"menu_order":0,"comment_status":"closed","ping_status":"closed","template":"","meta":{"footnotes":""},"class_list":["post-1570","page","type-page","status-publish","hentry"],"yoast_head":"<!-- This site is optimized with the Yoast SEO plugin v27.4 - https:\/\/yoast.com\/product\/yoast-seo-wordpress\/ -->\n<title>Waterrijck Stavoren | Marinastavoren.nl<\/title>\n<meta name=\"description\" content=\"Naar waterrijk Friesland? In de vakantiewoningen van Waterrijck Stavoren kunt u op topniveau recre\u00ebren. Bel +31 (0)88-0504100 voor een reservering.\" \/>\n<meta name=\"robots\" content=\"index, follow, max-snippet:-1, max-image-preview:large, max-video-preview:-1\" \/>\n<link rel=\"canonical\" href=\"https:\/\/www.marinastavoren.nl\/de\/waterrijck-stavoren\/\" \/>\n<meta property=\"og:locale\" content=\"de_DE\" \/>\n<meta property=\"og:type\" content=\"article\" \/>\n<meta property=\"og:title\" content=\"Waterrijck Stavoren | Marinastavoren.nl\" \/>\n<meta property=\"og:description\" content=\"Naar waterrijk Friesland? In de vakantiewoningen van Waterrijck Stavoren kunt u op topniveau recre\u00ebren. Bel +31 (0)88-0504100 voor een reservering.\" \/>\n<meta property=\"og:url\" content=\"https:\/\/www.marinastavoren.nl\/de\/waterrijck-stavoren\/\" \/>\n<meta property=\"og:site_name\" content=\"Marina Stavoren\" \/>\n<meta property=\"article:publisher\" content=\"https:\/\/www.facebook.com\/marina.stavoren\" \/>\n<meta property=\"article:modified_time\" content=\"2023-01-11T13:23:26+00:00\" \/>\n<meta name=\"twitter:card\" content=\"summary_large_image\" \/>\n<meta name=\"twitter:label1\" content=\"Gesch\u00e4tzte Lesezeit\" \/>\n\t<meta name=\"twitter:data1\" content=\"2\u00a0Minuten\" \/>\n<script type=\"application\/ld+json\" class=\"yoast-schema-graph\">{\"@context\":\"https:\\\/\\\/schema.org\",\"@graph\":[{\"@type\":\"WebPage\",\"@id\":\"https:\\\/\\\/www.marinastavoren.nl\\\/de\\\/waterrijck-stavoren\\\/\",\"url\":\"https:\\\/\\\/www.marinastavoren.nl\\\/de\\\/waterrijck-stavoren\\\/\",\"name\":\"Waterrijck Stavoren | Marinastavoren.nl\",\"isPartOf\":{\"@id\":\"https:\\\/\\\/www.marinastavoren.nl\\\/de\\\/#website\"},\"datePublished\":\"2021-12-21T13:04:16+00:00\",\"dateModified\":\"2023-01-11T13:23:26+00:00\",\"description\":\"Naar waterrijk Friesland? In de vakantiewoningen van Waterrijck Stavoren kunt u op topniveau recre\u00ebren. Bel +31 (0)88-0504100 voor een reservering.\",\"breadcrumb\":{\"@id\":\"https:\\\/\\\/www.marinastavoren.nl\\\/de\\\/waterrijck-stavoren\\\/#breadcrumb\"},\"inLanguage\":\"de\",\"potentialAction\":[{\"@type\":\"ReadAction\",\"target\":[\"https:\\\/\\\/www.marinastavoren.nl\\\/de\\\/waterrijck-stavoren\\\/\"]}]},{\"@type\":\"BreadcrumbList\",\"@id\":\"https:\\\/\\\/www.marinastavoren.nl\\\/de\\\/waterrijck-stavoren\\\/#breadcrumb\",\"itemListElement\":[{\"@type\":\"ListItem\",\"position\":1,\"name\":\"Home\",\"item\":\"https:\\\/\\\/www.marinastavoren.nl\\\/de\\\/\"},{\"@type\":\"ListItem\",\"position\":2,\"name\":\"Waterrijck Stavoren\"}]},{\"@type\":\"WebSite\",\"@id\":\"https:\\\/\\\/www.marinastavoren.nl\\\/de\\\/#website\",\"url\":\"https:\\\/\\\/www.marinastavoren.nl\\\/de\\\/\",\"name\":\"Marina Stavoren\",\"description\":\"Willkommen im Ferienpark der Marina Stavoren\",\"publisher\":{\"@id\":\"https:\\\/\\\/www.marinastavoren.nl\\\/de\\\/#organization\"},\"potentialAction\":[{\"@type\":\"SearchAction\",\"target\":{\"@type\":\"EntryPoint\",\"urlTemplate\":\"https:\\\/\\\/www.marinastavoren.nl\\\/de\\\/?s={search_term_string}\"},\"query-input\":{\"@type\":\"PropertyValueSpecification\",\"valueRequired\":true,\"valueName\":\"search_term_string\"}}],\"inLanguage\":\"de\"},{\"@type\":\"Organization\",\"@id\":\"https:\\\/\\\/www.marinastavoren.nl\\\/de\\\/#organization\",\"name\":\"Marina Stavoren\",\"url\":\"https:\\\/\\\/www.marinastavoren.nl\\\/de\\\/\",\"logo\":{\"@type\":\"ImageObject\",\"inLanguage\":\"de\",\"@id\":\"https:\\\/\\\/www.marinastavoren.nl\\\/de\\\/#\\\/schema\\\/logo\\\/image\\\/\",\"url\":\"https:\\\/\\\/www.marinastavoren.nl\\\/wp-content\\\/uploads\\\/2022\\\/12\\\/logo-marina-stavoren-sticky.png\",\"contentUrl\":\"https:\\\/\\\/www.marinastavoren.nl\\\/wp-content\\\/uploads\\\/2022\\\/12\\\/logo-marina-stavoren-sticky.png\",\"width\":277,\"height\":60,\"caption\":\"Marina Stavoren\"},\"image\":{\"@id\":\"https:\\\/\\\/www.marinastavoren.nl\\\/de\\\/#\\\/schema\\\/logo\\\/image\\\/\"},\"sameAs\":[\"https:\\\/\\\/www.facebook.com\\\/marina.stavoren\",\"https:\\\/\\\/www.instagram.com\\\/marinastavoren\\\/\"]}]}<\/script>\n<!-- \/ Yoast SEO plugin. -->","yoast_head_json":{"title":"Waterrijck Stavoren | Marinastavoren.nl","description":"Naar waterrijk Friesland? In de vakantiewoningen van Waterrijck Stavoren kunt u op topniveau recre\u00ebren. Bel +31 (0)88-0504100 voor een reservering.","robots":{"index":"index","follow":"follow","max-snippet":"max-snippet:-1","max-image-preview":"max-image-preview:large","max-video-preview":"max-video-preview:-1"},"canonical":"https:\/\/www.marinastavoren.nl\/de\/waterrijck-stavoren\/","og_locale":"de_DE","og_type":"article","og_title":"Waterrijck Stavoren | Marinastavoren.nl","og_description":"Naar waterrijk Friesland? In de vakantiewoningen van Waterrijck Stavoren kunt u op topniveau recre\u00ebren. Bel +31 (0)88-0504100 voor een reservering.","og_url":"https:\/\/www.marinastavoren.nl\/de\/waterrijck-stavoren\/","og_site_name":"Marina Stavoren","article_publisher":"https:\/\/www.facebook.com\/marina.stavoren","article_modified_time":"2023-01-11T13:23:26+00:00","twitter_card":"summary_large_image","twitter_misc":{"Gesch\u00e4tzte Lesezeit":"2\u00a0Minuten"},"schema":{"@context":"https:\/\/schema.org","@graph":[{"@type":"WebPage","@id":"https:\/\/www.marinastavoren.nl\/de\/waterrijck-stavoren\/","url":"https:\/\/www.marinastavoren.nl\/de\/waterrijck-stavoren\/","name":"Waterrijck Stavoren | Marinastavoren.nl","isPartOf":{"@id":"https:\/\/www.marinastavoren.nl\/de\/#website"},"datePublished":"2021-12-21T13:04:16+00:00","dateModified":"2023-01-11T13:23:26+00:00","description":"Naar waterrijk Friesland? In de vakantiewoningen van Waterrijck Stavoren kunt u op topniveau recre\u00ebren. Bel +31 (0)88-0504100 voor een reservering.","breadcrumb":{"@id":"https:\/\/www.marinastavoren.nl\/de\/waterrijck-stavoren\/#breadcrumb"},"inLanguage":"de","potentialAction":[{"@type":"ReadAction","target":["https:\/\/www.marinastavoren.nl\/de\/waterrijck-stavoren\/"]}]},{"@type":"BreadcrumbList","@id":"https:\/\/www.marinastavoren.nl\/de\/waterrijck-stavoren\/#breadcrumb","itemListElement":[{"@type":"ListItem","position":1,"name":"Home","item":"https:\/\/www.marinastavoren.nl\/de\/"},{"@type":"ListItem","position":2,"name":"Waterrijck Stavoren"}]},{"@type":"WebSite","@id":"https:\/\/www.marinastavoren.nl\/de\/#website","url":"https:\/\/www.marinastavoren.nl\/de\/","name":"Marina Stavoren","description":"Willkommen im Ferienpark der Marina Stavoren","publisher":{"@id":"https:\/\/www.marinastavoren.nl\/de\/#organization"},"potentialAction":[{"@type":"SearchAction","target":{"@type":"EntryPoint","urlTemplate":"https:\/\/www.marinastavoren.nl\/de\/?s={search_term_string}"},"query-input":{"@type":"PropertyValueSpecification","valueRequired":true,"valueName":"search_term_string"}}],"inLanguage":"de"},{"@type":"Organization","@id":"https:\/\/www.marinastavoren.nl\/de\/#organization","name":"Marina Stavoren","url":"https:\/\/www.marinastavoren.nl\/de\/","logo":{"@type":"ImageObject","inLanguage":"de","@id":"https:\/\/www.marinastavoren.nl\/de\/#\/schema\/logo\/image\/","url":"https:\/\/www.marinastavoren.nl\/wp-content\/uploads\/2022\/12\/logo-marina-stavoren-sticky.png","contentUrl":"https:\/\/www.marinastavoren.nl\/wp-content\/uploads\/2022\/12\/logo-marina-stavoren-sticky.png","width":277,"height":60,"caption":"Marina Stavoren"},"image":{"@id":"https:\/\/www.marinastavoren.nl\/de\/#\/schema\/logo\/image\/"},"sameAs":["https:\/\/www.facebook.com\/marina.stavoren","https:\/\/www.instagram.com\/marinastavoren\/"]}]}},"_links":{"self":[{"href":"https:\/\/www.marinastavoren.nl\/de\/wp-json\/wp\/v2\/pages\/1570","targetHints":{"allow":["GET"]}}],"collection":[{"href":"https:\/\/www.marinastavoren.nl\/de\/wp-json\/wp\/v2\/pages"}],"about":[{"href":"https:\/\/www.marinastavoren.nl\/de\/wp-json\/wp\/v2\/types\/page"}],"author":[{"embeddable":true,"href":"https:\/\/www.marinastavoren.nl\/de\/wp-json\/wp\/v2\/users\/1"}],"replies":[{"embeddable":true,"href":"https:\/\/www.marinastavoren.nl\/de\/wp-json\/wp\/v2\/comments?post=1570"}],"version-history":[{"count":7,"href":"https:\/\/www.marinastavoren.nl\/de\/wp-json\/wp\/v2\/pages\/1570\/revisions"}],"predecessor-version":[{"id":2488,"href":"https:\/\/www.marinastavoren.nl\/de\/wp-json\/wp\/v2\/pages\/1570\/revisions\/2488"}],"wp:attachment":[{"href":"https:\/\/www.marinastavoren.nl\/de\/wp-json\/wp\/v2\/media?parent=1570"}],"curies":[{"name":"wp","href":"https:\/\/api.w.org\/{rel}","templated":true}]}}