{"id":1542,"date":"2021-11-04T14:31:06","date_gmt":"2021-11-04T12:31:06","guid":{"rendered":"https:\/\/marinastavoren.xdialogue-demo.nl\/skips-sails\/"},"modified":"2023-01-11T15:22:25","modified_gmt":"2023-01-11T13:22:25","slug":"skips-sails","status":"publish","type":"page","link":"https:\/\/www.marinastavoren.nl\/de\/skips-sails\/","title":{"rendered":"Skips Sails"},"content":{"rendered":"<div class=\"wpb-content-wrapper\">[vc_row][vc_column width=&#8220;1\/2&#8243;][vc_single_image image=&#8220;338&#8243; img_size=&#8220;full&#8220; style=&#8220;vc_box_rounded&#8220;][\/vc_column][vc_column width=&#8220;1\/2&#8243; css=&#8220;.vc_custom_1432888611759{padding-top: 60px !important;}&#8220;][vc_column_text css=&#8220;.vc_custom_1669649184011{padding-top: 0px !important;padding-right: 10px !important;padding-bottom: 10px !important;padding-left: 10px !important;}&#8220;]\n<h3>Skips Sails: Experten f\u00fcr Segel und Rigg<\/h3>\n<p>Mit Skips Sails hat SkipsMaritiem eine qualitativ hochwertige Segelmacherei im Haus. Skips Sails ist zudem Verk\u00e4ufer der Segel der renommierten Hersteller UK-De Vries Sails und SailSelect. Sie sind spezialisiert in der Produktion von Bootsplanen und Canvas Produkten. Und auch wenn es um das Rigg geht, sind Sie bei uns an der richtigen Adresse. [\/vc_column_text][\/vc_column][vc_column][vc_empty_space height=&#8220;84px&#8220;][vc_row_inner][vc_column_inner width=&#8220;1\/2&#8243; css=&#8220;.vc_custom_1441703894436{margin-top: 30px !important;}&#8220;][vc_column_text css=&#8220;.vc_custom_1669649222106{padding-top: 10px !important;}&#8220;]\n<h3>Was Skips Sails einzigartig macht\u2026<\/h3>\n<p>.. ist, dass unsere Fachleute f\u00fcr die verschiedensten Probleme gute L\u00f6sungen finden. Wir k\u00f6nnen s\u00e4mtliche Reparaturen auf unserem Gel\u00e4nde ausf\u00fchren. Daneben tun wir jedoch noch viel mehr. So ist die Produktion von Winterplanen ein wichtiger Zweig unserer Arbeit. Auch sind Sie bei uns richtig f\u00fcr die Reinigung von Segeln und Abdeckungen.<\/p>\n<p><strong>Sie sehen: Ihre komplette Takelage ist bei uns in guten, erfahrenen H\u00e4nden. Von Kleinstkomponenten bis hin zu komplexen Projekten: Sie k\u00f6nnen uns die Arbeit anvertrauen.<\/strong><br \/>\n[\/vc_column_text][\/vc_column_inner][vc_column_inner width=&#8220;1\/2&#8243;][vc_single_image image=&#8220;337&#8243; img_size=&#8220;full&#8220; alignment=&#8220;right&#8220; style=&#8220;vc_box_rounded&#8220;][\/vc_column_inner][\/vc_row_inner][\/vc_column][\/vc_row][vc_row full_width=&#8220;stretch_row&#8220; parallax=&#8220;content-moving&#8220; parallax_image=&#8220;345&#8243; css=&#8220;.vc_custom_1636029202113{background-position: center;background-repeat: no-repeat !important;background-size: cover !important;}&#8220;][vc_column width=&#8220;1\/2&#8243;][vc_column_text el_class=&#8220;white-box content-padding&#8220;]\n<h2>Jachtsegel<\/h2>\n<p>Segeln kennt viele Varianten: Eine kleine Runde \u00fcber den See, von Hafen zu Hafen, entlang der K\u00fcste des IJsselmeers oder \u00fcber das IJsselmeer, auf dem Wattenmeer spazieren fahren, eine \u00dcberfahrt nach England oder weiter, ein kurzes Wettsegeln am Abend oder die Colin Archer Memorial Regatta\u2026.<\/p>\n<p>F\u00fcr jedes dieser Fahrreviere hat Skips Sails die jeweils passenden Segel. Segler sind Individualisten, es gibt viele Unterschiede zwischen ihnen. Darum liefern wir alle unsere Segel auch als Ma\u00dfanfertigung. Wir kommen zu Ihnen an Bord und nehmen die Ma\u00dfe des Riggs auf. Anhand dieser k\u00f6nnen unsere Fachleute dann das Segel f\u00fcr Sie entwerfen, das qua Eigenschaften optimal f\u00fcr Ihre Segeljacht ist. Wir sind selbst leidenschaftliche Tour- und Wettstreitsegler. Gemeinsam mit Ihnen finden wir eine passende L\u00f6sung.<\/p>\n<p>Ob es Ihnen nun um Tour- oder Wettstreitsegeln geht: Unser Ziel ist es, gute, schnelle und verl\u00e4ssliche Segel f\u00fcr Sie zu fertigen. Segel mit einer langen Lebensdauer, an denen Sie viel Spa\u00df haben werden \u2013 und die Ihr Geld wert sind.[\/vc_column_text][\/vc_column][vc_column width=&#8220;1\/2&#8243;][vc_single_image image=&#8220;339&#8243; img_size=&#8220;large&#8220; style=&#8220;vc_box_shadow_3d&#8220;][\/vc_column][\/vc_row][vc_row full_width=&#8220;stretch_row&#8220; parallax=&#8220;content-moving&#8220; css=&#8220;.vc_custom_1610091158311{background-position: center;background-repeat: no-repeat !important;background-size: cover !important;}&#8220;][vc_column width=&#8220;1\/2&#8243;][vc_column_text el_class=&#8220;white-box content-padding&#8220;]\n<h2>Canvas Arbeiten<\/h2>\n<p>Skips Sails hat sich einen ausgezeichneten Ruf erworben auf dem Gebiet von Sprayhoods, Bimini-Verdecks und Segelplanen.<\/p>\n<p>Ein Modell, sehr sorgf\u00e4ltig f\u00fcr Ihr Schiff angefertigt, wird mit viel Liebe zum Detail verarbeitet. Vergleichen Sie unsere Produkte mit denen anderer Segelmacher und Sie werden selbst sehen, worin wir uns unterscheiden. Als einer der wenigen falten wir beispielsweise unsere Vorn\u00e4hte ein. Dies hat bei einer Abdeckung aus Stoff den gro\u00dfen Vorteil, dass deren N\u00e4hte sich nicht auftrennen werden. Selbst nach dem Waschen bleiben sie intakt und fest. In unseren Standorten Flevo Marina und Jachthafen Hindeloopen fertigen wir Sprayhoods, Segelplanen und andere Bez\u00fcge an. F\u00fcr n\u00e4here Information k\u00f6nnen Sie direkt mit der Abteilung Skips Sails Kontakt aufnehmen, die f\u00fcr Sie am g\u00fcnstigsten liegt.[\/vc_column_text][\/vc_column][vc_column width=&#8220;1\/2&#8243;][vc_single_image image=&#8220;340&#8243; img_size=&#8220;full&#8220; alignment=&#8220;center&#8220; style=&#8220;vc_box_shadow_3d&#8220;][\/vc_column][\/vc_row][vc_row full_width=&#8220;stretch_row&#8220; parallax=&#8220;content-moving&#8220; parallax_image=&#8220;345&#8243; css=&#8220;.vc_custom_1636029210898{background-position: center;background-repeat: no-repeat !important;background-size: cover !important;}&#8220;][vc_column width=&#8220;1\/2&#8243;][vc_column_text el_class=&#8220;white-box content-padding&#8220;]\n<h2>Riggs<\/h2>\n<p>Skips Sails versorgt komplette Riggs f\u00fcr kleine und gro\u00dfe Jachten.<\/p>\n<p>Wir liefern und stellen Masten, montieren Baum und Roll-Reffsysteme renommierter Hersteller. Fachkenntnis, gute Beratung, bestes Material und modernste Maschinen: Die Elemente eines wirklich stabilen Riggs.<\/p>\n<p>Auch f\u00fcr die Lieferung und Wartung von Vorstagprofilen von u. a. Furlex, Profurl und Facnor sind Sie darum bei uns an der richtigen Adresse. Von vielen Furlex Varianten haben wir zudem Ersatzteile auf Lager.<\/p>\n<p>Neue Masten liefern wir von Seld\u00e9n, Master Masten, Neutmast und Sparcraft.<\/p>\n<p>Bei Skips Sails sind Sie auch f\u00fcr das Trimmen Ihres Mastes an der richtigen Adresse. Unsere Takler\/Rigger sehen sich das Deckslayout an und \u00fcberlegen gerne mit Ihnen, ob die Bedienung der Segel einfacher sein k\u00f6nnte. Auch bekommen Sie bei uns Stahldraht. Wir k\u00f6nnen diesen speziell f\u00fcr Ihr Schiff auf Ma\u00df liefern und die Terminals an die neue Abstagung walzen, bis einschlie\u00dflich 12 mm.[\/vc_column_text][\/vc_column][vc_column width=&#8220;1\/2&#8243;][vc_single_image image=&#8220;341&#8243; img_size=&#8220;full&#8220; alignment=&#8220;center&#8220; style=&#8220;vc_box_shadow_3d&#8220;][\/vc_column][\/vc_row][vc_row full_width=&#8220;stretch_row&#8220; parallax=&#8220;content-moving&#8220; css=&#8220;.vc_custom_1610091158311{background-position: center;background-repeat: no-repeat;background-size: cover !important;}&#8220;][vc_column width=&#8220;1\/2&#8243;][vc_column_text el_class=&#8220;white-box content-padding&#8220;]\n<h2>Leinen<\/h2>\n<p>Bei Skips Sails haben Sie die Wahl aus einem gro\u00dfen Sortiment an Tauwerk. Skips Sails hat seit Januar 2016 den exklusiven Vertrieb f\u00fcr Lancelin-Tauwerk auf der Ostseite der IJssel und des Markermeers. Wir haben uns f\u00fcr Lancelin entschieden, weil das Unternehmen eine hervorragende Qualit\u00e4t und ein hohes Ma\u00df an Innovation bietet. Lancelin, der Importeur, und wir arbeiten mit einem einheitlichen Farbschema f\u00fcr Fallen und Schoten, so dass jede Leine an Bord eine Grundfarbe hat und somit gut erkennbar ist. Aber auch f\u00fcr Leinen mit einer bestimmten Farbkombination bietet Lancelin viele M\u00f6glichkeiten. Unsere Rigger passen Ihre neuen Leinen gerne f\u00fcr Sie an und versehen sie mit guten, starken Splei\u00dfen.<\/p>\n<p>F\u00fcr Ihr Segelboot oder Motorboot haben wir ein sehr umfangreiches Sortiment. Hierzu geh\u00f6ren beispielsweise:<\/p>\n<ul>\n<li>Fallleinen f\u00fcr Segelboote<\/li>\n<li>Schoten f\u00fcr Boote<\/li>\n<li>Trimmleinen<\/li>\n<li>Festmacherleinen<br \/>\nusw.<\/li>\n<\/ul>\n[\/vc_column_text][\/vc_column][vc_column width=&#8220;1\/2&#8243;][vc_single_image image=&#8220;342&#8243; img_size=&#8220;full&#8220; alignment=&#8220;center&#8220; style=&#8220;vc_box_shadow_3d&#8220;][\/vc_column][\/vc_row][vc_row css=&#8220;.vc_custom_1610091474531{margin-top: -100px !important;}&#8220;][vc_column][vc_separator][\/vc_column][\/vc_row][vc_row][vc_column width=&#8220;1\/4&#8243;][vc_column_text]\n<h3>Kontaktdaten<\/h3>\n<p>An Werktagen sind wir ge\u00f6ffnet von 7.30 Uhr bis 12.00 Uhr und von 12.30 Uhr bis 16.00 Uhr, Tel. +31 (0)88-05 04 111<\/p>\n<p>Skips Sails arbeitet zusammen mit unseren Niederlassungen <a href=\"http:\/\/www.flevomarina.com\/skips-sails\/\" target=\"_blank\" rel=\"noopener\">Flevo Marina<\/a> und <a href=\"http:\/\/www.jachthavenhindeloopen.nl\/nl\/skipssails\" target=\"_blank\" rel=\"noopener\">Jachthaven Hindeloopen<\/a>[\/vc_column_text][\/vc_column][vc_column width=&#8220;3\/4&#8243;]\n<div class=\"wpcf7 no-js\" id=\"wpcf7-f1584-o1\" lang=\"de-DE\" dir=\"ltr\" data-wpcf7-id=\"1584\">\n<div class=\"screen-reader-response\"><p role=\"status\" aria-live=\"polite\" aria-atomic=\"true\"><\/p> <ul><\/ul><\/div>\n<form action=\"\/de\/wp-json\/wp\/v2\/pages\/1542#wpcf7-f1584-o1\" method=\"post\" class=\"wpcf7-form init\" aria-label=\"Kontaktformular\" novalidate=\"novalidate\" data-status=\"init\">\n<fieldset class=\"hidden-fields-container\"><input type=\"hidden\" name=\"_wpcf7\" value=\"1584\" \/><input type=\"hidden\" name=\"_wpcf7_version\" value=\"6.1.5\" \/><input type=\"hidden\" name=\"_wpcf7_locale\" value=\"de_DE\" \/><input type=\"hidden\" name=\"_wpcf7_unit_tag\" value=\"wpcf7-f1584-o1\" \/><input type=\"hidden\" name=\"_wpcf7_container_post\" value=\"0\" \/><input type=\"hidden\" name=\"_wpcf7_posted_data_hash\" value=\"\" \/>\n<\/fieldset>\n<div class=\"wpcf7-turnstile cf-turnstile\" data-sitekey=\"0x4AAAAAABt1S1d4mW3UXUVT\" data-response-field-name=\"_wpcf7_turnstile_response\"><\/div>\n\n<div class=\"row\">\n\t<div class=\"col-lg-6 col-md-12\">\n\t\t<div class=\"row\">\n\t\t\t<div class=\"col-lg-12 col-md-6\">\n\t\t\t\t<p class=\"input-field\"><label for=\"contact-name\"><span class=\"fa fa-user\"><\/span> Name<abbr title=\"required\" class=\"required\">*<\/abbr><\/label><span class=\"wpcf7-form-control-wrap\" data-name=\"your-name\"><input size=\"40\" maxlength=\"400\" class=\"wpcf7-form-control wpcf7-text wpcf7-validates-as-required\" id=\"contact-name\" aria-required=\"true\" aria-invalid=\"false\" placeholder=\"Name\" value=\"\" type=\"text\" name=\"your-name\" \/><\/span>\n\t\t\t\t<\/p>\n\t\t\t\t<p class=\"input-field\"><label for=\"contact-email\"><span class=\"fa fa-envelope\"><\/span> E-Mail<abbr title=\"required\" class=\"required\">*<\/abbr><\/label><span class=\"wpcf7-form-control-wrap\" data-name=\"your-email\"><input size=\"40\" maxlength=\"400\" class=\"wpcf7-form-control wpcf7-email wpcf7-validates-as-required wpcf7-text wpcf7-validates-as-email\" id=\"contact-email\" aria-required=\"true\" aria-invalid=\"false\" placeholder=\"E-Mail\" value=\"\" type=\"email\" name=\"your-email\" \/><\/span>\n\t\t\t\t<\/p>\n\t\t\t\t<p class=\"input-field\"><label for=\"contact-subject\"><span class=\"fa fa-file\"><\/span>Betreff<\/label><span class=\"wpcf7-form-control-wrap\" data-name=\"your-subject\"><input size=\"40\" maxlength=\"400\" class=\"wpcf7-form-control wpcf7-text\" id=\"contact-subject\" aria-invalid=\"false\" placeholder=\"Betreff\" value=\"\" type=\"text\" name=\"your-subject\" \/><\/span>\n\t\t\t\t<\/p>\n\t\t\t<\/div>\n\t\t\t<div class=\"col-lg-12 col-md-6\">\n\t\t\t<\/div>\n\t\t<\/div>\n\t<\/div>\n\t<div class=\"col-lg-6 col-md-12\">\n\t\t<p class=\"textarea-field\"><label for=\"Bericht\"><span class=\"fa fa-edit\"><\/span>Ihre Nachricht<\/label><span class=\"wpcf7-form-control-wrap\" data-name=\"your-message\"><textarea cols=\"40\" rows=\"10\" maxlength=\"2000\" class=\"wpcf7-form-control wpcf7-textarea\" id=\"contact-message\" aria-invalid=\"false\" placeholder=\"Ihre Nachricht\" name=\"your-message\"><\/textarea><\/span>\n\t\t<\/p>\n\t\t<div class=\"row\">\n\t\t\t<div class=\"col-sm-8\">\n\t\t\t\t<p><input class=\"wpcf7-form-control wpcf7-submit has-spinner\" type=\"submit\" value=\"Versenden\" \/>\n\t\t\t\t<\/p>\n\t\t\t\t<p>F\u00fcllen Sie das Formular aus, wir setzen uns so schnell wie m\u00f6glich mit Ihnen in Verbindung.\n\t\t\t\t<\/p>\n\t\t\t<\/div>\n\t\t<\/div>\n\t<\/div>\n<\/div><div class=\"wpcf7-response-output\" aria-hidden=\"true\"><\/div>\n<\/form>\n<\/div>\n[\/vc_column][\/vc_row]\n<\/div>","protected":false},"excerpt":{"rendered":"<p>[vc_row][vc_column width=&#8220;1\/2&#8243;][vc_single_image image=&#8220;338&#8243; img_size=&#8220;full&#8220; style=&#8220;vc_box_rounded&#8220;][\/vc_column][vc_column width=&#8220;1\/2&#8243; css=&#8220;.vc_custom_1432888611759{padding-top: 60px !important;}&#8220;][vc_column_text css=&#8220;.vc_custom_1669649184011{padding-top: 0px !important;padding-right: 10px !important;padding-bottom: 10px !important;padding-left: 10px !important;}&#8220;] Skips Sails: [&hellip;]<\/p>\n","protected":false},"author":1,"featured_media":0,"parent":0,"menu_order":0,"comment_status":"closed","ping_status":"closed","template":"","meta":{"footnotes":""},"class_list":["post-1542","page","type-page","status-publish","hentry"],"yoast_head":"<!-- This site is optimized with the Yoast SEO plugin v27.5 - https:\/\/yoast.com\/product\/yoast-seo-wordpress\/ -->\n<title>Skips Sails SkipsMaritiem | MarinaStavoren.nl<\/title>\n<meta name=\"description\" content=\"Mit SkipsSails hat die SkipsMaritiem eine qualitativ hochwertige, hauseigene Segelmacherei.\" \/>\n<meta name=\"robots\" content=\"index, follow, max-snippet:-1, max-image-preview:large, max-video-preview:-1\" \/>\n<link rel=\"canonical\" href=\"https:\/\/www.marinastavoren.nl\/de\/skips-sails\/\" \/>\n<meta property=\"og:locale\" content=\"de_DE\" \/>\n<meta property=\"og:type\" content=\"article\" \/>\n<meta property=\"og:title\" content=\"Skips Sails SkipsMaritiem | MarinaStavoren.nl\" \/>\n<meta property=\"og:description\" content=\"Mit SkipsSails hat die SkipsMaritiem eine qualitativ hochwertige, hauseigene Segelmacherei.\" \/>\n<meta property=\"og:url\" content=\"https:\/\/www.marinastavoren.nl\/de\/skips-sails\/\" \/>\n<meta property=\"og:site_name\" content=\"Marina Stavoren\" \/>\n<meta property=\"article:publisher\" content=\"https:\/\/www.facebook.com\/marina.stavoren\" \/>\n<meta property=\"article:modified_time\" content=\"2023-01-11T13:22:25+00:00\" \/>\n<meta name=\"twitter:card\" content=\"summary_large_image\" \/>\n<meta name=\"twitter:label1\" content=\"Gesch\u00e4tzte Lesezeit\" \/>\n\t<meta name=\"twitter:data1\" content=\"5\u00a0Minuten\" \/>\n<script type=\"application\/ld+json\" class=\"yoast-schema-graph\">{\"@context\":\"https:\\\/\\\/schema.org\",\"@graph\":[{\"@type\":\"WebPage\",\"@id\":\"https:\\\/\\\/www.marinastavoren.nl\\\/de\\\/skips-sails\\\/\",\"url\":\"https:\\\/\\\/www.marinastavoren.nl\\\/de\\\/skips-sails\\\/\",\"name\":\"Skips Sails SkipsMaritiem | MarinaStavoren.nl\",\"isPartOf\":{\"@id\":\"https:\\\/\\\/www.marinastavoren.nl\\\/de\\\/#website\"},\"datePublished\":\"2021-11-04T12:31:06+00:00\",\"dateModified\":\"2023-01-11T13:22:25+00:00\",\"description\":\"Mit SkipsSails hat die SkipsMaritiem eine qualitativ hochwertige, hauseigene Segelmacherei.\",\"breadcrumb\":{\"@id\":\"https:\\\/\\\/www.marinastavoren.nl\\\/de\\\/skips-sails\\\/#breadcrumb\"},\"inLanguage\":\"de\",\"potentialAction\":[{\"@type\":\"ReadAction\",\"target\":[\"https:\\\/\\\/www.marinastavoren.nl\\\/de\\\/skips-sails\\\/\"]}]},{\"@type\":\"BreadcrumbList\",\"@id\":\"https:\\\/\\\/www.marinastavoren.nl\\\/de\\\/skips-sails\\\/#breadcrumb\",\"itemListElement\":[{\"@type\":\"ListItem\",\"position\":1,\"name\":\"Home\",\"item\":\"https:\\\/\\\/www.marinastavoren.nl\\\/de\\\/\"},{\"@type\":\"ListItem\",\"position\":2,\"name\":\"Skips Sails\"}]},{\"@type\":\"WebSite\",\"@id\":\"https:\\\/\\\/www.marinastavoren.nl\\\/de\\\/#website\",\"url\":\"https:\\\/\\\/www.marinastavoren.nl\\\/de\\\/\",\"name\":\"Marina Stavoren\",\"description\":\"Willkommen im Ferienpark der Marina Stavoren\",\"publisher\":{\"@id\":\"https:\\\/\\\/www.marinastavoren.nl\\\/de\\\/#organization\"},\"potentialAction\":[{\"@type\":\"SearchAction\",\"target\":{\"@type\":\"EntryPoint\",\"urlTemplate\":\"https:\\\/\\\/www.marinastavoren.nl\\\/de\\\/?s={search_term_string}\"},\"query-input\":{\"@type\":\"PropertyValueSpecification\",\"valueRequired\":true,\"valueName\":\"search_term_string\"}}],\"inLanguage\":\"de\"},{\"@type\":\"Organization\",\"@id\":\"https:\\\/\\\/www.marinastavoren.nl\\\/de\\\/#organization\",\"name\":\"Marina Stavoren\",\"url\":\"https:\\\/\\\/www.marinastavoren.nl\\\/de\\\/\",\"logo\":{\"@type\":\"ImageObject\",\"inLanguage\":\"de\",\"@id\":\"https:\\\/\\\/www.marinastavoren.nl\\\/de\\\/#\\\/schema\\\/logo\\\/image\\\/\",\"url\":\"https:\\\/\\\/www.marinastavoren.nl\\\/wp-content\\\/uploads\\\/2022\\\/12\\\/logo-marina-stavoren-sticky.png\",\"contentUrl\":\"https:\\\/\\\/www.marinastavoren.nl\\\/wp-content\\\/uploads\\\/2022\\\/12\\\/logo-marina-stavoren-sticky.png\",\"width\":277,\"height\":60,\"caption\":\"Marina Stavoren\"},\"image\":{\"@id\":\"https:\\\/\\\/www.marinastavoren.nl\\\/de\\\/#\\\/schema\\\/logo\\\/image\\\/\"},\"sameAs\":[\"https:\\\/\\\/www.facebook.com\\\/marina.stavoren\",\"https:\\\/\\\/www.instagram.com\\\/marinastavoren\\\/\"]}]}<\/script>\n<!-- \/ Yoast SEO plugin. -->","yoast_head_json":{"title":"Skips Sails SkipsMaritiem | MarinaStavoren.nl","description":"Mit SkipsSails hat die SkipsMaritiem eine qualitativ hochwertige, hauseigene Segelmacherei.","robots":{"index":"index","follow":"follow","max-snippet":"max-snippet:-1","max-image-preview":"max-image-preview:large","max-video-preview":"max-video-preview:-1"},"canonical":"https:\/\/www.marinastavoren.nl\/de\/skips-sails\/","og_locale":"de_DE","og_type":"article","og_title":"Skips Sails SkipsMaritiem | MarinaStavoren.nl","og_description":"Mit SkipsSails hat die SkipsMaritiem eine qualitativ hochwertige, hauseigene Segelmacherei.","og_url":"https:\/\/www.marinastavoren.nl\/de\/skips-sails\/","og_site_name":"Marina Stavoren","article_publisher":"https:\/\/www.facebook.com\/marina.stavoren","article_modified_time":"2023-01-11T13:22:25+00:00","twitter_card":"summary_large_image","twitter_misc":{"Gesch\u00e4tzte Lesezeit":"5\u00a0Minuten"},"schema":{"@context":"https:\/\/schema.org","@graph":[{"@type":"WebPage","@id":"https:\/\/www.marinastavoren.nl\/de\/skips-sails\/","url":"https:\/\/www.marinastavoren.nl\/de\/skips-sails\/","name":"Skips Sails SkipsMaritiem | MarinaStavoren.nl","isPartOf":{"@id":"https:\/\/www.marinastavoren.nl\/de\/#website"},"datePublished":"2021-11-04T12:31:06+00:00","dateModified":"2023-01-11T13:22:25+00:00","description":"Mit SkipsSails hat die SkipsMaritiem eine qualitativ hochwertige, hauseigene Segelmacherei.","breadcrumb":{"@id":"https:\/\/www.marinastavoren.nl\/de\/skips-sails\/#breadcrumb"},"inLanguage":"de","potentialAction":[{"@type":"ReadAction","target":["https:\/\/www.marinastavoren.nl\/de\/skips-sails\/"]}]},{"@type":"BreadcrumbList","@id":"https:\/\/www.marinastavoren.nl\/de\/skips-sails\/#breadcrumb","itemListElement":[{"@type":"ListItem","position":1,"name":"Home","item":"https:\/\/www.marinastavoren.nl\/de\/"},{"@type":"ListItem","position":2,"name":"Skips Sails"}]},{"@type":"WebSite","@id":"https:\/\/www.marinastavoren.nl\/de\/#website","url":"https:\/\/www.marinastavoren.nl\/de\/","name":"Marina Stavoren","description":"Willkommen im Ferienpark der Marina Stavoren","publisher":{"@id":"https:\/\/www.marinastavoren.nl\/de\/#organization"},"potentialAction":[{"@type":"SearchAction","target":{"@type":"EntryPoint","urlTemplate":"https:\/\/www.marinastavoren.nl\/de\/?s={search_term_string}"},"query-input":{"@type":"PropertyValueSpecification","valueRequired":true,"valueName":"search_term_string"}}],"inLanguage":"de"},{"@type":"Organization","@id":"https:\/\/www.marinastavoren.nl\/de\/#organization","name":"Marina Stavoren","url":"https:\/\/www.marinastavoren.nl\/de\/","logo":{"@type":"ImageObject","inLanguage":"de","@id":"https:\/\/www.marinastavoren.nl\/de\/#\/schema\/logo\/image\/","url":"https:\/\/www.marinastavoren.nl\/wp-content\/uploads\/2022\/12\/logo-marina-stavoren-sticky.png","contentUrl":"https:\/\/www.marinastavoren.nl\/wp-content\/uploads\/2022\/12\/logo-marina-stavoren-sticky.png","width":277,"height":60,"caption":"Marina Stavoren"},"image":{"@id":"https:\/\/www.marinastavoren.nl\/de\/#\/schema\/logo\/image\/"},"sameAs":["https:\/\/www.facebook.com\/marina.stavoren","https:\/\/www.instagram.com\/marinastavoren\/"]}]}},"_links":{"self":[{"href":"https:\/\/www.marinastavoren.nl\/de\/wp-json\/wp\/v2\/pages\/1542","targetHints":{"allow":["GET"]}}],"collection":[{"href":"https:\/\/www.marinastavoren.nl\/de\/wp-json\/wp\/v2\/pages"}],"about":[{"href":"https:\/\/www.marinastavoren.nl\/de\/wp-json\/wp\/v2\/types\/page"}],"author":[{"embeddable":true,"href":"https:\/\/www.marinastavoren.nl\/de\/wp-json\/wp\/v2\/users\/1"}],"replies":[{"embeddable":true,"href":"https:\/\/www.marinastavoren.nl\/de\/wp-json\/wp\/v2\/comments?post=1542"}],"version-history":[{"count":4,"href":"https:\/\/www.marinastavoren.nl\/de\/wp-json\/wp\/v2\/pages\/1542\/revisions"}],"predecessor-version":[{"id":1543,"href":"https:\/\/www.marinastavoren.nl\/de\/wp-json\/wp\/v2\/pages\/1542\/revisions\/1543"}],"wp:attachment":[{"href":"https:\/\/www.marinastavoren.nl\/de\/wp-json\/wp\/v2\/media?parent=1542"}],"curies":[{"name":"wp","href":"https:\/\/api.w.org\/{rel}","templated":true}]}}