{"id":1526,"date":"2021-12-10T13:57:36","date_gmt":"2021-12-10T11:57:36","guid":{"rendered":"https:\/\/marinastavoren.xdialogue-demo.nl\/marina-stavoren-buitenhaven\/tarife\/"},"modified":"2025-07-02T13:54:54","modified_gmt":"2025-07-02T11:54:54","slug":"tarife","status":"publish","type":"page","link":"https:\/\/www.marinastavoren.nl\/de\/marina-stavoren-buitenhaven\/tarife\/","title":{"rendered":"Tarife"},"content":{"rendered":"<div class=\"wpb-content-wrapper\">[vc_row][vc_column][vc_column_text]\n<h2>Tarife Marina Stavoren Buitenhaven<\/h2>\n<p>Neben unseren Preislisten finden Sie hier auch die Vertragsformulare zur Liegeplatzanmietung und zur Winterlagerung.[\/vc_column_text][\/vc_column][\/vc_row][vc_row css=&#8220;.vc_custom_1610022025844{padding-top: 10px !important;padding-right: 10px !important;padding-bottom: 10px !important;padding-left: 10px !important;background-color: #ebeef3 !important;border-radius: 10px !important;}&#8220;][vc_column][vc_column_text]\n<h3 style=\"text-align: left;\">Tarife Jahresliegeplatz<\/h3>\n<table class=\"table table-responsive\">\n<tbody>\n<tr>\n<td class=\"text-left\">Preisliste Marina Stavoren Buitenhaven\/Marina Stavoren<\/td>\n<td class=\"text-left\"><a href=\"\/wp-content\/uploads\/2025\/07\/Prijslijst-ligplaatsen-MarinaStavoren-03-2026.pdf\" target=\"_blank\" rel=\"noopener\"><strong> donwload PDF<\/strong><\/a><\/td>\n<\/tr>\n<tr>\n<td class=\"text-left\">Preisliste Jachth\u00e4fen SkipsMaritiem<\/td>\n<td class=\"text-left\"><a href=\"\/wp-content\/uploads\/2025\/07\/Prijslijst_ligplaatsen_SkipsMaritiem_2026_april.pdf\" target=\"_blank\" rel=\"noopener\"><strong> donwload PDF<\/strong><\/a><\/td>\n<\/tr>\n<tr>\n<td class=\"text-left\">Vereinbarung<\/td>\n<td class=\"text-left\"><a href=\"\/wp-content\/uploads\/2022\/09\/Ligplaatsovereenkomst-DU_2022.pdf\" target=\"_blank\" rel=\"noopener\"><strong> donwload PDF<\/strong><\/a><\/td>\n<\/tr>\n<\/tbody>\n<\/table>\n[\/vc_column_text][\/vc_column][\/vc_row][vc_row][vc_column][vc_column_text]\n<h2>All-Inclusive Tarife F\u00fcr Gastlieger<\/h2>\n<p>Alle unsere Preise beinhalten die kostenlose Nutzung des Hallenbads, Benutzung der Duschen, Strom\/Wasser und kostenloses WIFI.[\/vc_column_text][\/vc_column][\/vc_row][vc_row css=&#8220;.vc_custom_1610022160088{margin-top: 60px !important;padding-top: 10px !important;padding-right: 10px !important;padding-bottom: 10px !important;padding-left: 10px !important;background-color: #ebeef3 !important;border-radius: 10px !important;}&#8220;][vc_column][vc_column_text css=&#8220;&#8220;]\n<h3 style=\"text-align: left;\">Tarife Winterlagerung<\/h3>\n<table class=\"table table-responsive\">\n<tbody>\n<tr>\n<td class=\"text-left\">Preisliste<\/td>\n<td class=\"text-left\"><a href=\"\/wp-content\/uploads\/2025\/07\/A-Prijslijst-WB_MS_MSB-2025-2026-DU-DEF.pdf\" target=\"_blank\" rel=\"noopener\"><strong>download PDF<\/strong><\/a><\/td>\n<\/tr>\n<tr>\n<td class=\"text-left\">Mietvertrag Winterlager<\/td>\n<td class=\"text-left\"><a href=\"\/wp-content\/uploads\/2025\/07\/C-Winterbergingsovereenkomst-MS_MSB-DU-2025-2026-DEF.pdf\" target=\"_blank\" rel=\"noopener\"><strong>download PDF<\/strong><\/a><\/td>\n<\/tr>\n<\/tbody>\n<\/table>\n[\/vc_column_text][\/vc_column][\/vc_row][vc_row css=&#8220;.vc_custom_1610022160088{margin-top: 60px !important;padding-top: 10px !important;padding-right: 10px !important;padding-bottom: 10px !important;padding-left: 10px !important;background-color: #ebeef3 !important;border-radius: 10px !important;}&#8220;][vc_column][vc_column_text]\n<h3 style=\"text-align: left;\">Krantarife<\/h3>\n<table class=\"table table-responsive\">\n<tbody>\n<tr>\n<td class=\"text-left\">Preisliste<\/td>\n<td class=\"text-left\"><a href=\"\/wp-content\/uploads\/2022\/11\/Kraantarieven.pdf\" target=\"_blank\" rel=\"noopener\"><strong>download PDF<\/strong><\/a><\/td>\n<\/tr>\n<\/tbody>\n<\/table>\n[\/vc_column_text][\/vc_column][\/vc_row][vc_row css=&#8220;.vc_custom_1446035548470{margin-top: 60px !important;padding-top: 0px !important;padding-right: 0px !important;padding-bottom: 0px !important;padding-left: 0px !important;}&#8220;][vc_column width=&#8220;2\/3&#8243; css=&#8220;.vc_custom_1446035501897{padding-top: 10px !important;padding-bottom: 30px !important;}&#8220;][vc_column_text]\n<h3>Kontakt<\/h3>\n<p>Haben Sie Fragen oder m\u00f6chten Sie mehr Information zum Beispiel zu einem Liegeplatz oder dem Winterlager? Nehmen Sie Kontakt mit uns auf, wir nehmen uns gerne die Zeit, Ihnen zu antworten! Sie k\u00f6nnen hier das Anfrageformular ausf\u00fcllen oder uns eine E-Mail schicken, an <a href=\"mailto:info@marinastavoren.nl\">info@marinastavoren.nl<\/a>. Wir streben danach, Ihnen schnellstm\u00f6glich zu antworten.<\/p>\n<p>Sind Sie sich aber schon sicher, dass Sie einen Saison- oder Jahresplatz bei uns mieten m\u00f6chten oder Ihr Schiff f\u00fcr das Winterlager anmelden m\u00f6chten? Dann k\u00f6nnen Sie sich das betreffende Anmeldeformular auch direkt herunterladen, es ausf\u00fcllen und uns unterschrieben zuschicken.[\/vc_column_text][\/vc_column][vc_column width=&#8220;1\/3&#8243; css=&#8220;.vc_custom_1446035764451{margin-top: 40px !important;padding-top: 30px !important;padding-bottom: 30px !important;}&#8220;][vc_cta h2=&#8220;&#8220; h4=&#8220;Antragsformular&#8220; txt_align=&#8220;center&#8220; add_button=&#8220;bottom&#8220; btn_title=&#8220;Herunterladen&#8220; btn_style=&#8220;outline-custom&#8220; btn_outline_custom_color=&#8220;#201f72&#8243; btn_outline_custom_hover_background=&#8220;#ff5500&#8243; btn_outline_custom_hover_text=&#8220;#ffffff&#8220; btn_align=&#8220;center&#8220; btn_i_icon_fontawesome=&#8220;fas fa-download&#8220; btn_add_icon=&#8220;true&#8220; btn_link=&#8220;url:https%3A%2F%2Fwww.marinastavoren.nl%2Fde%2Fanmeldung-schiffsliegeplatz%2F|title:Winterbergingovereenkomst|target:_blank&#8220;]Laden Sie sich hier Ihr Antragsformular herunter[\/vc_cta][\/vc_column][\/vc_row]\n<\/div>","protected":false},"excerpt":{"rendered":"<p>[vc_row][vc_column][vc_column_text] Tarife Marina Stavoren Buitenhaven Neben unseren Preislisten finden Sie hier auch die Vertragsformulare zur Liegeplatzanmietung und zur Winterlagerung.[\/vc_column_text][\/vc_column][\/vc_row][vc_row css=&#8220;.vc_custom_1610022025844{padding-top: [&hellip;]<\/p>\n","protected":false},"author":1,"featured_media":0,"parent":1508,"menu_order":0,"comment_status":"closed","ping_status":"closed","template":"page-templates\/page-left.php","meta":{"footnotes":""},"class_list":["post-1526","page","type-page","status-publish","hentry"],"yoast_head":"<!-- This site is optimized with the Yoast SEO plugin v27.4 - https:\/\/yoast.com\/product\/yoast-seo-wordpress\/ -->\n<title>Tarife Marina Stavoren Buitenhaven | MarinaStavoren.nl<\/title>\n<meta name=\"description\" content=\"Neben unseren allgemeinen Tarifen finden Sie hier auch die Vertragsformulare zur Liegeplatzanmietung und zur Winterlagerung.\" \/>\n<meta name=\"robots\" content=\"index, follow, max-snippet:-1, max-image-preview:large, max-video-preview:-1\" \/>\n<link rel=\"canonical\" href=\"https:\/\/www.marinastavoren.nl\/de\/marina-stavoren-buitenhaven\/tarife\/\" \/>\n<meta property=\"og:locale\" content=\"de_DE\" \/>\n<meta property=\"og:type\" content=\"article\" \/>\n<meta property=\"og:title\" content=\"Tarife Marina Stavoren Buitenhaven | MarinaStavoren.nl\" \/>\n<meta property=\"og:description\" content=\"Neben unseren allgemeinen Tarifen finden Sie hier auch die Vertragsformulare zur Liegeplatzanmietung und zur Winterlagerung.\" \/>\n<meta property=\"og:url\" content=\"https:\/\/www.marinastavoren.nl\/de\/marina-stavoren-buitenhaven\/tarife\/\" \/>\n<meta property=\"og:site_name\" content=\"Marina Stavoren\" \/>\n<meta property=\"article:publisher\" content=\"https:\/\/www.facebook.com\/marina.stavoren\" \/>\n<meta property=\"article:modified_time\" content=\"2025-07-02T11:54:54+00:00\" \/>\n<meta name=\"twitter:card\" content=\"summary_large_image\" \/>\n<meta name=\"twitter:label1\" content=\"Gesch\u00e4tzte Lesezeit\" \/>\n\t<meta name=\"twitter:data1\" content=\"2\u00a0Minuten\" \/>\n<script type=\"application\/ld+json\" class=\"yoast-schema-graph\">{\"@context\":\"https:\\\/\\\/schema.org\",\"@graph\":[{\"@type\":\"WebPage\",\"@id\":\"https:\\\/\\\/www.marinastavoren.nl\\\/de\\\/marina-stavoren-buitenhaven\\\/tarife\\\/\",\"url\":\"https:\\\/\\\/www.marinastavoren.nl\\\/de\\\/marina-stavoren-buitenhaven\\\/tarife\\\/\",\"name\":\"Tarife Marina Stavoren Buitenhaven | MarinaStavoren.nl\",\"isPartOf\":{\"@id\":\"https:\\\/\\\/www.marinastavoren.nl\\\/de\\\/#website\"},\"datePublished\":\"2021-12-10T11:57:36+00:00\",\"dateModified\":\"2025-07-02T11:54:54+00:00\",\"description\":\"Neben unseren allgemeinen Tarifen finden Sie hier auch die Vertragsformulare zur Liegeplatzanmietung und zur Winterlagerung.\",\"breadcrumb\":{\"@id\":\"https:\\\/\\\/www.marinastavoren.nl\\\/de\\\/marina-stavoren-buitenhaven\\\/tarife\\\/#breadcrumb\"},\"inLanguage\":\"de\",\"potentialAction\":[{\"@type\":\"ReadAction\",\"target\":[\"https:\\\/\\\/www.marinastavoren.nl\\\/de\\\/marina-stavoren-buitenhaven\\\/tarife\\\/\"]}]},{\"@type\":\"BreadcrumbList\",\"@id\":\"https:\\\/\\\/www.marinastavoren.nl\\\/de\\\/marina-stavoren-buitenhaven\\\/tarife\\\/#breadcrumb\",\"itemListElement\":[{\"@type\":\"ListItem\",\"position\":1,\"name\":\"Home\",\"item\":\"https:\\\/\\\/www.marinastavoren.nl\\\/de\\\/\"},{\"@type\":\"ListItem\",\"position\":2,\"name\":\"Marina Stavoren Buitenhaven\",\"item\":\"https:\\\/\\\/www.marinastavoren.nl\\\/de\\\/marina-stavoren-buitenhaven\\\/\"},{\"@type\":\"ListItem\",\"position\":3,\"name\":\"Tarife\"}]},{\"@type\":\"WebSite\",\"@id\":\"https:\\\/\\\/www.marinastavoren.nl\\\/de\\\/#website\",\"url\":\"https:\\\/\\\/www.marinastavoren.nl\\\/de\\\/\",\"name\":\"Marina Stavoren\",\"description\":\"Willkommen im Ferienpark der Marina Stavoren\",\"publisher\":{\"@id\":\"https:\\\/\\\/www.marinastavoren.nl\\\/de\\\/#organization\"},\"potentialAction\":[{\"@type\":\"SearchAction\",\"target\":{\"@type\":\"EntryPoint\",\"urlTemplate\":\"https:\\\/\\\/www.marinastavoren.nl\\\/de\\\/?s={search_term_string}\"},\"query-input\":{\"@type\":\"PropertyValueSpecification\",\"valueRequired\":true,\"valueName\":\"search_term_string\"}}],\"inLanguage\":\"de\"},{\"@type\":\"Organization\",\"@id\":\"https:\\\/\\\/www.marinastavoren.nl\\\/de\\\/#organization\",\"name\":\"Marina Stavoren\",\"url\":\"https:\\\/\\\/www.marinastavoren.nl\\\/de\\\/\",\"logo\":{\"@type\":\"ImageObject\",\"inLanguage\":\"de\",\"@id\":\"https:\\\/\\\/www.marinastavoren.nl\\\/de\\\/#\\\/schema\\\/logo\\\/image\\\/\",\"url\":\"https:\\\/\\\/www.marinastavoren.nl\\\/wp-content\\\/uploads\\\/2022\\\/12\\\/logo-marina-stavoren-sticky.png\",\"contentUrl\":\"https:\\\/\\\/www.marinastavoren.nl\\\/wp-content\\\/uploads\\\/2022\\\/12\\\/logo-marina-stavoren-sticky.png\",\"width\":277,\"height\":60,\"caption\":\"Marina Stavoren\"},\"image\":{\"@id\":\"https:\\\/\\\/www.marinastavoren.nl\\\/de\\\/#\\\/schema\\\/logo\\\/image\\\/\"},\"sameAs\":[\"https:\\\/\\\/www.facebook.com\\\/marina.stavoren\",\"https:\\\/\\\/www.instagram.com\\\/marinastavoren\\\/\"]}]}<\/script>\n<!-- \/ Yoast SEO plugin. -->","yoast_head_json":{"title":"Tarife Marina Stavoren Buitenhaven | MarinaStavoren.nl","description":"Neben unseren allgemeinen Tarifen finden Sie hier auch die Vertragsformulare zur Liegeplatzanmietung und zur Winterlagerung.","robots":{"index":"index","follow":"follow","max-snippet":"max-snippet:-1","max-image-preview":"max-image-preview:large","max-video-preview":"max-video-preview:-1"},"canonical":"https:\/\/www.marinastavoren.nl\/de\/marina-stavoren-buitenhaven\/tarife\/","og_locale":"de_DE","og_type":"article","og_title":"Tarife Marina Stavoren Buitenhaven | MarinaStavoren.nl","og_description":"Neben unseren allgemeinen Tarifen finden Sie hier auch die Vertragsformulare zur Liegeplatzanmietung und zur Winterlagerung.","og_url":"https:\/\/www.marinastavoren.nl\/de\/marina-stavoren-buitenhaven\/tarife\/","og_site_name":"Marina Stavoren","article_publisher":"https:\/\/www.facebook.com\/marina.stavoren","article_modified_time":"2025-07-02T11:54:54+00:00","twitter_card":"summary_large_image","twitter_misc":{"Gesch\u00e4tzte Lesezeit":"2\u00a0Minuten"},"schema":{"@context":"https:\/\/schema.org","@graph":[{"@type":"WebPage","@id":"https:\/\/www.marinastavoren.nl\/de\/marina-stavoren-buitenhaven\/tarife\/","url":"https:\/\/www.marinastavoren.nl\/de\/marina-stavoren-buitenhaven\/tarife\/","name":"Tarife Marina Stavoren Buitenhaven | MarinaStavoren.nl","isPartOf":{"@id":"https:\/\/www.marinastavoren.nl\/de\/#website"},"datePublished":"2021-12-10T11:57:36+00:00","dateModified":"2025-07-02T11:54:54+00:00","description":"Neben unseren allgemeinen Tarifen finden Sie hier auch die Vertragsformulare zur Liegeplatzanmietung und zur Winterlagerung.","breadcrumb":{"@id":"https:\/\/www.marinastavoren.nl\/de\/marina-stavoren-buitenhaven\/tarife\/#breadcrumb"},"inLanguage":"de","potentialAction":[{"@type":"ReadAction","target":["https:\/\/www.marinastavoren.nl\/de\/marina-stavoren-buitenhaven\/tarife\/"]}]},{"@type":"BreadcrumbList","@id":"https:\/\/www.marinastavoren.nl\/de\/marina-stavoren-buitenhaven\/tarife\/#breadcrumb","itemListElement":[{"@type":"ListItem","position":1,"name":"Home","item":"https:\/\/www.marinastavoren.nl\/de\/"},{"@type":"ListItem","position":2,"name":"Marina Stavoren Buitenhaven","item":"https:\/\/www.marinastavoren.nl\/de\/marina-stavoren-buitenhaven\/"},{"@type":"ListItem","position":3,"name":"Tarife"}]},{"@type":"WebSite","@id":"https:\/\/www.marinastavoren.nl\/de\/#website","url":"https:\/\/www.marinastavoren.nl\/de\/","name":"Marina Stavoren","description":"Willkommen im Ferienpark der Marina Stavoren","publisher":{"@id":"https:\/\/www.marinastavoren.nl\/de\/#organization"},"potentialAction":[{"@type":"SearchAction","target":{"@type":"EntryPoint","urlTemplate":"https:\/\/www.marinastavoren.nl\/de\/?s={search_term_string}"},"query-input":{"@type":"PropertyValueSpecification","valueRequired":true,"valueName":"search_term_string"}}],"inLanguage":"de"},{"@type":"Organization","@id":"https:\/\/www.marinastavoren.nl\/de\/#organization","name":"Marina Stavoren","url":"https:\/\/www.marinastavoren.nl\/de\/","logo":{"@type":"ImageObject","inLanguage":"de","@id":"https:\/\/www.marinastavoren.nl\/de\/#\/schema\/logo\/image\/","url":"https:\/\/www.marinastavoren.nl\/wp-content\/uploads\/2022\/12\/logo-marina-stavoren-sticky.png","contentUrl":"https:\/\/www.marinastavoren.nl\/wp-content\/uploads\/2022\/12\/logo-marina-stavoren-sticky.png","width":277,"height":60,"caption":"Marina Stavoren"},"image":{"@id":"https:\/\/www.marinastavoren.nl\/de\/#\/schema\/logo\/image\/"},"sameAs":["https:\/\/www.facebook.com\/marina.stavoren","https:\/\/www.instagram.com\/marinastavoren\/"]}]}},"_links":{"self":[{"href":"https:\/\/www.marinastavoren.nl\/de\/wp-json\/wp\/v2\/pages\/1526","targetHints":{"allow":["GET"]}}],"collection":[{"href":"https:\/\/www.marinastavoren.nl\/de\/wp-json\/wp\/v2\/pages"}],"about":[{"href":"https:\/\/www.marinastavoren.nl\/de\/wp-json\/wp\/v2\/types\/page"}],"author":[{"embeddable":true,"href":"https:\/\/www.marinastavoren.nl\/de\/wp-json\/wp\/v2\/users\/1"}],"replies":[{"embeddable":true,"href":"https:\/\/www.marinastavoren.nl\/de\/wp-json\/wp\/v2\/comments?post=1526"}],"version-history":[{"count":7,"href":"https:\/\/www.marinastavoren.nl\/de\/wp-json\/wp\/v2\/pages\/1526\/revisions"}],"predecessor-version":[{"id":24237,"href":"https:\/\/www.marinastavoren.nl\/de\/wp-json\/wp\/v2\/pages\/1526\/revisions\/24237"}],"up":[{"embeddable":true,"href":"https:\/\/www.marinastavoren.nl\/de\/wp-json\/wp\/v2\/pages\/1508"}],"wp:attachment":[{"href":"https:\/\/www.marinastavoren.nl\/de\/wp-json\/wp\/v2\/media?parent=1526"}],"curies":[{"name":"wp","href":"https:\/\/api.w.org\/{rel}","templated":true}]}}