{"id":1522,"date":"2021-12-10T12:24:35","date_gmt":"2021-12-10T10:24:35","guid":{"rendered":"https:\/\/marinastavoren.xdialogue-demo.nl\/marina-stavoren-buitenhaven\/ligplaatsen\/"},"modified":"2023-01-11T15:21:14","modified_gmt":"2023-01-11T13:21:14","slug":"liegeplaetze","status":"publish","type":"page","link":"https:\/\/www.marinastavoren.nl\/de\/marina-stavoren-buitenhaven\/liegeplaetze\/","title":{"rendered":"Liegepl\u00e4tze"},"content":{"rendered":"<div class=\"wpb-content-wrapper\">[vc_row][vc_column][vc_column_text]\n<h2>Liegepl\u00e4tze Marina Stavoren Buitenhaven<\/h2>\n<p>Dieser Jachthafen bietet gro\u00dfz\u00fcgig angelegte Liegepl\u00e4tze, alle mit eigenem Stromanschluss. Die Anlegestege sind robust und hoch gebaut. Das bedeutet, dass Sie meistens auf Deckh\u00f6he an und von Bord Ihres Schiffs gelangen k\u00f6nnen.<br \/>\nAuch hat jeder Steg mehrere Trinkwasseranschl\u00fcsse. Unsere Hafenmeister drehen regelm\u00e4\u00dfig Kontrollrunden &#8211; ein beruhigendes Gef\u00fchl, wenn Sie selbst nicht vor Ort sein sollten.<br \/>\nSowohl als Festlieger als auch als Gastlieger hei\u00dfen wir Sie gern willkommen.<br \/>\nBuchen Sie gleich Ihren Liegeplatz: <a href=\"tel:0031880504122\" target=\"_blank\" rel=\"noopener\"><span lang=\"DE\">+31-88-0504122<\/span><\/a>[\/vc_column_text][\/vc_column][\/vc_row][vc_row css=&#8220;.vc_custom_1519913668189{background-color: #ebeef3 !important;}&#8220;][vc_column][vc_custom_heading text=&#8220;Im Marina Stavoren Buitenhaven k\u00f6nnen Sie buchen:&#8220; font_container=&#8220;tag:h3|text_align:left&#8220; google_fonts=&#8220;font_family:Oswald%3A300%2Cregular%2C700|font_style:400%20regular%3A400%3Anormal&#8220;][vc_row_inner][vc_column_inner width=&#8220;1\/2&#8243;][vc_column_text]\n<table class=\"table table-hover\">\n<thead>\n<tr>\n<th>Art<\/th>\n<th>Zeitraum<\/th>\n<\/tr>\n<\/thead>\n<tbody>\n<tr>\n<td>Jahresliegepl\u00e4tze<\/td>\n<td>vom 1. April bis zum 1. April<\/td>\n<\/tr>\n<tr>\n<td>Winterpl\u00e4tze<\/td>\n<td>vom 1. November bis zum 1. April<\/td>\n<\/tr>\n<tr>\n<td>Monatsliegepl\u00e4tze<\/td>\n<td>f\u00fcr einen oder mehrere Monate<\/td>\n<\/tr>\n<tr>\n<td>Passantenplatz<\/td>\n<td>f\u00fcr einen oder mehrere Tage<\/td>\n<\/tr>\n<\/tbody>\n<\/table>\n[\/vc_column_text][\/vc_column_inner][vc_column_inner width=&#8220;1\/2&#8243;][vc_single_image image=&#8220;433&#8243; img_size=&#8220;full&#8220; alignment=&#8220;center&#8220; css=&#8220;.vc_custom_1639132351364{padding-top: 30px !important;padding-bottom: 15px !important;}&#8220;][\/vc_column_inner][\/vc_row_inner][\/vc_column][\/vc_row][vc_row css=&#8220;.vc_custom_1595231477791{margin-top: 80px !important;margin-bottom: 80px !important;padding-top: 10px !important;padding-right: 10px !important;padding-bottom: 10px !important;padding-left: 10px !important;}&#8220;][vc_column width=&#8220;1\/2&#8243;][vc_cta h2=&#8220;&#8220; h4=&#8220;Preisliste der Marina Stavoren&#8220; txt_align=&#8220;center&#8220; add_button=&#8220;bottom&#8220; btn_title=&#8220;Download&#8220; btn_style=&#8220;outline-custom&#8220; btn_outline_custom_color=&#8220;#201f72&#8243; btn_outline_custom_hover_background=&#8220;#ff5500&#8243; btn_outline_custom_hover_text=&#8220;#ffffff&#8220; btn_align=&#8220;center&#8220; btn_i_align=&#8220;right&#8220; btn_i_icon_fontawesome=&#8220;fas fa-download&#8220; btn_button_block=&#8220;true&#8220; btn_add_icon=&#8220;true&#8220; btn_link=&#8220;url:%2Fwp-content%2Fuploads%2F2025%2F07%2FPrijslijst-ligplaatsen-MarinaStavoren-03-2026.pdf|title:Prijslijst%20Jachthaven%20Hindeloopen|target:_blank&#8220;]Laden Sie hier die Preisliste f\u00fcr Liegepl\u00e4tze herunter[\/vc_cta][\/vc_column][vc_column width=&#8220;1\/2&#8243;][vc_cta h2=&#8220;&#8220; h4=&#8220;Liegeplatz Marina Stavoren&#8220; txt_align=&#8220;center&#8220; add_button=&#8220;bottom&#8220; btn_title=&#8220;Buchen&#8220; btn_style=&#8220;outline-custom&#8220; btn_outline_custom_color=&#8220;#201f72&#8243; btn_outline_custom_hover_background=&#8220;#ff5500&#8243; btn_outline_custom_hover_text=&#8220;#ffffff&#8220; btn_align=&#8220;center&#8220; btn_i_align=&#8220;right&#8220; btn_i_icon_fontawesome=&#8220;fas fa-angle-double-right&#8220; btn_button_block=&#8220;true&#8220; btn_add_icon=&#8220;true&#8220; btn_link=&#8220;url:https%3A%2F%2Fwww.marinastavoren.nl%2Fde%2Fanmeldung-schiffsliegeplatz%2F|target:_blank&#8220;]Reservieren Sie hier Ihren Liegeplatz[\/vc_cta][\/vc_column][\/vc_row][vc_row full_width=&#8220;stretch_row&#8220; parallax=&#8220;content-moving&#8220; parallax_image=&#8220;295&#8243; parallax_layers=&#8220;yes&#8220; video_cover=&#8220;3486&#8243; el_class=&#8220;content-padding-mobile-none&#8220; css=&#8220;.vc_custom_1644570886653{background-image: url(https:\/\/marinastavoren.xdialogue-demo.nl\/wp-content\/uploads\/2021\/11\/sunny.jpg?id=975) !important;}&#8220;][vc_column el_class=&#8220;text-center white-box content-padding&#8220;]<h2 class=\"text-center\"><small>Exklusiv f\u00fcr Liegeplatz-Inhaber mit einem (Mehr-) Jahresvertrag:<\/small>SkipsMaritiem Membership Card<\/h2><div class='testimonials-carousel  owl-with-navigation' data-owl='{&quot;items&quot;:3,&quot;nav&quot;:true,&quot;navText&quot;:[&quot;Zur\\u00fcck&quot;,&quot;N\\u00e4chste&quot;],&quot;loop&quot;:true,&quot;autoplay&quot;:true,&quot;autoplayTimeout&quot;:&quot;3000&quot;,&quot;autoplayHoverPause&quot;:true,&quot;responsive&quot;:{&quot;0&quot;:{&quot;items&quot;:1,&quot;dots&quot;:true,&quot;nav&quot;:true},&quot;767&quot;:{&quot;items&quot;:2,&quot;dots&quot;:true},&quot;992&quot;:{&quot;items&quot;:3,&quot;dots&quot;:true}}}'><div class='testimonial'>\n      <h4 class='testimonial-title'>\n      10 % Erm\u00e4\u00dfigung          <\/h4>\n        <p>10% Erm\u00e4\u00dfigung auf nahezu das gesamte Sortiment in den Wassersportgesch\u00e4ften von SkipsMaritiem. (ausgenommen: Treibstoff, Gas, Supermarktartikel, Zeitungen, WLAN-Karten und Briefmarken, Sonderangebote und Aktionsartikel)<\/p>\n    <a href='#' class='btn-inline btn' target=\"_self\"><\/a>\n<\/div>\n<div class='testimonial'>\n      <h4 class='testimonial-title'>\n      10 kostenlose \u00dcbernachtungen          <\/h4>\n        <p>10 kostenlose \u00dcbernachtungen in einem anderen Hafen von SkipsMaritiem<\/p>\n    <a href='#' class='btn-inline btn' target=\"_self\"><\/a>\n<\/div>\n<div class='testimonial'>\n      <h4 class='testimonial-title'>\n      50% Erm\u00e4\u00dfigung          <\/h4>\n        <p>50% Erm\u00e4\u00dfigung auf \u00dcbernachtungen in einem anderen Hafen von SkipsMaritiem, wenn die 10 kostenlosen \u00dcbernachtungen aufgebraucht sind.<\/p>\n    <a href='#' class='btn-inline btn' target=\"_self\"><\/a>\n<\/div>\n<div class='testimonial'>\n      <h4 class='testimonial-title'>\n      Kostenlose schwimmen          <\/h4>\n        <p>Kostenlose Benutzung des Schwimmbads.<\/p>\n    <a href='#' class='btn-inline btn' target=\"_self\"><\/a>\n<\/div>\n<div class='testimonial'>\n      <h4 class='testimonial-title'>\n      Winterlager          <\/h4>\n        <p>Sonderpreis f\u00fcr das Winterlager.<\/p>\n    <a href='#' class='btn-inline btn' target=\"_self\"><\/a>\n<\/div>\n<\/div>[\/vc_column][\/vc_row][vc_row][vc_column][vc_column_text][vc_cta_button call_text=&#8220;Reservieren Sie direkt oder rufen Sie uns an, wenn Sie mehr Information w\u00fcnschen.&#8220; title=&#8220;Hinterlassen Sie hier Ihre Kontaktdaten&#8220; size=&#8220;btn-large&#8220; position=&#8220;cta_align_bottom&#8220; href=&#8220;https:\/\/www.marinastavoren.nl\/de\/anmeldung-schiffsliegeplatz\/&#8220;][\/vc_column_text][\/vc_column][\/vc_row]\n<\/div>","protected":false},"excerpt":{"rendered":"<p>[vc_row][vc_column][vc_column_text] Liegepl\u00e4tze Marina Stavoren Buitenhaven Dieser Jachthafen bietet gro\u00dfz\u00fcgig angelegte Liegepl\u00e4tze, alle mit eigenem Stromanschluss. Die Anlegestege sind robust und [&hellip;]<\/p>\n","protected":false},"author":1,"featured_media":0,"parent":1508,"menu_order":0,"comment_status":"closed","ping_status":"closed","template":"page-templates\/page-left.php","meta":{"footnotes":""},"class_list":["post-1522","page","type-page","status-publish","hentry"],"yoast_head":"<!-- This site is optimized with the Yoast SEO plugin v27.4 - https:\/\/yoast.com\/product\/yoast-seo-wordpress\/ -->\n<title>Liegepl\u00e4tze Marina Stavoren Buitenhaven | MarinaStavoren.nl<\/title>\n<meta name=\"description\" content=\"Dieser Jachthafen bietet gro\u00dfz\u00fcgig angelegte Liegepl\u00e4tze, alle mit eigenem Stromanschluss. Die Anlegestege sind robust und hoch gebaut.\" \/>\n<meta name=\"robots\" content=\"index, follow, max-snippet:-1, max-image-preview:large, max-video-preview:-1\" \/>\n<link rel=\"canonical\" href=\"https:\/\/www.marinastavoren.nl\/de\/marina-stavoren-buitenhaven\/liegeplaetze\/\" \/>\n<meta property=\"og:locale\" content=\"de_DE\" \/>\n<meta property=\"og:type\" content=\"article\" \/>\n<meta property=\"og:title\" content=\"Liegepl\u00e4tze Marina Stavoren Buitenhaven | MarinaStavoren.nl\" \/>\n<meta property=\"og:description\" content=\"Dieser Jachthafen bietet gro\u00dfz\u00fcgig angelegte Liegepl\u00e4tze, alle mit eigenem Stromanschluss. Die Anlegestege sind robust und hoch gebaut.\" \/>\n<meta property=\"og:url\" content=\"https:\/\/www.marinastavoren.nl\/de\/marina-stavoren-buitenhaven\/liegeplaetze\/\" \/>\n<meta property=\"og:site_name\" content=\"Marina Stavoren\" \/>\n<meta property=\"article:publisher\" content=\"https:\/\/www.facebook.com\/marina.stavoren\" \/>\n<meta property=\"article:modified_time\" content=\"2023-01-11T13:21:14+00:00\" \/>\n<meta name=\"twitter:card\" content=\"summary_large_image\" \/>\n<meta name=\"twitter:label1\" content=\"Gesch\u00e4tzte Lesezeit\" \/>\n\t<meta name=\"twitter:data1\" content=\"2\u00a0Minuten\" \/>\n<script type=\"application\/ld+json\" class=\"yoast-schema-graph\">{\"@context\":\"https:\\\/\\\/schema.org\",\"@graph\":[{\"@type\":\"WebPage\",\"@id\":\"https:\\\/\\\/www.marinastavoren.nl\\\/de\\\/marina-stavoren-buitenhaven\\\/liegeplaetze\\\/\",\"url\":\"https:\\\/\\\/www.marinastavoren.nl\\\/de\\\/marina-stavoren-buitenhaven\\\/liegeplaetze\\\/\",\"name\":\"Liegepl\u00e4tze Marina Stavoren Buitenhaven | MarinaStavoren.nl\",\"isPartOf\":{\"@id\":\"https:\\\/\\\/www.marinastavoren.nl\\\/de\\\/#website\"},\"datePublished\":\"2021-12-10T10:24:35+00:00\",\"dateModified\":\"2023-01-11T13:21:14+00:00\",\"description\":\"Dieser Jachthafen bietet gro\u00dfz\u00fcgig angelegte Liegepl\u00e4tze, alle mit eigenem Stromanschluss. Die Anlegestege sind robust und hoch gebaut.\",\"breadcrumb\":{\"@id\":\"https:\\\/\\\/www.marinastavoren.nl\\\/de\\\/marina-stavoren-buitenhaven\\\/liegeplaetze\\\/#breadcrumb\"},\"inLanguage\":\"de\",\"potentialAction\":[{\"@type\":\"ReadAction\",\"target\":[\"https:\\\/\\\/www.marinastavoren.nl\\\/de\\\/marina-stavoren-buitenhaven\\\/liegeplaetze\\\/\"]}]},{\"@type\":\"BreadcrumbList\",\"@id\":\"https:\\\/\\\/www.marinastavoren.nl\\\/de\\\/marina-stavoren-buitenhaven\\\/liegeplaetze\\\/#breadcrumb\",\"itemListElement\":[{\"@type\":\"ListItem\",\"position\":1,\"name\":\"Home\",\"item\":\"https:\\\/\\\/www.marinastavoren.nl\\\/de\\\/\"},{\"@type\":\"ListItem\",\"position\":2,\"name\":\"Marina Stavoren Buitenhaven\",\"item\":\"https:\\\/\\\/www.marinastavoren.nl\\\/de\\\/marina-stavoren-buitenhaven\\\/\"},{\"@type\":\"ListItem\",\"position\":3,\"name\":\"Liegepl\u00e4tze\"}]},{\"@type\":\"WebSite\",\"@id\":\"https:\\\/\\\/www.marinastavoren.nl\\\/de\\\/#website\",\"url\":\"https:\\\/\\\/www.marinastavoren.nl\\\/de\\\/\",\"name\":\"Marina Stavoren\",\"description\":\"Willkommen im Ferienpark der Marina Stavoren\",\"publisher\":{\"@id\":\"https:\\\/\\\/www.marinastavoren.nl\\\/de\\\/#organization\"},\"potentialAction\":[{\"@type\":\"SearchAction\",\"target\":{\"@type\":\"EntryPoint\",\"urlTemplate\":\"https:\\\/\\\/www.marinastavoren.nl\\\/de\\\/?s={search_term_string}\"},\"query-input\":{\"@type\":\"PropertyValueSpecification\",\"valueRequired\":true,\"valueName\":\"search_term_string\"}}],\"inLanguage\":\"de\"},{\"@type\":\"Organization\",\"@id\":\"https:\\\/\\\/www.marinastavoren.nl\\\/de\\\/#organization\",\"name\":\"Marina Stavoren\",\"url\":\"https:\\\/\\\/www.marinastavoren.nl\\\/de\\\/\",\"logo\":{\"@type\":\"ImageObject\",\"inLanguage\":\"de\",\"@id\":\"https:\\\/\\\/www.marinastavoren.nl\\\/de\\\/#\\\/schema\\\/logo\\\/image\\\/\",\"url\":\"https:\\\/\\\/www.marinastavoren.nl\\\/wp-content\\\/uploads\\\/2022\\\/12\\\/logo-marina-stavoren-sticky.png\",\"contentUrl\":\"https:\\\/\\\/www.marinastavoren.nl\\\/wp-content\\\/uploads\\\/2022\\\/12\\\/logo-marina-stavoren-sticky.png\",\"width\":277,\"height\":60,\"caption\":\"Marina Stavoren\"},\"image\":{\"@id\":\"https:\\\/\\\/www.marinastavoren.nl\\\/de\\\/#\\\/schema\\\/logo\\\/image\\\/\"},\"sameAs\":[\"https:\\\/\\\/www.facebook.com\\\/marina.stavoren\",\"https:\\\/\\\/www.instagram.com\\\/marinastavoren\\\/\"]}]}<\/script>\n<!-- \/ Yoast SEO plugin. -->","yoast_head_json":{"title":"Liegepl\u00e4tze Marina Stavoren Buitenhaven | MarinaStavoren.nl","description":"Dieser Jachthafen bietet gro\u00dfz\u00fcgig angelegte Liegepl\u00e4tze, alle mit eigenem Stromanschluss. Die Anlegestege sind robust und hoch gebaut.","robots":{"index":"index","follow":"follow","max-snippet":"max-snippet:-1","max-image-preview":"max-image-preview:large","max-video-preview":"max-video-preview:-1"},"canonical":"https:\/\/www.marinastavoren.nl\/de\/marina-stavoren-buitenhaven\/liegeplaetze\/","og_locale":"de_DE","og_type":"article","og_title":"Liegepl\u00e4tze Marina Stavoren Buitenhaven | MarinaStavoren.nl","og_description":"Dieser Jachthafen bietet gro\u00dfz\u00fcgig angelegte Liegepl\u00e4tze, alle mit eigenem Stromanschluss. Die Anlegestege sind robust und hoch gebaut.","og_url":"https:\/\/www.marinastavoren.nl\/de\/marina-stavoren-buitenhaven\/liegeplaetze\/","og_site_name":"Marina Stavoren","article_publisher":"https:\/\/www.facebook.com\/marina.stavoren","article_modified_time":"2023-01-11T13:21:14+00:00","twitter_card":"summary_large_image","twitter_misc":{"Gesch\u00e4tzte Lesezeit":"2\u00a0Minuten"},"schema":{"@context":"https:\/\/schema.org","@graph":[{"@type":"WebPage","@id":"https:\/\/www.marinastavoren.nl\/de\/marina-stavoren-buitenhaven\/liegeplaetze\/","url":"https:\/\/www.marinastavoren.nl\/de\/marina-stavoren-buitenhaven\/liegeplaetze\/","name":"Liegepl\u00e4tze Marina Stavoren Buitenhaven | MarinaStavoren.nl","isPartOf":{"@id":"https:\/\/www.marinastavoren.nl\/de\/#website"},"datePublished":"2021-12-10T10:24:35+00:00","dateModified":"2023-01-11T13:21:14+00:00","description":"Dieser Jachthafen bietet gro\u00dfz\u00fcgig angelegte Liegepl\u00e4tze, alle mit eigenem Stromanschluss. Die Anlegestege sind robust und hoch gebaut.","breadcrumb":{"@id":"https:\/\/www.marinastavoren.nl\/de\/marina-stavoren-buitenhaven\/liegeplaetze\/#breadcrumb"},"inLanguage":"de","potentialAction":[{"@type":"ReadAction","target":["https:\/\/www.marinastavoren.nl\/de\/marina-stavoren-buitenhaven\/liegeplaetze\/"]}]},{"@type":"BreadcrumbList","@id":"https:\/\/www.marinastavoren.nl\/de\/marina-stavoren-buitenhaven\/liegeplaetze\/#breadcrumb","itemListElement":[{"@type":"ListItem","position":1,"name":"Home","item":"https:\/\/www.marinastavoren.nl\/de\/"},{"@type":"ListItem","position":2,"name":"Marina Stavoren Buitenhaven","item":"https:\/\/www.marinastavoren.nl\/de\/marina-stavoren-buitenhaven\/"},{"@type":"ListItem","position":3,"name":"Liegepl\u00e4tze"}]},{"@type":"WebSite","@id":"https:\/\/www.marinastavoren.nl\/de\/#website","url":"https:\/\/www.marinastavoren.nl\/de\/","name":"Marina Stavoren","description":"Willkommen im Ferienpark der Marina Stavoren","publisher":{"@id":"https:\/\/www.marinastavoren.nl\/de\/#organization"},"potentialAction":[{"@type":"SearchAction","target":{"@type":"EntryPoint","urlTemplate":"https:\/\/www.marinastavoren.nl\/de\/?s={search_term_string}"},"query-input":{"@type":"PropertyValueSpecification","valueRequired":true,"valueName":"search_term_string"}}],"inLanguage":"de"},{"@type":"Organization","@id":"https:\/\/www.marinastavoren.nl\/de\/#organization","name":"Marina Stavoren","url":"https:\/\/www.marinastavoren.nl\/de\/","logo":{"@type":"ImageObject","inLanguage":"de","@id":"https:\/\/www.marinastavoren.nl\/de\/#\/schema\/logo\/image\/","url":"https:\/\/www.marinastavoren.nl\/wp-content\/uploads\/2022\/12\/logo-marina-stavoren-sticky.png","contentUrl":"https:\/\/www.marinastavoren.nl\/wp-content\/uploads\/2022\/12\/logo-marina-stavoren-sticky.png","width":277,"height":60,"caption":"Marina Stavoren"},"image":{"@id":"https:\/\/www.marinastavoren.nl\/de\/#\/schema\/logo\/image\/"},"sameAs":["https:\/\/www.facebook.com\/marina.stavoren","https:\/\/www.instagram.com\/marinastavoren\/"]}]}},"_links":{"self":[{"href":"https:\/\/www.marinastavoren.nl\/de\/wp-json\/wp\/v2\/pages\/1522","targetHints":{"allow":["GET"]}}],"collection":[{"href":"https:\/\/www.marinastavoren.nl\/de\/wp-json\/wp\/v2\/pages"}],"about":[{"href":"https:\/\/www.marinastavoren.nl\/de\/wp-json\/wp\/v2\/types\/page"}],"author":[{"embeddable":true,"href":"https:\/\/www.marinastavoren.nl\/de\/wp-json\/wp\/v2\/users\/1"}],"replies":[{"embeddable":true,"href":"https:\/\/www.marinastavoren.nl\/de\/wp-json\/wp\/v2\/comments?post=1522"}],"version-history":[{"count":7,"href":"https:\/\/www.marinastavoren.nl\/de\/wp-json\/wp\/v2\/pages\/1522\/revisions"}],"predecessor-version":[{"id":2333,"href":"https:\/\/www.marinastavoren.nl\/de\/wp-json\/wp\/v2\/pages\/1522\/revisions\/2333"}],"up":[{"embeddable":true,"href":"https:\/\/www.marinastavoren.nl\/de\/wp-json\/wp\/v2\/pages\/1508"}],"wp:attachment":[{"href":"https:\/\/www.marinastavoren.nl\/de\/wp-json\/wp\/v2\/media?parent=1522"}],"curies":[{"name":"wp","href":"https:\/\/api.w.org\/{rel}","templated":true}]}}