{"id":1334,"date":"2021-11-12T11:12:52","date_gmt":"2021-11-12T09:12:52","guid":{"rendered":"https:\/\/marinastavoren.xdialogue-demo.nl\/marina-stavoren\/"},"modified":"2023-01-11T15:19:57","modified_gmt":"2023-01-11T13:19:57","slug":"marina-stavoren","status":"publish","type":"page","link":"https:\/\/www.marinastavoren.nl\/de\/marina-stavoren\/","title":{"rendered":"Marina Stavoren Binnenhaven"},"content":{"rendered":"<div class=\"wpb-content-wrapper\">[vc_row][vc_column][vc_column_text]\n<h1>Willkommen im Marina Stavoren Binnenhaven<\/h1>\n<p>Der Innenhafen der Marina Stavoren hat eine besondere Lage, er liegt n\u00e4mlich zwischen dem IJsselmeer und den friesischen Seen. Das St\u00e4dtchen Stavoren, \u00e4ltestes der Elfst\u00e4dte-Mitglieder und zugleich Hansestadt, liegt von hier aus auf Laufabstand, genau wie das IJsselmeer. Als Passant oder Halter eines festen Liegeplatzes kommen Sie in den Genuss der vielen Einrichtungen, die einen sch\u00f6nen Aufenthalt mit der ganzen Familie garantieren.[\/vc_column_text][\/vc_column][\/vc_row][vc_row css=&#8220;.vc_custom_1609925549736{padding-top: 10px !important;padding-right: 10px !important;padding-bottom: 10px !important;padding-left: 10px !important;background-color: #ebeef3 !important;border-radius: 10px !important;}&#8220;][vc_column width=&#8220;2\/3&#8243;][vc_column_text css=&#8220;.vc_custom_1669043596377{padding-bottom: 10px !important;}&#8220;]Die familienfreundliche Marina Stavoren ist die ideale Ausfallsbasis in ein gro\u00dfes Fahrrevier, f\u00fcr jede Windrichtung k\u00f6nnen Sie Ihren Kurs w\u00e4hlen! Seitdem eine zweite Schleuse gebaut wurde, ist es mit langen Wartezeiten endg\u00fcltig vorbei. Damit geh\u00f6ren auch T\u00f6rns zu den Wattenmeer-Inseln oder ein Tag r\u00fcber nach Enkhuizen oder Medemblik in den Bereich der M\u00f6glichkeiten. Nat\u00fcrlich sind noch stets die pr\u00e4chtigen friesischen Seen mit ihren lebendigen D\u00f6rfern und St\u00e4dtchen wie Heeg, Woudsend, IJlst oder Sneek einen Besuch wert.[\/vc_column_text][\/vc_column][vc_column width=&#8220;1\/3&#8243;][vc_single_image image=&#8220;1015&#8243; img_size=&#8220;full&#8220; css=&#8220;.vc_custom_1636708320876{padding-top: 15px !important;}&#8220;][\/vc_column][\/vc_row][vc_row][vc_column][vc_column_text]Da aber auch zahlreiche Einrichtungen zur Verf\u00fcgung stehen, die garantiert einen angenehmen Aufenthalt erm\u00f6glichen, ist ein Aufenthalt im Hafen selbst auch anzuraten, sowohl f\u00fcr einen Tag als auch einen l\u00e4ngeren Aufenthalt. Sie sind herzlich willkommen in der Marina Stavoren, sei es als Gastlieger, als Festlieger oder als Besucher.[\/vc_column_text][vc_cta h2=&#8220;&#8220; h4=&#8220;Lageplan Hafen&#8220; txt_align=&#8220;center&#8220; add_button=&#8220;bottom&#8220; btn_title=&#8220;Laden Hafenplan&#8220; btn_style=&#8220;outline-custom&#8220; btn_outline_custom_color=&#8220;#201f72&#8243; btn_outline_custom_hover_background=&#8220;#ff5500&#8243; btn_outline_custom_hover_text=&#8220;#ffffff&#8220; btn_align=&#8220;center&#8220; btn_i_icon_fontawesome=&#8220;fas fa-cloud-download-alt&#8220; btn_add_icon=&#8220;true&#8220; btn_link=&#8220;url:%2Fwp-content%2Fuploads%2F2021%2F11%2FHavenplattegronden_Marina_Stavoren-Binnenhaven.pdf|title:Plattegrond|target:_blank&#8220;]Laden Sie sich hier den Hafenplan herunter[\/vc_cta][\/vc_column][\/vc_row][vc_row][vc_column][vc_column_text][vc_cta_button call_text=&#8220;Reservieren Sie direkt oder rufen Sie uns an, wenn Sie mehr Information w\u00fcnschen&#8220; title=&#8220;Hinterlassen Sie hier Ihre Kontaktdaten&#8220; size=&#8220;btn-large&#8220; position=&#8220;cta_align_bottom&#8220; href=&#8220;https:\/\/www.marinastavoren.nl\/de\/anmeldung-schiffsliegeplatz\/&#8220;][\/vc_column_text][\/vc_column][\/vc_row]\n<\/div>","protected":false},"excerpt":{"rendered":"<p>[vc_row][vc_column][vc_column_text] Willkommen im Marina Stavoren Binnenhaven Der Innenhafen der Marina Stavoren hat eine besondere Lage, er liegt n\u00e4mlich zwischen dem [&hellip;]<\/p>\n","protected":false},"author":1,"featured_media":0,"parent":0,"menu_order":0,"comment_status":"closed","ping_status":"closed","template":"page-templates\/page-left.php","meta":{"footnotes":""},"class_list":["post-1334","page","type-page","status-publish","hentry"],"yoast_head":"<!-- This site is optimized with the Yoast SEO plugin v27.4 - https:\/\/yoast.com\/product\/yoast-seo-wordpress\/ -->\n<title>Marina Stavoren Binnenhaven - Marina Stavoren<\/title>\n<meta name=\"description\" content=\"Der Innenhafen der Marina Stavoren liegt sehr besonders, n\u00e4mlich zwischen dem IJsselmeer und den friesischen Seen.\" \/>\n<meta name=\"robots\" content=\"index, follow, max-snippet:-1, max-image-preview:large, max-video-preview:-1\" \/>\n<link rel=\"canonical\" href=\"https:\/\/www.marinastavoren.nl\/de\/marina-stavoren\/\" \/>\n<meta property=\"og:locale\" content=\"de_DE\" \/>\n<meta property=\"og:type\" content=\"article\" \/>\n<meta property=\"og:title\" content=\"Marina Stavoren Binnenhaven - Marina Stavoren\" \/>\n<meta property=\"og:description\" content=\"Der Innenhafen der Marina Stavoren liegt sehr besonders, n\u00e4mlich zwischen dem IJsselmeer und den friesischen Seen.\" \/>\n<meta property=\"og:url\" content=\"https:\/\/www.marinastavoren.nl\/de\/marina-stavoren\/\" \/>\n<meta property=\"og:site_name\" content=\"Marina Stavoren\" \/>\n<meta property=\"article:publisher\" content=\"https:\/\/www.facebook.com\/marina.stavoren\" \/>\n<meta property=\"article:modified_time\" content=\"2023-01-11T13:19:57+00:00\" \/>\n<meta name=\"twitter:card\" content=\"summary_large_image\" \/>\n<meta name=\"twitter:label1\" content=\"Gesch\u00e4tzte Lesezeit\" \/>\n\t<meta name=\"twitter:data1\" content=\"2\u00a0Minuten\" \/>\n<script type=\"application\/ld+json\" class=\"yoast-schema-graph\">{\"@context\":\"https:\\\/\\\/schema.org\",\"@graph\":[{\"@type\":\"WebPage\",\"@id\":\"https:\\\/\\\/www.marinastavoren.nl\\\/de\\\/marina-stavoren\\\/\",\"url\":\"https:\\\/\\\/www.marinastavoren.nl\\\/de\\\/marina-stavoren\\\/\",\"name\":\"Marina Stavoren Binnenhaven - Marina Stavoren\",\"isPartOf\":{\"@id\":\"https:\\\/\\\/www.marinastavoren.nl\\\/de\\\/#website\"},\"datePublished\":\"2021-11-12T09:12:52+00:00\",\"dateModified\":\"2023-01-11T13:19:57+00:00\",\"description\":\"Der Innenhafen der Marina Stavoren liegt sehr besonders, n\u00e4mlich zwischen dem IJsselmeer und den friesischen Seen.\",\"breadcrumb\":{\"@id\":\"https:\\\/\\\/www.marinastavoren.nl\\\/de\\\/marina-stavoren\\\/#breadcrumb\"},\"inLanguage\":\"de\",\"potentialAction\":[{\"@type\":\"ReadAction\",\"target\":[\"https:\\\/\\\/www.marinastavoren.nl\\\/de\\\/marina-stavoren\\\/\"]}]},{\"@type\":\"BreadcrumbList\",\"@id\":\"https:\\\/\\\/www.marinastavoren.nl\\\/de\\\/marina-stavoren\\\/#breadcrumb\",\"itemListElement\":[{\"@type\":\"ListItem\",\"position\":1,\"name\":\"Home\",\"item\":\"https:\\\/\\\/www.marinastavoren.nl\\\/de\\\/\"},{\"@type\":\"ListItem\",\"position\":2,\"name\":\"Marina Stavoren Binnenhaven\"}]},{\"@type\":\"WebSite\",\"@id\":\"https:\\\/\\\/www.marinastavoren.nl\\\/de\\\/#website\",\"url\":\"https:\\\/\\\/www.marinastavoren.nl\\\/de\\\/\",\"name\":\"Marina Stavoren\",\"description\":\"Willkommen im Ferienpark der Marina Stavoren\",\"publisher\":{\"@id\":\"https:\\\/\\\/www.marinastavoren.nl\\\/de\\\/#organization\"},\"potentialAction\":[{\"@type\":\"SearchAction\",\"target\":{\"@type\":\"EntryPoint\",\"urlTemplate\":\"https:\\\/\\\/www.marinastavoren.nl\\\/de\\\/?s={search_term_string}\"},\"query-input\":{\"@type\":\"PropertyValueSpecification\",\"valueRequired\":true,\"valueName\":\"search_term_string\"}}],\"inLanguage\":\"de\"},{\"@type\":\"Organization\",\"@id\":\"https:\\\/\\\/www.marinastavoren.nl\\\/de\\\/#organization\",\"name\":\"Marina Stavoren\",\"url\":\"https:\\\/\\\/www.marinastavoren.nl\\\/de\\\/\",\"logo\":{\"@type\":\"ImageObject\",\"inLanguage\":\"de\",\"@id\":\"https:\\\/\\\/www.marinastavoren.nl\\\/de\\\/#\\\/schema\\\/logo\\\/image\\\/\",\"url\":\"https:\\\/\\\/www.marinastavoren.nl\\\/wp-content\\\/uploads\\\/2022\\\/12\\\/logo-marina-stavoren-sticky.png\",\"contentUrl\":\"https:\\\/\\\/www.marinastavoren.nl\\\/wp-content\\\/uploads\\\/2022\\\/12\\\/logo-marina-stavoren-sticky.png\",\"width\":277,\"height\":60,\"caption\":\"Marina Stavoren\"},\"image\":{\"@id\":\"https:\\\/\\\/www.marinastavoren.nl\\\/de\\\/#\\\/schema\\\/logo\\\/image\\\/\"},\"sameAs\":[\"https:\\\/\\\/www.facebook.com\\\/marina.stavoren\",\"https:\\\/\\\/www.instagram.com\\\/marinastavoren\\\/\"]}]}<\/script>\n<!-- \/ Yoast SEO plugin. -->","yoast_head_json":{"title":"Marina Stavoren Binnenhaven - Marina Stavoren","description":"Der Innenhafen der Marina Stavoren liegt sehr besonders, n\u00e4mlich zwischen dem IJsselmeer und den friesischen Seen.","robots":{"index":"index","follow":"follow","max-snippet":"max-snippet:-1","max-image-preview":"max-image-preview:large","max-video-preview":"max-video-preview:-1"},"canonical":"https:\/\/www.marinastavoren.nl\/de\/marina-stavoren\/","og_locale":"de_DE","og_type":"article","og_title":"Marina Stavoren Binnenhaven - Marina Stavoren","og_description":"Der Innenhafen der Marina Stavoren liegt sehr besonders, n\u00e4mlich zwischen dem IJsselmeer und den friesischen Seen.","og_url":"https:\/\/www.marinastavoren.nl\/de\/marina-stavoren\/","og_site_name":"Marina Stavoren","article_publisher":"https:\/\/www.facebook.com\/marina.stavoren","article_modified_time":"2023-01-11T13:19:57+00:00","twitter_card":"summary_large_image","twitter_misc":{"Gesch\u00e4tzte Lesezeit":"2\u00a0Minuten"},"schema":{"@context":"https:\/\/schema.org","@graph":[{"@type":"WebPage","@id":"https:\/\/www.marinastavoren.nl\/de\/marina-stavoren\/","url":"https:\/\/www.marinastavoren.nl\/de\/marina-stavoren\/","name":"Marina Stavoren Binnenhaven - Marina Stavoren","isPartOf":{"@id":"https:\/\/www.marinastavoren.nl\/de\/#website"},"datePublished":"2021-11-12T09:12:52+00:00","dateModified":"2023-01-11T13:19:57+00:00","description":"Der Innenhafen der Marina Stavoren liegt sehr besonders, n\u00e4mlich zwischen dem IJsselmeer und den friesischen Seen.","breadcrumb":{"@id":"https:\/\/www.marinastavoren.nl\/de\/marina-stavoren\/#breadcrumb"},"inLanguage":"de","potentialAction":[{"@type":"ReadAction","target":["https:\/\/www.marinastavoren.nl\/de\/marina-stavoren\/"]}]},{"@type":"BreadcrumbList","@id":"https:\/\/www.marinastavoren.nl\/de\/marina-stavoren\/#breadcrumb","itemListElement":[{"@type":"ListItem","position":1,"name":"Home","item":"https:\/\/www.marinastavoren.nl\/de\/"},{"@type":"ListItem","position":2,"name":"Marina Stavoren Binnenhaven"}]},{"@type":"WebSite","@id":"https:\/\/www.marinastavoren.nl\/de\/#website","url":"https:\/\/www.marinastavoren.nl\/de\/","name":"Marina Stavoren","description":"Willkommen im Ferienpark der Marina Stavoren","publisher":{"@id":"https:\/\/www.marinastavoren.nl\/de\/#organization"},"potentialAction":[{"@type":"SearchAction","target":{"@type":"EntryPoint","urlTemplate":"https:\/\/www.marinastavoren.nl\/de\/?s={search_term_string}"},"query-input":{"@type":"PropertyValueSpecification","valueRequired":true,"valueName":"search_term_string"}}],"inLanguage":"de"},{"@type":"Organization","@id":"https:\/\/www.marinastavoren.nl\/de\/#organization","name":"Marina Stavoren","url":"https:\/\/www.marinastavoren.nl\/de\/","logo":{"@type":"ImageObject","inLanguage":"de","@id":"https:\/\/www.marinastavoren.nl\/de\/#\/schema\/logo\/image\/","url":"https:\/\/www.marinastavoren.nl\/wp-content\/uploads\/2022\/12\/logo-marina-stavoren-sticky.png","contentUrl":"https:\/\/www.marinastavoren.nl\/wp-content\/uploads\/2022\/12\/logo-marina-stavoren-sticky.png","width":277,"height":60,"caption":"Marina Stavoren"},"image":{"@id":"https:\/\/www.marinastavoren.nl\/de\/#\/schema\/logo\/image\/"},"sameAs":["https:\/\/www.facebook.com\/marina.stavoren","https:\/\/www.instagram.com\/marinastavoren\/"]}]}},"_links":{"self":[{"href":"https:\/\/www.marinastavoren.nl\/de\/wp-json\/wp\/v2\/pages\/1334","targetHints":{"allow":["GET"]}}],"collection":[{"href":"https:\/\/www.marinastavoren.nl\/de\/wp-json\/wp\/v2\/pages"}],"about":[{"href":"https:\/\/www.marinastavoren.nl\/de\/wp-json\/wp\/v2\/types\/page"}],"author":[{"embeddable":true,"href":"https:\/\/www.marinastavoren.nl\/de\/wp-json\/wp\/v2\/users\/1"}],"replies":[{"embeddable":true,"href":"https:\/\/www.marinastavoren.nl\/de\/wp-json\/wp\/v2\/comments?post=1334"}],"version-history":[{"count":14,"href":"https:\/\/www.marinastavoren.nl\/de\/wp-json\/wp\/v2\/pages\/1334\/revisions"}],"predecessor-version":[{"id":2278,"href":"https:\/\/www.marinastavoren.nl\/de\/wp-json\/wp\/v2\/pages\/1334\/revisions\/2278"}],"wp:attachment":[{"href":"https:\/\/www.marinastavoren.nl\/de\/wp-json\/wp\/v2\/media?parent=1334"}],"curies":[{"name":"wp","href":"https:\/\/api.w.org\/{rel}","templated":true}]}}