{"id":1326,"date":"2021-11-04T10:39:35","date_gmt":"2021-11-04T08:39:35","guid":{"rendered":"https:\/\/marinastavoren.xdialogue-demo.nl\/ligplaats-marina-stavoren\/"},"modified":"2025-12-03T11:16:47","modified_gmt":"2025-12-03T09:16:47","slug":"aktion-liegeplatze","status":"publish","type":"page","link":"https:\/\/www.marinastavoren.nl\/de\/aktion-liegeplatze\/","title":{"rendered":"Aktion: Liegepl\u00e4tze"},"content":{"rendered":"<div class=\"wpb-content-wrapper\">[vc_row css=&#8220;.vc_custom_1764752405408{margin-top: -322px !important;}&#8220; el_id=&#8220;formulier&#8220;][vc_column width=&#8220;1\/2&#8243; el_class=&#8220;margin-top-move&#8220;]\n<div class=\"wpcf7 no-js\" id=\"wpcf7-f300-o1\" lang=\"de-DE\" dir=\"ltr\" data-wpcf7-id=\"300\">\n<div class=\"screen-reader-response\"><p role=\"status\" aria-live=\"polite\" aria-atomic=\"true\"><\/p> <ul><\/ul><\/div>\n<form action=\"\/de\/wp-json\/wp\/v2\/pages\/1326#wpcf7-f300-o1\" method=\"post\" class=\"wpcf7-form init\" aria-label=\"Kontaktformular\" novalidate=\"novalidate\" data-status=\"init\">\n<fieldset class=\"hidden-fields-container\"><input type=\"hidden\" name=\"_wpcf7\" value=\"300\" \/><input type=\"hidden\" name=\"_wpcf7_version\" value=\"6.1.5\" \/><input type=\"hidden\" name=\"_wpcf7_locale\" value=\"de_DE\" \/><input type=\"hidden\" name=\"_wpcf7_unit_tag\" value=\"wpcf7-f300-o1\" \/><input type=\"hidden\" name=\"_wpcf7_container_post\" value=\"0\" \/><input type=\"hidden\" name=\"_wpcf7_posted_data_hash\" value=\"\" \/>\n<\/fieldset>\n<div class=\"wpcf7-turnstile cf-turnstile\" data-sitekey=\"0x4AAAAAABt1S1d4mW3UXUVT\" data-response-field-name=\"_wpcf7_turnstile_response\"><\/div>\n\n<p><label> Name:<br \/>\n<span class=\"wpcf7-form-control-wrap\" data-name=\"your-name\"><input size=\"40\" maxlength=\"400\" class=\"wpcf7-form-control wpcf7-text wpcf7-validates-as-required\" aria-required=\"true\" aria-invalid=\"false\" value=\"\" type=\"text\" name=\"your-name\" \/><\/span> <\/label>\n<\/p>\n<p><label> E-Mail:<br \/>\n<span class=\"wpcf7-form-control-wrap\" data-name=\"your-email\"><input size=\"40\" maxlength=\"400\" class=\"wpcf7-form-control wpcf7-email wpcf7-validates-as-required wpcf7-text wpcf7-validates-as-email\" aria-required=\"true\" aria-invalid=\"false\" value=\"\" type=\"email\" name=\"your-email\" \/><\/span> <\/label>\n<\/p>\n<p><label> Betreff:<br \/>\n<span class=\"wpcf7-form-control-wrap\" data-name=\"your-subject\"><input size=\"40\" maxlength=\"400\" class=\"wpcf7-form-control wpcf7-text wpcf7-validates-as-required\" aria-required=\"true\" aria-invalid=\"false\" value=\"\" type=\"text\" name=\"your-subject\" \/><\/span> <\/label>\n<\/p>\n<p><label> Ihre Nachricht:<br \/>\n<span class=\"wpcf7-form-control-wrap\" data-name=\"your-message\"><input size=\"40\" maxlength=\"400\" class=\"wpcf7-form-control wpcf7-text\" aria-invalid=\"false\" value=\"\" type=\"text\" name=\"your-message\" \/><\/span> <\/label>\n<\/p>\n<p><input class=\"wpcf7-form-control wpcf7-submit has-spinner\" type=\"submit\" value=\"Versenden\" \/>\n<\/p><div class=\"wpcf7-response-output\" aria-hidden=\"true\"><\/div>\n<\/form>\n<\/div>\n[\/vc_column][vc_column width=&#8220;1\/2&#8243;][vc_empty_space height=&#8220;475px&#8220; el_class=&#8220;mob_on&#8220;][\/vc_column][\/vc_row][vc_row content_placement=&#8220;middle&#8220; css=&#8220;.vc_custom_1764753402875{margin-top: 230px !important;margin-bottom: 30px !important;}&#8220;][vc_column width=&#8220;1\/2&#8243;][vc_single_image image=&#8220;971&#8243; img_size=&#8220;full&#8220; style=&#8220;vc_box_rounded&#8220;][\/vc_column][vc_column width=&#8220;1\/2&#8243;][vc_column_text css=&#8220;.vc_custom_1669195213735{padding-top: 0px !important;padding-right: 10px !important;padding-bottom: 10px !important;padding-left: 10px !important;}&#8220;]\n<h3>Ihr Liegeplatz in einem der besten H\u00e4fen<\/h3>\n<p>Die Marina Stavoren liegt am Johan-Friso Kanal und ist nur durch die Schleuse vom IJsselmeer getrennt. Der Marina Stavoren Au\u00dfenhafen liegt, wie der Name schon vermuten l\u00e4sst, direkt am IJsselmeer. Beide Jachth\u00e4fen sind aufgrund Ihrer Lage die ideale Ausfallsbasis f\u00fcr Fahrten zu den alten St\u00e4dtchen der einstigen Zuiderzee, den friesischen Seen, den Randseen (Randmeren) oder zu den Inseln im Wattenmeer (UNESCO Weltnaturerbe!). Neben ger\u00e4umigen Liegepl\u00e4tzen bieten Ihnen die H\u00e4fen auch viele weitere Einrichtungen.<\/p>\n<p>Unsere Tarife sind einschlie\u00dflich:<\/p>\n<ul>\n<li>Zugang zum Hallenbad<\/li>\n<li>Zugang zum Fitnessraum<\/li>\n<li>Benutzung der Sanit\u00e4ranlagen<\/li>\n<li>Auto parken auf einem abgeschlossenem Parkplatz<\/li>\n<li>Wasser tanken<\/li>\n<li>Wifi<\/li>\n<\/ul>\n[\/vc_column_text][\/vc_column][vc_column][vc_row_inner css=&#8220;.vc_custom_1667557697989{margin-top: 30px !important;}&#8220;][vc_column_inner width=&#8220;1\/2&#8243; css=&#8220;.vc_custom_1432890993582{margin-top: 60px !important;}&#8220;][vc_column_text css=&#8220;.vc_custom_1669195236975{padding-top: 10px !important;}&#8220;]\n<h3>Ein Liegeplatz, viele Extras<\/h3>\n<p style=\"font-size: 13pt;\">Die Jachth\u00e4fen in Stavoren geh\u00f6ren zur Organisation SkipsMaritiem, ebenso wie Jachthafen Hindeloopen, Friese Hoek in Lemmer und die Flevo Marina in Lelystad. Halter eines festen Liegeplatzes k\u00f6nnen ausgezeichnete Einrichtungen nutzen und kommen zudem in den Genuss vieler weiterer Vorteile, wie zum Beispiel die SkipsMaritiem Membership Karte (mehr Information siehe hier unten).<\/p>\n[\/vc_column_text][\/vc_column_inner][vc_column_inner width=&#8220;1\/2&#8243;][vc_single_image image=&#8220;973&#8243; img_size=&#8220;full&#8220; alignment=&#8220;right&#8220; style=&#8220;vc_box_rounded&#8220;][\/vc_column_inner][\/vc_row_inner][\/vc_column][\/vc_row][vc_row][vc_column width=&#8220;1\/2&#8243;][vc_column_text]\n<h3>Ger\u00e4umige Liegepl\u00e4tze<\/h3>\n<p>Beide Jachth\u00e4fen sind weitl\u00e4ufig angelegt. Wir bieten Liegepl\u00e4tze an f\u00fcr Schiffe bis zu 25 Metern L\u00e4nge, einige Liegepl\u00e4tze haben einen seitlichen Anlegesteg. Im Au\u00dfenhafen haben die Liegepl\u00e4tze hat einen Fingersteg. Schiffe mit einem Tiefgang bis zu 3 Metern k\u00f6nnen hier anlegen. Im Innenhafen betr\u00e4gt der maximal m\u00f6gliche Tiefgang 2,00 Meter. Auch gibt es im Innenhafen zwei Stege, die ideal sind f\u00fcr Motorboote. Und auch an den beiden Au\u00dfenmolen kann man problemlos mit einem gr\u00f6\u00dferen Motorboot anlegen.[\/vc_column_text][\/vc_column][vc_column width=&#8220;1\/2&#8243;][vc_column_text]\n<h3>Umfassende Einrichtungen<\/h3>\n<p>Es sind vor allem auch die zahlreichen praktischen Einrichtungen unserer Jachth\u00e4fen, die diese zu kompletten Heimath\u00e4fen machen. Wobei der Au\u00dfenhafen besonders gerne von den sportlichen Seglern genutzt wird und sich der Innenhafen besonders gut f\u00fcr Familien eignet. In den H\u00e4fen finden Sie unter anderem eine gut ausgestattete Yachtservice &amp; Refit Abteilung, spezielle R\u00e4ume und Dienste zur Winterlagerung Ihres Schiffs, ein Wassersportgesch\u00e4ft mit einer kleinen Supermarktabteilung, ein Restaurant, einen Waschsalon, eine Fahrradvermietung, ein Hallenbad, einen \u00fcberdachten Spielraum, diverse Spielplatzger\u00e4te im Freien, einen Bootsmakler und eine Bootsvermietung.[\/vc_column_text][\/vc_column][\/vc_row][vc_row][vc_column width=&#8220;1\/6&#8243;][\/vc_column][vc_column width=&#8220;1\/3&#8243;][vc_column_text]\n<h3>Liegeplatz in Kombination mit Winterlagerung<\/h3>\n<p>Wenn Sie sich f\u00fcr einen Jahresliegeplatz mit Winterlager entscheiden, erhalten Sie einen Rabatt auf die Winterlagergeb\u00fchr im Vergleich zu Kunden ohne Dauerliegeplatz.[\/vc_column_text][\/vc_column][vc_column width=&#8220;1\/3&#8243;][vc_column_text]\n<h3>Attraktive All-Inklusive-Preise<\/h3>\n<p>Bei uns bekommen Sie umfassenden Service zu einem g\u00fcnstige Alles-inklusive-Preis. Und damit auch keine \u00dcberraschungskosten hinterher![\/vc_column_text][\/vc_column][vc_column width=&#8220;1\/6&#8243;][\/vc_column][\/vc_row][vc_row full_width=&#8220;stretch_row&#8220; parallax=&#8220;content-moving&#8220; parallax_image=&#8220;295&#8243; parallax_layers=&#8220;yes&#8220; video_cover=&#8220;3486&#8243; el_class=&#8220;content-padding-mobile-none&#8220; css=&#8220;.vc_custom_1644570886653{background-image: url(https:\/\/marinastavoren.xdialogue-demo.nl\/wp-content\/uploads\/2021\/11\/sunny.jpg?id=975) !important;}&#8220;][vc_column width=&#8220;2\/3&#8243; offset=&#8220;vc_col-sm-offset-2&#8243; el_class=&#8220;text-center white-box content-padding&#8220;]<h2 class=\"text-center\"><small>Exklusiv f\u00fcr Liegeplatz-Inhaber mit einem (Mehr-) Jahresvertrag:<\/small>SkipsMaritiem Membership Card<\/h2><div class='testimonials-carousel  owl-with-navigation' data-owl='{&quot;items&quot;:3,&quot;nav&quot;:true,&quot;navText&quot;:[&quot;Zur\\u00fcck&quot;,&quot;N\\u00e4chste&quot;],&quot;loop&quot;:true,&quot;autoplay&quot;:true,&quot;autoplayTimeout&quot;:&quot;3000&quot;,&quot;autoplayHoverPause&quot;:true,&quot;responsive&quot;:{&quot;0&quot;:{&quot;items&quot;:1,&quot;dots&quot;:true,&quot;nav&quot;:true},&quot;767&quot;:{&quot;items&quot;:2,&quot;dots&quot;:true},&quot;992&quot;:{&quot;items&quot;:3,&quot;dots&quot;:true}}}'><div class='testimonial'>\n      <h4 class='testimonial-title'>\n      10 % Erm\u00e4\u00dfigung          <\/h4>\n        <p>10 % Erm\u00e4\u00dfigung auf nahezu das gesamte Sortiment in den Wassersportgesch\u00e4ften von SkipsMaritiem. (ausgenommen: Treibstoff, Gas, Supermarktartikel, Zeitungen, WLAN-Karten und Briefmarken, Sonderangebote und Aktionsartikel)<\/p>\n    <a href='#' class='btn-inline btn' target=\"_self\"><\/a>\n<\/div>\n<div class='testimonial'>\n      <h4 class='testimonial-title'>\n      10 kostenlose \u00dcbernachtungen          <\/h4>\n        <p>10 kostenlose \u00dcbernachtungen in einem anderen Hafen von SkipsMaritiem.<\/p>\n    <a href='#' class='btn-inline btn' target=\"_self\"><\/a>\n<\/div>\n<div class='testimonial'>\n      <h4 class='testimonial-title'>\n      50 % Erm\u00e4\u00dfigung          <\/h4>\n        <p>50 % Erm\u00e4\u00dfigung auf \u00dcbernachtungen in einem anderen Hafen von SkipsMaritiem, wenn die 10 kostenlosen \u00dcbernachtungen aufgebraucht sind.<\/p>\n    <a href='#' class='btn-inline btn' target=\"_self\"><\/a>\n<\/div>\n<div class='testimonial'>\n      <h4 class='testimonial-title'>\n      Kostenloses schwimmen          <\/h4>\n        <p>Kostenlose Benutzung des Schwimmbads.<\/p>\n    <a href='#' class='btn-inline btn' target=\"_self\"><\/a>\n<\/div>\n<div class='testimonial'>\n      <h4 class='testimonial-title'>\n      Winterlager          <\/h4>\n        <p>Sonderpreis f\u00fcr das Winterlager.<\/p>\n    <a href='#' class='btn-inline btn' target=\"_self\"><\/a>\n<\/div>\n<\/div>[\/vc_column][\/vc_row][vc_row full_width=&#8220;stretch_row&#8220; parallax_layers=&#8220;yes&#8220; css=&#8220;.vc_custom_1636017904228{background-image: url(https:\/\/marinastavoren.xdialogue-demo.nl\/wp-content\/uploads\/2021\/11\/bg.jpg?id=302) !important;background-position: center !important;background-repeat: no-repeat !important;background-size: cover !important;}&#8220; parallax_offset=&#8220;0&#8243; layer_1_vertical=&#8220;bottom: -30px&#8220; layer_1_horizontal=&#8220;right: -30px&#8220; layer_1_ratio=&#8220;1.85123&#8243; layer_1_z=&#8220;0&#8243; layer_2_vertical=&#8220;top: 40%&#8220; layer_2_horizontal=&#8220;left: 50px&#8220; layer_2_ratio=&#8220;0.69343&#8243; layer_2_width=&#8220;170px&#8220; layer_2_z=&#8220;1&#8243; layer_1_width=&#8220;250px&#8220; layer_1=&#8220;303&#8243; layer_2=&#8220;303&#8243; layer_3=&#8220;303&#8243;][vc_column width=&#8220;1\/2&#8243;][vc_single_image image=&#8220;2392&#8243; img_size=&#8220;large&#8220;][\/vc_column][vc_column width=&#8220;1\/2&#8243;][vc_column_text css=&#8220;&#8220;]\n<h2><small>Extra Vorteil<\/small>Einen Liegeplatz mieten, vier Heimath\u00e4fen!!<\/h2>\n<p>Auf Wunsch k\u00f6nnen Sie einmal in der Saison den Heimathafen wechseln. Sie zahlen in dem Fall nur die Differenz zwischen den Liegeplatztarifen.<\/p>\n<p>Auch f\u00fcr Passanten haben wir interessante Preisnachl\u00e4sse in petto. Kennen Sie schon unsere Vorteilkarte? Mit dieser Karte haben Sie Recht auf sieben \u00dcbernachtungen in den H\u00e4fen von SkipsMaritiem. Der Preisvorteil kann bis zu 25 % betragen.<\/p>\n<p>Die Vorteilkarte ist eine Saison g\u00fcltig und ist im Hafenb\u00fcro erh\u00e4ltlich.<br \/>\n<a class=\"btn btn-inline\" href=\"https:\/\/www.marinastavoren.nl\/de\/kontaktdaten-ferienpark-marina-stavoren\/\">Zum Kontaktformular<\/a>[\/vc_column_text][\/vc_column][vc_column width=&#8220;1\/2&#8243; offset=&#8220;vc_col-sm-offset-3&#8243; css=&#8220;.vc_custom_1411467083077{margin-top: 5.6rem !important;}&#8220;][vc_column_text]\n<h2 class=\"text-uppercase text-center\" style=\"text-align: center;\">MEHRJ\u00c4HRIGE VERTR\u00c4GE<\/h2>\n<p style=\"text-align: center;\">Ihr Vorteil betr\u00e4gt schnell hunderte Euros.<\/p>\n<table class=\"table table-responsive\">\n<tbody>\n<tr>\n<td class=\"text-left\">3-j\u00e4hriger Vertrag bei j\u00e4hrlicher Bezahlung. Sie bekommen j\u00e4hrlich 5 % Erm\u00e4\u00dfigung auf den g\u00fcltigen Liegeplatzpreis.<\/td>\n<\/tr>\n<tr>\n<td class=\"text-left\">5-j\u00e4hriger Vertrag bei j\u00e4hrlicher Bezahlung. Sie bekommen j\u00e4hrlich 10 % Erm\u00e4\u00dfigung auf den g\u00fcltigen Liegeplatzpreis.<\/td>\n<\/tr>\n<\/tbody>\n<\/table>\n[\/vc_column_text][\/vc_column][\/vc_row][vc_row][vc_column][vc_column_text][vc_cta_button call_text=&#8220;W\u00fcnschen Sie weitere Information? Rufen Sie uns an oder wenden Sie sich mittels dem nachstehenden Formular an uns.&#8220; title=&#8220;Zum Formular&#8220; icon=&#8220;wpb_arrow&#8220; size=&#8220;btn-large&#8220; position=&#8220;cta_align_bottom&#8220; href=&#8220;https:\/\/www.marinastavoren.nl\/de\/anmeldung-schiffsliegeplatz\/&#8220;][\/vc_column_text][\/vc_column][\/vc_row]\n<\/div>","protected":false},"excerpt":{"rendered":"<p>[vc_row css=&#8220;.vc_custom_1764752405408{margin-top: -322px !important;}&#8220; el_id=&#8220;formulier&#8220;][vc_column width=&#8220;1\/2&#8243; el_class=&#8220;margin-top-move&#8220;][\/vc_column][vc_column width=&#8220;1\/2&#8243;][vc_empty_space height=&#8220;475px&#8220; el_class=&#8220;mob_on&#8220;][\/vc_column][\/vc_row][vc_row content_placement=&#8220;middle&#8220; css=&#8220;.vc_custom_1764753402875{margin-top: 230px !important;margin-bottom: 30px !important;}&#8220;][vc_column width=&#8220;1\/2&#8243;][vc_single_image image=&#8220;971&#8243; img_size=&#8220;full&#8220; style=&#8220;vc_box_rounded&#8220;][\/vc_column][vc_column [&hellip;]<\/p>\n","protected":false},"author":1,"featured_media":0,"parent":0,"menu_order":0,"comment_status":"closed","ping_status":"closed","template":"","meta":{"footnotes":""},"class_list":["post-1326","page","type-page","status-publish","hentry"],"yoast_head":"<!-- This site is optimized with the Yoast SEO plugin v27.4 - https:\/\/yoast.com\/product\/yoast-seo-wordpress\/ -->\n<title>Liegeplatz in Marina Stavoren | MarinaStavoren.nl<\/title>\n<meta name=\"description\" content=\"Der Marina Stavoren Innen- und Au\u00dfenhafen ist direkt bzw. sehr dicht am IJsselmeer gelegen.\" \/>\n<meta name=\"robots\" content=\"index, follow, max-snippet:-1, max-image-preview:large, max-video-preview:-1\" \/>\n<link rel=\"canonical\" href=\"https:\/\/www.marinastavoren.nl\/de\/aktion-liegeplatze\/\" \/>\n<meta property=\"og:locale\" content=\"de_DE\" \/>\n<meta property=\"og:type\" content=\"article\" \/>\n<meta property=\"og:title\" content=\"Liegeplatz in Marina Stavoren | MarinaStavoren.nl\" \/>\n<meta property=\"og:description\" content=\"Der Marina Stavoren Innen- und Au\u00dfenhafen ist direkt bzw. sehr dicht am IJsselmeer gelegen.\" \/>\n<meta property=\"og:url\" content=\"https:\/\/www.marinastavoren.nl\/de\/aktion-liegeplatze\/\" \/>\n<meta property=\"og:site_name\" content=\"Marina Stavoren\" \/>\n<meta property=\"article:publisher\" content=\"https:\/\/www.facebook.com\/marina.stavoren\" \/>\n<meta property=\"article:modified_time\" content=\"2025-12-03T09:16:47+00:00\" \/>\n<meta name=\"twitter:card\" content=\"summary_large_image\" \/>\n<meta name=\"twitter:label1\" content=\"Gesch\u00e4tzte Lesezeit\" \/>\n\t<meta name=\"twitter:data1\" content=\"4\u00a0Minuten\" \/>\n<script type=\"application\/ld+json\" class=\"yoast-schema-graph\">{\"@context\":\"https:\\\/\\\/schema.org\",\"@graph\":[{\"@type\":\"WebPage\",\"@id\":\"https:\\\/\\\/www.marinastavoren.nl\\\/de\\\/aktion-liegeplatze\\\/\",\"url\":\"https:\\\/\\\/www.marinastavoren.nl\\\/de\\\/aktion-liegeplatze\\\/\",\"name\":\"Liegeplatz in Marina Stavoren | MarinaStavoren.nl\",\"isPartOf\":{\"@id\":\"https:\\\/\\\/www.marinastavoren.nl\\\/de\\\/#website\"},\"datePublished\":\"2021-11-04T08:39:35+00:00\",\"dateModified\":\"2025-12-03T09:16:47+00:00\",\"description\":\"Der Marina Stavoren Innen- und Au\u00dfenhafen ist direkt bzw. sehr dicht am IJsselmeer gelegen.\",\"breadcrumb\":{\"@id\":\"https:\\\/\\\/www.marinastavoren.nl\\\/de\\\/aktion-liegeplatze\\\/#breadcrumb\"},\"inLanguage\":\"de\",\"potentialAction\":[{\"@type\":\"ReadAction\",\"target\":[\"https:\\\/\\\/www.marinastavoren.nl\\\/de\\\/aktion-liegeplatze\\\/\"]}]},{\"@type\":\"BreadcrumbList\",\"@id\":\"https:\\\/\\\/www.marinastavoren.nl\\\/de\\\/aktion-liegeplatze\\\/#breadcrumb\",\"itemListElement\":[{\"@type\":\"ListItem\",\"position\":1,\"name\":\"Home\",\"item\":\"https:\\\/\\\/www.marinastavoren.nl\\\/de\\\/\"},{\"@type\":\"ListItem\",\"position\":2,\"name\":\"Aktion: Liegepl\u00e4tze\"}]},{\"@type\":\"WebSite\",\"@id\":\"https:\\\/\\\/www.marinastavoren.nl\\\/de\\\/#website\",\"url\":\"https:\\\/\\\/www.marinastavoren.nl\\\/de\\\/\",\"name\":\"Marina Stavoren\",\"description\":\"Willkommen im Ferienpark der Marina Stavoren\",\"publisher\":{\"@id\":\"https:\\\/\\\/www.marinastavoren.nl\\\/de\\\/#organization\"},\"potentialAction\":[{\"@type\":\"SearchAction\",\"target\":{\"@type\":\"EntryPoint\",\"urlTemplate\":\"https:\\\/\\\/www.marinastavoren.nl\\\/de\\\/?s={search_term_string}\"},\"query-input\":{\"@type\":\"PropertyValueSpecification\",\"valueRequired\":true,\"valueName\":\"search_term_string\"}}],\"inLanguage\":\"de\"},{\"@type\":\"Organization\",\"@id\":\"https:\\\/\\\/www.marinastavoren.nl\\\/de\\\/#organization\",\"name\":\"Marina Stavoren\",\"url\":\"https:\\\/\\\/www.marinastavoren.nl\\\/de\\\/\",\"logo\":{\"@type\":\"ImageObject\",\"inLanguage\":\"de\",\"@id\":\"https:\\\/\\\/www.marinastavoren.nl\\\/de\\\/#\\\/schema\\\/logo\\\/image\\\/\",\"url\":\"https:\\\/\\\/www.marinastavoren.nl\\\/wp-content\\\/uploads\\\/2022\\\/12\\\/logo-marina-stavoren-sticky.png\",\"contentUrl\":\"https:\\\/\\\/www.marinastavoren.nl\\\/wp-content\\\/uploads\\\/2022\\\/12\\\/logo-marina-stavoren-sticky.png\",\"width\":277,\"height\":60,\"caption\":\"Marina Stavoren\"},\"image\":{\"@id\":\"https:\\\/\\\/www.marinastavoren.nl\\\/de\\\/#\\\/schema\\\/logo\\\/image\\\/\"},\"sameAs\":[\"https:\\\/\\\/www.facebook.com\\\/marina.stavoren\",\"https:\\\/\\\/www.instagram.com\\\/marinastavoren\\\/\"]}]}<\/script>\n<!-- \/ Yoast SEO plugin. -->","yoast_head_json":{"title":"Liegeplatz in Marina Stavoren | MarinaStavoren.nl","description":"Der Marina Stavoren Innen- und Au\u00dfenhafen ist direkt bzw. sehr dicht am IJsselmeer gelegen.","robots":{"index":"index","follow":"follow","max-snippet":"max-snippet:-1","max-image-preview":"max-image-preview:large","max-video-preview":"max-video-preview:-1"},"canonical":"https:\/\/www.marinastavoren.nl\/de\/aktion-liegeplatze\/","og_locale":"de_DE","og_type":"article","og_title":"Liegeplatz in Marina Stavoren | MarinaStavoren.nl","og_description":"Der Marina Stavoren Innen- und Au\u00dfenhafen ist direkt bzw. sehr dicht am IJsselmeer gelegen.","og_url":"https:\/\/www.marinastavoren.nl\/de\/aktion-liegeplatze\/","og_site_name":"Marina Stavoren","article_publisher":"https:\/\/www.facebook.com\/marina.stavoren","article_modified_time":"2025-12-03T09:16:47+00:00","twitter_card":"summary_large_image","twitter_misc":{"Gesch\u00e4tzte Lesezeit":"4\u00a0Minuten"},"schema":{"@context":"https:\/\/schema.org","@graph":[{"@type":"WebPage","@id":"https:\/\/www.marinastavoren.nl\/de\/aktion-liegeplatze\/","url":"https:\/\/www.marinastavoren.nl\/de\/aktion-liegeplatze\/","name":"Liegeplatz in Marina Stavoren | MarinaStavoren.nl","isPartOf":{"@id":"https:\/\/www.marinastavoren.nl\/de\/#website"},"datePublished":"2021-11-04T08:39:35+00:00","dateModified":"2025-12-03T09:16:47+00:00","description":"Der Marina Stavoren Innen- und Au\u00dfenhafen ist direkt bzw. sehr dicht am IJsselmeer gelegen.","breadcrumb":{"@id":"https:\/\/www.marinastavoren.nl\/de\/aktion-liegeplatze\/#breadcrumb"},"inLanguage":"de","potentialAction":[{"@type":"ReadAction","target":["https:\/\/www.marinastavoren.nl\/de\/aktion-liegeplatze\/"]}]},{"@type":"BreadcrumbList","@id":"https:\/\/www.marinastavoren.nl\/de\/aktion-liegeplatze\/#breadcrumb","itemListElement":[{"@type":"ListItem","position":1,"name":"Home","item":"https:\/\/www.marinastavoren.nl\/de\/"},{"@type":"ListItem","position":2,"name":"Aktion: Liegepl\u00e4tze"}]},{"@type":"WebSite","@id":"https:\/\/www.marinastavoren.nl\/de\/#website","url":"https:\/\/www.marinastavoren.nl\/de\/","name":"Marina Stavoren","description":"Willkommen im Ferienpark der Marina Stavoren","publisher":{"@id":"https:\/\/www.marinastavoren.nl\/de\/#organization"},"potentialAction":[{"@type":"SearchAction","target":{"@type":"EntryPoint","urlTemplate":"https:\/\/www.marinastavoren.nl\/de\/?s={search_term_string}"},"query-input":{"@type":"PropertyValueSpecification","valueRequired":true,"valueName":"search_term_string"}}],"inLanguage":"de"},{"@type":"Organization","@id":"https:\/\/www.marinastavoren.nl\/de\/#organization","name":"Marina Stavoren","url":"https:\/\/www.marinastavoren.nl\/de\/","logo":{"@type":"ImageObject","inLanguage":"de","@id":"https:\/\/www.marinastavoren.nl\/de\/#\/schema\/logo\/image\/","url":"https:\/\/www.marinastavoren.nl\/wp-content\/uploads\/2022\/12\/logo-marina-stavoren-sticky.png","contentUrl":"https:\/\/www.marinastavoren.nl\/wp-content\/uploads\/2022\/12\/logo-marina-stavoren-sticky.png","width":277,"height":60,"caption":"Marina Stavoren"},"image":{"@id":"https:\/\/www.marinastavoren.nl\/de\/#\/schema\/logo\/image\/"},"sameAs":["https:\/\/www.facebook.com\/marina.stavoren","https:\/\/www.instagram.com\/marinastavoren\/"]}]}},"_links":{"self":[{"href":"https:\/\/www.marinastavoren.nl\/de\/wp-json\/wp\/v2\/pages\/1326","targetHints":{"allow":["GET"]}}],"collection":[{"href":"https:\/\/www.marinastavoren.nl\/de\/wp-json\/wp\/v2\/pages"}],"about":[{"href":"https:\/\/www.marinastavoren.nl\/de\/wp-json\/wp\/v2\/types\/page"}],"author":[{"embeddable":true,"href":"https:\/\/www.marinastavoren.nl\/de\/wp-json\/wp\/v2\/users\/1"}],"replies":[{"embeddable":true,"href":"https:\/\/www.marinastavoren.nl\/de\/wp-json\/wp\/v2\/comments?post=1326"}],"version-history":[{"count":24,"href":"https:\/\/www.marinastavoren.nl\/de\/wp-json\/wp\/v2\/pages\/1326\/revisions"}],"predecessor-version":[{"id":31646,"href":"https:\/\/www.marinastavoren.nl\/de\/wp-json\/wp\/v2\/pages\/1326\/revisions\/31646"}],"wp:attachment":[{"href":"https:\/\/www.marinastavoren.nl\/de\/wp-json\/wp\/v2\/media?parent=1326"}],"curies":[{"name":"wp","href":"https:\/\/api.w.org\/{rel}","templated":true}]}}