{"id":1300,"date":"2022-01-05T15:56:27","date_gmt":"2022-01-05T13:56:27","guid":{"rendered":"https:\/\/marinastavoren.xdialogue-demo.nl\/disclaimer\/"},"modified":"2022-02-10T15:10:56","modified_gmt":"2022-02-10T13:10:56","slug":"disclaimer","status":"publish","type":"page","link":"https:\/\/www.marinastavoren.nl\/de\/disclaimer\/","title":{"rendered":"Disclaimer"},"content":{"rendered":"<div class=\"wpb-content-wrapper\">[vc_row][vc_column][vc_column_text]\r\n<p>Rechtliche Hinweise &amp; Haftungsausschluss<\/p>\r\n<p>F\u00fcr den hier nachstehenden Text gelten die folgenden Begriffsdefinitionen:<br \/>Eigner: Der Betreiber dieser Webseite;<br \/>Nutzung: Alle mit dem Gebrauch dieser Webseite verbundenen Handlungen;<br \/>Sie: Der Nutzer bzw. Besucher dieser Webseite;<br \/>Inhalte: S\u00e4mtliche Inhalte, die sich auf dieser Webseite befinden.<\/p>\r\n<p>Nachfolgendes gilt auch f\u00fcr die Abteilung der Webseite, auf der Sie sich jetzt gerade befinden. Durch die Nutzung dieser Webseite erkl\u00e4ren Sie sich mit den hier wiedergegebenen rechtlichen Hinweisen und dem Haftungsausschluss einverstanden.<\/p>\r\n<p>Die Inhalte dieser Webseite wurden seitens deren Eigner mit gr\u00f6\u00dftm\u00f6glicher Sorgfalt erstellt. Dennoch \u00fcbernimmt der Eigner keinerlei Haftung hinsichtlich eventueller Unvollst\u00e4ndigkeiten oder Unrichtigkeiten dieser Inhalte.<br \/>Ebenso wenig haftet der Eigner f\u00fcr eventuelle Unvollst\u00e4ndigkeiten oder Unrichtigkeiten von Inhalten, zu denen von dieser Webseite aus verwiesen wird bzw. die an diese Webseite gekoppelt sind.<br \/>Eine Verwendung der Inhalte dieser Webseite, die ohne ausdr\u00fcckliche vorherige Zustimmung des Eigners oder unsachgem\u00e4\u00df geschieht, wird als Versto\u00df gegen das Urheberrecht angesehen.<br \/>Die Zustimmung zur teilweisen oder vollst\u00e4ndigen Wiederverwendung der hier gezeigten Inhalte an \u00f6ffentlich zug\u00e4nglichen Orten muss zuvor beim Eigner dieser Webseite schriftlich eingeholt werden.<\/p>\r\n<p>Weitere Hinweise<\/p>\r\n<p>Auch m\u00f6chten wir Sie gerne darauf hinweisen, dass wir bei unseren Texten zum Zwecke einer besseren Lesbarkeit auf geschlechtsspezifische Formulierungen verzichtet haben. Selbstverst\u00e4ndlich beziehen sich alle personenbezogenen Bezeichnungen, wo nicht ausdr\u00fccklich anders erw\u00e4hnt, grunds\u00e4tzlich auf beide Geschlechter.<\/p>\r\n<p>Sollten Sie Fragen haben oder sollten noch Unklarheiten bestehen, so nehmen Sie bitte Kontakt zu uns auf.<\/p>\r\n<p>Alle Rechte vorbehalten.<\/p>\r\n[\/vc_column_text][\/vc_column][\/vc_row]<\/div>","protected":false},"excerpt":{"rendered":"<p>[vc_row][vc_column][vc_column_text] Rechtliche Hinweise &amp; Haftungsausschluss F\u00fcr den hier nachstehenden Text gelten die folgenden Begriffsdefinitionen:Eigner: Der Betreiber dieser Webseite;Nutzung: Alle mit [&hellip;]<\/p>\n","protected":false},"author":1,"featured_media":0,"parent":0,"menu_order":0,"comment_status":"closed","ping_status":"open","template":"","meta":{"footnotes":""},"class_list":["post-1300","page","type-page","status-publish","hentry"],"yoast_head":"<!-- This site is optimized with the Yoast SEO plugin v27.4 - https:\/\/yoast.com\/product\/yoast-seo-wordpress\/ -->\n<title>Disclaimer - Marina Stavoren<\/title>\n<meta name=\"robots\" content=\"index, follow, max-snippet:-1, max-image-preview:large, max-video-preview:-1\" \/>\n<link rel=\"canonical\" href=\"https:\/\/www.marinastavoren.nl\/de\/disclaimer\/\" \/>\n<meta property=\"og:locale\" content=\"de_DE\" \/>\n<meta property=\"og:type\" content=\"article\" \/>\n<meta property=\"og:title\" content=\"Disclaimer - Marina Stavoren\" \/>\n<meta property=\"og:description\" content=\"[vc_row][vc_column][vc_column_text] Rechtliche Hinweise &amp; Haftungsausschluss F\u00fcr den hier nachstehenden Text gelten die folgenden Begriffsdefinitionen:Eigner: Der Betreiber dieser Webseite;Nutzung: Alle mit [&hellip;]\" \/>\n<meta property=\"og:url\" content=\"https:\/\/www.marinastavoren.nl\/de\/disclaimer\/\" \/>\n<meta property=\"og:site_name\" content=\"Marina Stavoren\" \/>\n<meta property=\"article:publisher\" content=\"https:\/\/www.facebook.com\/marina.stavoren\" \/>\n<meta property=\"article:modified_time\" content=\"2022-02-10T13:10:56+00:00\" \/>\n<meta name=\"twitter:card\" content=\"summary_large_image\" \/>\n<meta name=\"twitter:label1\" content=\"Gesch\u00e4tzte Lesezeit\" \/>\n\t<meta name=\"twitter:data1\" content=\"2\u00a0Minuten\" \/>\n<script type=\"application\/ld+json\" class=\"yoast-schema-graph\">{\"@context\":\"https:\\\/\\\/schema.org\",\"@graph\":[{\"@type\":\"WebPage\",\"@id\":\"https:\\\/\\\/www.marinastavoren.nl\\\/de\\\/disclaimer\\\/\",\"url\":\"https:\\\/\\\/www.marinastavoren.nl\\\/de\\\/disclaimer\\\/\",\"name\":\"Disclaimer - Marina Stavoren\",\"isPartOf\":{\"@id\":\"https:\\\/\\\/www.marinastavoren.nl\\\/de\\\/#website\"},\"datePublished\":\"2022-01-05T13:56:27+00:00\",\"dateModified\":\"2022-02-10T13:10:56+00:00\",\"breadcrumb\":{\"@id\":\"https:\\\/\\\/www.marinastavoren.nl\\\/de\\\/disclaimer\\\/#breadcrumb\"},\"inLanguage\":\"de\",\"potentialAction\":[{\"@type\":\"ReadAction\",\"target\":[\"https:\\\/\\\/www.marinastavoren.nl\\\/de\\\/disclaimer\\\/\"]}]},{\"@type\":\"BreadcrumbList\",\"@id\":\"https:\\\/\\\/www.marinastavoren.nl\\\/de\\\/disclaimer\\\/#breadcrumb\",\"itemListElement\":[{\"@type\":\"ListItem\",\"position\":1,\"name\":\"Home\",\"item\":\"https:\\\/\\\/www.marinastavoren.nl\\\/de\\\/\"},{\"@type\":\"ListItem\",\"position\":2,\"name\":\"Disclaimer\"}]},{\"@type\":\"WebSite\",\"@id\":\"https:\\\/\\\/www.marinastavoren.nl\\\/de\\\/#website\",\"url\":\"https:\\\/\\\/www.marinastavoren.nl\\\/de\\\/\",\"name\":\"Marina Stavoren\",\"description\":\"Willkommen im Ferienpark der Marina Stavoren\",\"publisher\":{\"@id\":\"https:\\\/\\\/www.marinastavoren.nl\\\/de\\\/#organization\"},\"potentialAction\":[{\"@type\":\"SearchAction\",\"target\":{\"@type\":\"EntryPoint\",\"urlTemplate\":\"https:\\\/\\\/www.marinastavoren.nl\\\/de\\\/?s={search_term_string}\"},\"query-input\":{\"@type\":\"PropertyValueSpecification\",\"valueRequired\":true,\"valueName\":\"search_term_string\"}}],\"inLanguage\":\"de\"},{\"@type\":\"Organization\",\"@id\":\"https:\\\/\\\/www.marinastavoren.nl\\\/de\\\/#organization\",\"name\":\"Marina Stavoren\",\"url\":\"https:\\\/\\\/www.marinastavoren.nl\\\/de\\\/\",\"logo\":{\"@type\":\"ImageObject\",\"inLanguage\":\"de\",\"@id\":\"https:\\\/\\\/www.marinastavoren.nl\\\/de\\\/#\\\/schema\\\/logo\\\/image\\\/\",\"url\":\"https:\\\/\\\/www.marinastavoren.nl\\\/wp-content\\\/uploads\\\/2022\\\/12\\\/logo-marina-stavoren-sticky.png\",\"contentUrl\":\"https:\\\/\\\/www.marinastavoren.nl\\\/wp-content\\\/uploads\\\/2022\\\/12\\\/logo-marina-stavoren-sticky.png\",\"width\":277,\"height\":60,\"caption\":\"Marina Stavoren\"},\"image\":{\"@id\":\"https:\\\/\\\/www.marinastavoren.nl\\\/de\\\/#\\\/schema\\\/logo\\\/image\\\/\"},\"sameAs\":[\"https:\\\/\\\/www.facebook.com\\\/marina.stavoren\",\"https:\\\/\\\/www.instagram.com\\\/marinastavoren\\\/\"]}]}<\/script>\n<!-- \/ Yoast SEO plugin. -->","yoast_head_json":{"title":"Disclaimer - Marina Stavoren","robots":{"index":"index","follow":"follow","max-snippet":"max-snippet:-1","max-image-preview":"max-image-preview:large","max-video-preview":"max-video-preview:-1"},"canonical":"https:\/\/www.marinastavoren.nl\/de\/disclaimer\/","og_locale":"de_DE","og_type":"article","og_title":"Disclaimer - Marina Stavoren","og_description":"[vc_row][vc_column][vc_column_text] Rechtliche Hinweise &amp; Haftungsausschluss F\u00fcr den hier nachstehenden Text gelten die folgenden Begriffsdefinitionen:Eigner: Der Betreiber dieser Webseite;Nutzung: Alle mit [&hellip;]","og_url":"https:\/\/www.marinastavoren.nl\/de\/disclaimer\/","og_site_name":"Marina Stavoren","article_publisher":"https:\/\/www.facebook.com\/marina.stavoren","article_modified_time":"2022-02-10T13:10:56+00:00","twitter_card":"summary_large_image","twitter_misc":{"Gesch\u00e4tzte Lesezeit":"2\u00a0Minuten"},"schema":{"@context":"https:\/\/schema.org","@graph":[{"@type":"WebPage","@id":"https:\/\/www.marinastavoren.nl\/de\/disclaimer\/","url":"https:\/\/www.marinastavoren.nl\/de\/disclaimer\/","name":"Disclaimer - Marina Stavoren","isPartOf":{"@id":"https:\/\/www.marinastavoren.nl\/de\/#website"},"datePublished":"2022-01-05T13:56:27+00:00","dateModified":"2022-02-10T13:10:56+00:00","breadcrumb":{"@id":"https:\/\/www.marinastavoren.nl\/de\/disclaimer\/#breadcrumb"},"inLanguage":"de","potentialAction":[{"@type":"ReadAction","target":["https:\/\/www.marinastavoren.nl\/de\/disclaimer\/"]}]},{"@type":"BreadcrumbList","@id":"https:\/\/www.marinastavoren.nl\/de\/disclaimer\/#breadcrumb","itemListElement":[{"@type":"ListItem","position":1,"name":"Home","item":"https:\/\/www.marinastavoren.nl\/de\/"},{"@type":"ListItem","position":2,"name":"Disclaimer"}]},{"@type":"WebSite","@id":"https:\/\/www.marinastavoren.nl\/de\/#website","url":"https:\/\/www.marinastavoren.nl\/de\/","name":"Marina Stavoren","description":"Willkommen im Ferienpark der Marina Stavoren","publisher":{"@id":"https:\/\/www.marinastavoren.nl\/de\/#organization"},"potentialAction":[{"@type":"SearchAction","target":{"@type":"EntryPoint","urlTemplate":"https:\/\/www.marinastavoren.nl\/de\/?s={search_term_string}"},"query-input":{"@type":"PropertyValueSpecification","valueRequired":true,"valueName":"search_term_string"}}],"inLanguage":"de"},{"@type":"Organization","@id":"https:\/\/www.marinastavoren.nl\/de\/#organization","name":"Marina Stavoren","url":"https:\/\/www.marinastavoren.nl\/de\/","logo":{"@type":"ImageObject","inLanguage":"de","@id":"https:\/\/www.marinastavoren.nl\/de\/#\/schema\/logo\/image\/","url":"https:\/\/www.marinastavoren.nl\/wp-content\/uploads\/2022\/12\/logo-marina-stavoren-sticky.png","contentUrl":"https:\/\/www.marinastavoren.nl\/wp-content\/uploads\/2022\/12\/logo-marina-stavoren-sticky.png","width":277,"height":60,"caption":"Marina Stavoren"},"image":{"@id":"https:\/\/www.marinastavoren.nl\/de\/#\/schema\/logo\/image\/"},"sameAs":["https:\/\/www.facebook.com\/marina.stavoren","https:\/\/www.instagram.com\/marinastavoren\/"]}]}},"_links":{"self":[{"href":"https:\/\/www.marinastavoren.nl\/de\/wp-json\/wp\/v2\/pages\/1300","targetHints":{"allow":["GET"]}}],"collection":[{"href":"https:\/\/www.marinastavoren.nl\/de\/wp-json\/wp\/v2\/pages"}],"about":[{"href":"https:\/\/www.marinastavoren.nl\/de\/wp-json\/wp\/v2\/types\/page"}],"author":[{"embeddable":true,"href":"https:\/\/www.marinastavoren.nl\/de\/wp-json\/wp\/v2\/users\/1"}],"replies":[{"embeddable":true,"href":"https:\/\/www.marinastavoren.nl\/de\/wp-json\/wp\/v2\/comments?post=1300"}],"version-history":[{"count":2,"href":"https:\/\/www.marinastavoren.nl\/de\/wp-json\/wp\/v2\/pages\/1300\/revisions"}],"predecessor-version":[{"id":1307,"href":"https:\/\/www.marinastavoren.nl\/de\/wp-json\/wp\/v2\/pages\/1300\/revisions\/1307"}],"wp:attachment":[{"href":"https:\/\/www.marinastavoren.nl\/de\/wp-json\/wp\/v2\/media?parent=1300"}],"curies":[{"name":"wp","href":"https:\/\/api.w.org\/{rel}","templated":true}]}}