{"id":1282,"date":"2021-12-21T10:50:25","date_gmt":"2021-12-21T08:50:25","guid":{"rendered":"https:\/\/marinastavoren.xdialogue-demo.nl\/camping-sudermeer\/skipslodge\/"},"modified":"2023-01-30T10:09:39","modified_gmt":"2023-01-30T08:09:39","slug":"skipslodge","status":"publish","type":"page","link":"https:\/\/www.marinastavoren.nl\/de\/camping-sudermeer\/skipslodge\/","title":{"rendered":"SkipsLodge"},"content":{"rendered":"<div class=\"wpb-content-wrapper\">[vc_row][vc_column width=&#8220;1\/2&#8243;][vc_column_text]\n<h1>SkipsLodge<\/h1>\n<p>Wenn Sie Komfort w\u00fcnschen, aber den Charme eines Zeltes genie\u00dfen m\u00f6chten, buchen Sie dann unsere SkipsLodge, ein gut ausgestattetes Safarizelt. Es ist praktisch eingerichtet und mit vielen Annehmlichkeiten ausgestattet. So stehen auf der Veranda zum Beispiel Lounge-St\u00fchle und ein Tisch. Von hier aus haben Sie eine sch\u00f6ne Aussicht \u00fcber das Treiben auf dem Hafen.[\/vc_column_text][\/vc_column][vc_column width=&#8220;1\/2&#8243;][vc_images_carousel images=&#8220;1124,1122,1120,1115,1113,1111,1099,1101,1103,1105,1107,1109&#8243; wrap=&#8220;yes&#8220;][\/vc_column][\/vc_row][vc_row css=&#8220;.vc_custom_1465391388995{margin-top: 40px !important;padding-right: 10px !important;padding-bottom: 30px !important;padding-left: 10px !important;background-color: #ebeef3 !important;}&#8220;][vc_column width=&#8220;1\/3&#8243;][vc_single_image image=&#8220;1126&#8243; img_size=&#8220;full&#8220; css=&#8220;.vc_custom_1640077278273{padding-top: 15px !important;}&#8220;][\/vc_column][vc_column width=&#8220;2\/3&#8243;][vc_column_text]\n<h1>Lage<\/h1>\n<p>Die SkipsLodge steht auf dem Rasen vom Hafengel\u00e4nde von Marina Stavoren, neben dem Spielplatz und nur einen Steinwurf weit entfernt vom Sanit\u00e4rgeb\u00e4ude, dem Hallenbad und der Lounge. Man kann die SkipsLodge f\u00fcr eine Woche, eine Mitt-Woche oder ein Wochenende mieten.[\/vc_column_text][\/vc_column][\/vc_row][vc_row][vc_column width=&#8220;1\/2&#8243;][vc_column_text]\n<h1>Grundriss<\/h1>\n<p>Die SkipsLodge ist mit einem Doppelbett und einem Etagenbett f\u00fcr maximal 4 Personen ausgestattet. Es gibt einen Esstisch, zugleich Sitzecke und eine Anrichte mit einem Wasserkocher und einem K\u00fchlschrank (kein Herd und kein flie\u00dfendes Wasser). Auch ist das Safarizelt mit einem Stromanschluss ausgestattet.[\/vc_column_text][\/vc_column][vc_column width=&#8220;1\/2&#8243;][vc_single_image image=&#8220;1128&#8243; img_size=&#8220;full&#8220; css=&#8220;.vc_custom_1640077330999{padding-top: 15px !important;}&#8220;][\/vc_column][\/vc_row][vc_row][vc_column width=&#8220;1\/2&#8243;][vc_column_text]\n<h1>Reservierungen und Preise<\/h1>\n<p>Alle Informationen zu Preisen und Buchung finden Sie auf der Website von SkipsHotel.[\/vc_column_text][\/vc_column][vc_column width=&#8220;1\/2&#8243;][vc_column_text][vc_cta_button call_text=&#8220;Website SkipsHotel&#8220; title=&#8220;Zum Formular&#8220; icon=&#8220;wpb_arrow&#8220; size=&#8220;btn-large&#8220; position=&#8220;cta_align_bottom&#8220; href=&#8220;https:\/\/skipshotel.nl\/skipslodge\/&#8220; target=&#8220;_blank&#8220;][\/vc_column_text][\/vc_column][\/vc_row]\n<\/div>","protected":false},"excerpt":{"rendered":"<p>[vc_row][vc_column width=&#8220;1\/2&#8243;][vc_column_text] SkipsLodge Wenn Sie Komfort w\u00fcnschen, aber den Charme eines Zeltes genie\u00dfen m\u00f6chten, buchen Sie dann unsere SkipsLodge, ein [&hellip;]<\/p>\n","protected":false},"author":1,"featured_media":0,"parent":1140,"menu_order":0,"comment_status":"closed","ping_status":"closed","template":"page-templates\/page-left.php","meta":{"footnotes":""},"class_list":["post-1282","page","type-page","status-publish","hentry"],"yoast_head":"<!-- This site is optimized with the Yoast SEO plugin v27.4 - https:\/\/yoast.com\/product\/yoast-seo-wordpress\/ -->\n<title>Mieten SkipsLodge Camping S\u00fadermeer | MarinaStavoren.nl<\/title>\n<meta name=\"description\" content=\"Bent u op zoek naar een safaritent in een waterrijke omgeving nabij Stavoren? Dan is de SkipsLodge de perfecte tent voor jou.\" \/>\n<meta name=\"robots\" content=\"index, follow, max-snippet:-1, max-image-preview:large, max-video-preview:-1\" \/>\n<link rel=\"canonical\" href=\"https:\/\/www.marinastavoren.nl\/de\/camping-sudermeer\/skipslodge\/\" \/>\n<meta property=\"og:locale\" content=\"de_DE\" \/>\n<meta property=\"og:type\" content=\"article\" \/>\n<meta property=\"og:title\" content=\"Mieten SkipsLodge Camping S\u00fadermeer | MarinaStavoren.nl\" \/>\n<meta property=\"og:description\" content=\"Bent u op zoek naar een safaritent in een waterrijke omgeving nabij Stavoren? Dan is de SkipsLodge de perfecte tent voor jou.\" \/>\n<meta property=\"og:url\" content=\"https:\/\/www.marinastavoren.nl\/de\/camping-sudermeer\/skipslodge\/\" \/>\n<meta property=\"og:site_name\" content=\"Marina Stavoren\" \/>\n<meta property=\"article:publisher\" content=\"https:\/\/www.facebook.com\/marina.stavoren\" \/>\n<meta property=\"article:modified_time\" content=\"2023-01-30T08:09:39+00:00\" \/>\n<meta name=\"twitter:card\" content=\"summary_large_image\" \/>\n<meta name=\"twitter:label1\" content=\"Gesch\u00e4tzte Lesezeit\" \/>\n\t<meta name=\"twitter:data1\" content=\"1\u00a0Minute\" \/>\n<script type=\"application\/ld+json\" class=\"yoast-schema-graph\">{\"@context\":\"https:\\\/\\\/schema.org\",\"@graph\":[{\"@type\":\"WebPage\",\"@id\":\"https:\\\/\\\/www.marinastavoren.nl\\\/de\\\/camping-sudermeer\\\/skipslodge\\\/\",\"url\":\"https:\\\/\\\/www.marinastavoren.nl\\\/de\\\/camping-sudermeer\\\/skipslodge\\\/\",\"name\":\"Mieten SkipsLodge Camping S\u00fadermeer | MarinaStavoren.nl\",\"isPartOf\":{\"@id\":\"https:\\\/\\\/www.marinastavoren.nl\\\/de\\\/#website\"},\"datePublished\":\"2021-12-21T08:50:25+00:00\",\"dateModified\":\"2023-01-30T08:09:39+00:00\",\"description\":\"Bent u op zoek naar een safaritent in een waterrijke omgeving nabij Stavoren? Dan is de SkipsLodge de perfecte tent voor jou.\",\"breadcrumb\":{\"@id\":\"https:\\\/\\\/www.marinastavoren.nl\\\/de\\\/camping-sudermeer\\\/skipslodge\\\/#breadcrumb\"},\"inLanguage\":\"de\",\"potentialAction\":[{\"@type\":\"ReadAction\",\"target\":[\"https:\\\/\\\/www.marinastavoren.nl\\\/de\\\/camping-sudermeer\\\/skipslodge\\\/\"]}]},{\"@type\":\"BreadcrumbList\",\"@id\":\"https:\\\/\\\/www.marinastavoren.nl\\\/de\\\/camping-sudermeer\\\/skipslodge\\\/#breadcrumb\",\"itemListElement\":[{\"@type\":\"ListItem\",\"position\":1,\"name\":\"Home\",\"item\":\"https:\\\/\\\/www.marinastavoren.nl\\\/de\\\/\"},{\"@type\":\"ListItem\",\"position\":2,\"name\":\"Camping S\u00fadermeer\",\"item\":\"https:\\\/\\\/www.marinastavoren.nl\\\/de\\\/camping-sudermeer\\\/\"},{\"@type\":\"ListItem\",\"position\":3,\"name\":\"SkipsLodge\"}]},{\"@type\":\"WebSite\",\"@id\":\"https:\\\/\\\/www.marinastavoren.nl\\\/de\\\/#website\",\"url\":\"https:\\\/\\\/www.marinastavoren.nl\\\/de\\\/\",\"name\":\"Marina Stavoren\",\"description\":\"Willkommen im Ferienpark der Marina Stavoren\",\"publisher\":{\"@id\":\"https:\\\/\\\/www.marinastavoren.nl\\\/de\\\/#organization\"},\"potentialAction\":[{\"@type\":\"SearchAction\",\"target\":{\"@type\":\"EntryPoint\",\"urlTemplate\":\"https:\\\/\\\/www.marinastavoren.nl\\\/de\\\/?s={search_term_string}\"},\"query-input\":{\"@type\":\"PropertyValueSpecification\",\"valueRequired\":true,\"valueName\":\"search_term_string\"}}],\"inLanguage\":\"de\"},{\"@type\":\"Organization\",\"@id\":\"https:\\\/\\\/www.marinastavoren.nl\\\/de\\\/#organization\",\"name\":\"Marina Stavoren\",\"url\":\"https:\\\/\\\/www.marinastavoren.nl\\\/de\\\/\",\"logo\":{\"@type\":\"ImageObject\",\"inLanguage\":\"de\",\"@id\":\"https:\\\/\\\/www.marinastavoren.nl\\\/de\\\/#\\\/schema\\\/logo\\\/image\\\/\",\"url\":\"https:\\\/\\\/www.marinastavoren.nl\\\/wp-content\\\/uploads\\\/2022\\\/12\\\/logo-marina-stavoren-sticky.png\",\"contentUrl\":\"https:\\\/\\\/www.marinastavoren.nl\\\/wp-content\\\/uploads\\\/2022\\\/12\\\/logo-marina-stavoren-sticky.png\",\"width\":277,\"height\":60,\"caption\":\"Marina Stavoren\"},\"image\":{\"@id\":\"https:\\\/\\\/www.marinastavoren.nl\\\/de\\\/#\\\/schema\\\/logo\\\/image\\\/\"},\"sameAs\":[\"https:\\\/\\\/www.facebook.com\\\/marina.stavoren\",\"https:\\\/\\\/www.instagram.com\\\/marinastavoren\\\/\"]}]}<\/script>\n<!-- \/ Yoast SEO plugin. -->","yoast_head_json":{"title":"Mieten SkipsLodge Camping S\u00fadermeer | MarinaStavoren.nl","description":"Bent u op zoek naar een safaritent in een waterrijke omgeving nabij Stavoren? Dan is de SkipsLodge de perfecte tent voor jou.","robots":{"index":"index","follow":"follow","max-snippet":"max-snippet:-1","max-image-preview":"max-image-preview:large","max-video-preview":"max-video-preview:-1"},"canonical":"https:\/\/www.marinastavoren.nl\/de\/camping-sudermeer\/skipslodge\/","og_locale":"de_DE","og_type":"article","og_title":"Mieten SkipsLodge Camping S\u00fadermeer | MarinaStavoren.nl","og_description":"Bent u op zoek naar een safaritent in een waterrijke omgeving nabij Stavoren? Dan is de SkipsLodge de perfecte tent voor jou.","og_url":"https:\/\/www.marinastavoren.nl\/de\/camping-sudermeer\/skipslodge\/","og_site_name":"Marina Stavoren","article_publisher":"https:\/\/www.facebook.com\/marina.stavoren","article_modified_time":"2023-01-30T08:09:39+00:00","twitter_card":"summary_large_image","twitter_misc":{"Gesch\u00e4tzte Lesezeit":"1\u00a0Minute"},"schema":{"@context":"https:\/\/schema.org","@graph":[{"@type":"WebPage","@id":"https:\/\/www.marinastavoren.nl\/de\/camping-sudermeer\/skipslodge\/","url":"https:\/\/www.marinastavoren.nl\/de\/camping-sudermeer\/skipslodge\/","name":"Mieten SkipsLodge Camping S\u00fadermeer | MarinaStavoren.nl","isPartOf":{"@id":"https:\/\/www.marinastavoren.nl\/de\/#website"},"datePublished":"2021-12-21T08:50:25+00:00","dateModified":"2023-01-30T08:09:39+00:00","description":"Bent u op zoek naar een safaritent in een waterrijke omgeving nabij Stavoren? Dan is de SkipsLodge de perfecte tent voor jou.","breadcrumb":{"@id":"https:\/\/www.marinastavoren.nl\/de\/camping-sudermeer\/skipslodge\/#breadcrumb"},"inLanguage":"de","potentialAction":[{"@type":"ReadAction","target":["https:\/\/www.marinastavoren.nl\/de\/camping-sudermeer\/skipslodge\/"]}]},{"@type":"BreadcrumbList","@id":"https:\/\/www.marinastavoren.nl\/de\/camping-sudermeer\/skipslodge\/#breadcrumb","itemListElement":[{"@type":"ListItem","position":1,"name":"Home","item":"https:\/\/www.marinastavoren.nl\/de\/"},{"@type":"ListItem","position":2,"name":"Camping S\u00fadermeer","item":"https:\/\/www.marinastavoren.nl\/de\/camping-sudermeer\/"},{"@type":"ListItem","position":3,"name":"SkipsLodge"}]},{"@type":"WebSite","@id":"https:\/\/www.marinastavoren.nl\/de\/#website","url":"https:\/\/www.marinastavoren.nl\/de\/","name":"Marina Stavoren","description":"Willkommen im Ferienpark der Marina Stavoren","publisher":{"@id":"https:\/\/www.marinastavoren.nl\/de\/#organization"},"potentialAction":[{"@type":"SearchAction","target":{"@type":"EntryPoint","urlTemplate":"https:\/\/www.marinastavoren.nl\/de\/?s={search_term_string}"},"query-input":{"@type":"PropertyValueSpecification","valueRequired":true,"valueName":"search_term_string"}}],"inLanguage":"de"},{"@type":"Organization","@id":"https:\/\/www.marinastavoren.nl\/de\/#organization","name":"Marina Stavoren","url":"https:\/\/www.marinastavoren.nl\/de\/","logo":{"@type":"ImageObject","inLanguage":"de","@id":"https:\/\/www.marinastavoren.nl\/de\/#\/schema\/logo\/image\/","url":"https:\/\/www.marinastavoren.nl\/wp-content\/uploads\/2022\/12\/logo-marina-stavoren-sticky.png","contentUrl":"https:\/\/www.marinastavoren.nl\/wp-content\/uploads\/2022\/12\/logo-marina-stavoren-sticky.png","width":277,"height":60,"caption":"Marina Stavoren"},"image":{"@id":"https:\/\/www.marinastavoren.nl\/de\/#\/schema\/logo\/image\/"},"sameAs":["https:\/\/www.facebook.com\/marina.stavoren","https:\/\/www.instagram.com\/marinastavoren\/"]}]}},"_links":{"self":[{"href":"https:\/\/www.marinastavoren.nl\/de\/wp-json\/wp\/v2\/pages\/1282","targetHints":{"allow":["GET"]}}],"collection":[{"href":"https:\/\/www.marinastavoren.nl\/de\/wp-json\/wp\/v2\/pages"}],"about":[{"href":"https:\/\/www.marinastavoren.nl\/de\/wp-json\/wp\/v2\/types\/page"}],"author":[{"embeddable":true,"href":"https:\/\/www.marinastavoren.nl\/de\/wp-json\/wp\/v2\/users\/1"}],"replies":[{"embeddable":true,"href":"https:\/\/www.marinastavoren.nl\/de\/wp-json\/wp\/v2\/comments?post=1282"}],"version-history":[{"count":16,"href":"https:\/\/www.marinastavoren.nl\/de\/wp-json\/wp\/v2\/pages\/1282\/revisions"}],"predecessor-version":[{"id":2995,"href":"https:\/\/www.marinastavoren.nl\/de\/wp-json\/wp\/v2\/pages\/1282\/revisions\/2995"}],"up":[{"embeddable":true,"href":"https:\/\/www.marinastavoren.nl\/de\/wp-json\/wp\/v2\/pages\/1140"}],"wp:attachment":[{"href":"https:\/\/www.marinastavoren.nl\/de\/wp-json\/wp\/v2\/media?parent=1282"}],"curies":[{"name":"wp","href":"https:\/\/api.w.org\/{rel}","templated":true}]}}