{"id":1273,"date":"2021-12-21T14:45:36","date_gmt":"2021-12-21T12:45:36","guid":{"rendered":"https:\/\/marinastavoren.xdialogue-demo.nl\/camping-sudermeer\/reserveringsformulier\/"},"modified":"2023-07-07T11:25:09","modified_gmt":"2023-07-07T09:25:09","slug":"buchungsformular","status":"publish","type":"page","link":"https:\/\/www.marinastavoren.nl\/de\/camping-sudermeer\/buchungsformular\/","title":{"rendered":"Buchungsformular"},"content":{"rendered":"<div class=\"wpb-content-wrapper\">[vc_row css=&#8220;.vc_custom_1404979581947{margin-bottom: 0px !important;}&#8220;][vc_column][vc_column_text]\n<h3>Buchungsformular Camping S\u00fadermeer<\/h3>\n[\/vc_column_text]\n<div class=\"wpcf7 no-js\" id=\"wpcf7-f1278-o1\" lang=\"de-DE\" dir=\"ltr\" data-wpcf7-id=\"1278\">\n<div class=\"screen-reader-response\"><p role=\"status\" aria-live=\"polite\" aria-atomic=\"true\"><\/p> <ul><\/ul><\/div>\n<form action=\"\/de\/wp-json\/wp\/v2\/pages\/1273#wpcf7-f1278-o1\" method=\"post\" class=\"wpcf7-form init\" aria-label=\"Kontaktformular\" novalidate=\"novalidate\" data-status=\"init\">\n<fieldset class=\"hidden-fields-container\"><input type=\"hidden\" name=\"_wpcf7\" value=\"1278\" \/><input type=\"hidden\" name=\"_wpcf7_version\" value=\"6.1.5\" \/><input type=\"hidden\" name=\"_wpcf7_locale\" value=\"de_DE\" \/><input type=\"hidden\" name=\"_wpcf7_unit_tag\" value=\"wpcf7-f1278-o1\" \/><input type=\"hidden\" name=\"_wpcf7_container_post\" value=\"0\" \/><input type=\"hidden\" name=\"_wpcf7_posted_data_hash\" value=\"\" \/>\n<\/fieldset>\n<div class=\"wpcf7-turnstile cf-turnstile\" data-sitekey=\"0x4AAAAAABt1S1d4mW3UXUVT\" data-response-field-name=\"_wpcf7_turnstile_response\"><\/div>\n\n<div class=\"row\">\n\t<div class=\"col-lg-12 col-md-12\">\n\t\t<p class=\"input-field\"><label for=\"contact-name-new\"><span class=\"fa fa-user\"><\/span> Ihr Name<\/label><span class=\"wpcf7-form-control-wrap\" data-name=\"naam-geen-vasteligger\"><input size=\"40\" maxlength=\"400\" class=\"wpcf7-form-control wpcf7-text\" id=\"contact-name\" aria-invalid=\"false\" placeholder=\"Ihr Name (Pflichtfeld)\" value=\"\" type=\"text\" name=\"naam-geen-vasteligger\" \/><\/span>\n\t\t<\/p>\n\t\t<p class=\"input-field\"><label for=\"adres\"><span class=\"fa fa-home\"><\/span> Adresse<\/label><span class=\"wpcf7-form-control-wrap\" data-name=\"adres\"><input size=\"40\" maxlength=\"400\" class=\"wpcf7-form-control wpcf7-text\" id=\"adres\" aria-invalid=\"false\" placeholder=\"Adresse (Pflichtfeld)\" value=\"\" type=\"text\" name=\"adres\" \/><\/span>\n\t\t<\/p>\n\t\t<p class=\"input-field\"><label for=\"adres\"><span class=\"fa fa-home\"><\/span> Postleitzahl<\/label><span class=\"wpcf7-form-control-wrap\" data-name=\"postcode\"><input size=\"40\" maxlength=\"400\" class=\"wpcf7-form-control wpcf7-text\" id=\"postcode\" aria-invalid=\"false\" placeholder=\"Ihre Postleitzahl (Pflichtfeld)\" value=\"\" type=\"text\" name=\"postcode\" \/><\/span>\n\t\t<\/p>\n\t\t<p class=\"input-field\"><label for=\"adres\"><span class=\"fa fa-home\"><\/span> Ort<\/label><span class=\"wpcf7-form-control-wrap\" data-name=\"plaats\"><input size=\"40\" maxlength=\"400\" class=\"wpcf7-form-control wpcf7-text\" id=\"plaats\" aria-invalid=\"false\" placeholder=\"Ort (Pflichtfeld)\" value=\"\" type=\"text\" name=\"plaats\" \/><\/span>\n\t\t<\/p>\n\t\t<p class=\"input-field\"><label for=\"contact-email\"><span class=\"fa fa-envelope\"><\/span> E-Mail<abbr title=\"required\" class=\"required\">*<\/abbr><\/label><span class=\"wpcf7-form-control-wrap\" data-name=\"email\"><input size=\"40\" maxlength=\"400\" class=\"wpcf7-form-control wpcf7-email wpcf7-validates-as-required wpcf7-text wpcf7-validates-as-email\" id=\"contact-email\" aria-required=\"true\" aria-invalid=\"false\" placeholder=\"E-Mail (Pflichtfeld)\" value=\"\" type=\"email\" name=\"email\" \/><\/span>\n\t\t<\/p>\n\t\t<p class=\"input-field\"><label for=\"contact-phone\"><span class=\"fa fa-phone\"><\/span> Telefonnummer <abbr title=\"required\" class=\"required\">*<\/abbr><\/label><span class=\"wpcf7-form-control-wrap\" data-name=\"telefoonnummer\"><input size=\"40\" maxlength=\"400\" class=\"wpcf7-form-control wpcf7-text wpcf7-validates-as-required\" id=\"contact-phone\" aria-required=\"true\" aria-invalid=\"false\" placeholder=\"Ihre Telefonnummer (Pflichtfeld)\" value=\"\" type=\"text\" name=\"telefoonnummer\" \/><\/span>\n\t\t<\/p>\n\t\t<h4>Campingplatz\n\t\t<\/h4>\n\t\t<p><em>Mit einem Wohnmobil k\u00f6nnen Sie auf unseren Wohnmobilstellpl\u00e4tzen in der Marina Stavoren Buitenhaven \u00fcbernachten.<br \/>\nEine Reservierung im Voraus ist hier nicht m\u00f6glich.<\/em>\n\t\t<\/p>\n\t\t<p class=\"input-field\"><label for=\"caravan\"><span class=\"fa fa-home\"><\/span> Wohnwagen<\/label><span class=\"wpcf7-form-control-wrap\" data-name=\"aantal-caravan\"><input size=\"40\" maxlength=\"400\" class=\"wpcf7-form-control wpcf7-text\" id=\"aantal-caravan\" aria-invalid=\"false\" placeholder=\"Geben Sie die Anzahl der Stellpl\u00e4tze f\u00fcr Wohnwagen an\" value=\"\" type=\"text\" name=\"aantal-caravan\" \/><\/span>\n\t\t<\/p>\n\t\t<p class=\"input-field\"><label for=\"Vouwwagen\"><span class=\"fa fa-home\"><\/span> Faltwagen<\/label><span class=\"wpcf7-form-control-wrap\" data-name=\"aantal-vouwwagen\"><input size=\"40\" maxlength=\"400\" class=\"wpcf7-form-control wpcf7-text\" id=\"aantal-vouwwagen\" aria-invalid=\"false\" placeholder=\"Geben Sie die Anzahl der Faltwagenpl\u00e4tze ein\" value=\"\" type=\"text\" name=\"aantal-vouwwagen\" \/><\/span>\n\t\t<\/p>\n\t\t<p class=\"input-field\"><label for=\"grote-tent\"><span class=\"fa fa-home\"><\/span> Gro\u00dfe Zelt, ab 3 Personen<\/label><span class=\"wpcf7-form-control-wrap\" data-name=\"aantal-grote-tent\"><input size=\"40\" maxlength=\"400\" class=\"wpcf7-form-control wpcf7-text\" id=\"aantal-grote-tent\" aria-invalid=\"false\" placeholder=\"Geben Sie die Anzahl der Pl\u00e4tze ein\" value=\"\" type=\"text\" name=\"aantal-grote-tent\" \/><\/span>\n\t\t<\/p>\n\t\t<p class=\"input-field\"><label for=\"kleine-tent\"><span class=\"fa fa-home\"><\/span> Kleine Zelt < 3 Personen<\/label><span class=\"wpcf7-form-control-wrap\" data-name=\"aantal-kleine-tent\"><input size=\"40\" maxlength=\"400\" class=\"wpcf7-form-control wpcf7-text\" id=\"aantal-kleine-tent\" aria-invalid=\"false\" placeholder=\"Geben Sie die Anzahl der Pl\u00e4tze ein\" value=\"\" type=\"text\" name=\"aantal-kleine-tent\" \/><\/span>\n\t\t<\/p>\n\t\t<p class=\"input-field\"><label for=\"contact-aantal-volwassen\"><span class=\"fa fa-users\"><\/span> Anzahl Erwachsenen<\/label><span class=\"wpcf7-form-control-wrap\" data-name=\"aantal-volwassen\"><input size=\"40\" maxlength=\"400\" class=\"wpcf7-form-control wpcf7-text\" id=\"contact-aantal\" aria-invalid=\"false\" placeholder=\"Geben Sie die Anzahl der Erwachsenen ein\" value=\"\" type=\"text\" name=\"aantal-volwassen\" \/><\/span>\n\t\t<\/p>\n\t\t<p class=\"input-field\"><label for=\"contact-aantal-kinderen\"><span class=\"fa fa-users\"><\/span> Anzahl Kinder < 12 Jahre<\/label><span class=\"wpcf7-form-control-wrap\" data-name=\"aantal-kinderen\"><input size=\"40\" maxlength=\"400\" class=\"wpcf7-form-control wpcf7-text\" id=\"contact-aantal-kinderen\" aria-invalid=\"false\" placeholder=\"Geben Sie die Anzahl der Kinder unter 12 Jahren an\" value=\"\" type=\"text\" name=\"aantal-kinderen\" \/><\/span>\n\t\t<\/p>\n\t\t<p class=\"input-field\"><label for=\"stroom\"><span class=\"fa fa-home\"><\/span> Strom<\/label><span class=\"wpcf7-form-control-wrap\" data-name=\"stroom\"><input size=\"40\" maxlength=\"400\" class=\"wpcf7-form-control wpcf7-text\" id=\"stroom\" aria-invalid=\"false\" placeholder=\"M\u00f6chten Sie Strom benutzen?\" value=\"\" type=\"text\" name=\"stroom\" \/><\/span>\n\t\t<\/p>\n\t\t<p class=\"input-field\"><label for=\"huisdier\"><span class=\"fa fa-home\"><\/span> Haustier<\/label><span class=\"wpcf7-form-control-wrap\" data-name=\"huisdier\"><input size=\"40\" maxlength=\"400\" class=\"wpcf7-form-control wpcf7-text\" aria-invalid=\"false\" placeholder=\"Bringen Sie ein Haustier mit?\" value=\"\" type=\"text\" name=\"huisdier\" \/><\/span>\n\t\t<\/p>\n\t\t<p class=\"input-field\"><label for=\"contact-data\"><span class=\"fa fa-calendar\"><\/span> Datum der Ankunft<\/label><span class=\"wpcf7-form-control-wrap\" data-name=\"aankomstdatum\"><input size=\"40\" maxlength=\"400\" class=\"wpcf7-form-control wpcf7-text\" id=\"aankomstdatum\" aria-invalid=\"false\" placeholder=\"Geben Sie hier Ihr Ankunftsdatum ein\" value=\"\" type=\"text\" name=\"aankomstdatum\" \/><\/span>\n\t\t<\/p>\n\t\t<p class=\"input-field\"><label for=\"contact-data\"><span class=\"fa fa-calendar\"><\/span> Datum der Abreise<\/label><span class=\"wpcf7-form-control-wrap\" data-name=\"vertrekdatum\"><input size=\"40\" maxlength=\"400\" class=\"wpcf7-form-control wpcf7-text\" id=\"vertrekdatum\" aria-invalid=\"false\" placeholder=\"Geben Sie hier Ihr Abreisedatum ein\" value=\"\" type=\"text\" name=\"vertrekdatum\" \/><\/span>\n\t\t<\/p>\n\t\t<p class=\"textarea-field\"><label for=\"contact-opmerkingen\"><span class=\"fa fa-edit\"><\/span> Zus\u00e4tzliche Bemerkungen<\/label>\n\t\t<\/p>\n\t\t<p><span class=\"wpcf7-form-control-wrap\" data-name=\"aanvullende-opmerkingen\"><textarea cols=\"40\" rows=\"10\" maxlength=\"2000\" class=\"wpcf7-form-control wpcf7-textarea\" id=\"contact-opmerkingen\" aria-invalid=\"false\" placeholder=\"Bemerkungen\" name=\"aanvullende-opmerkingen\"><\/textarea><\/span>\n\t\t<\/p>\n\t<\/div>\n<\/div>\n<p><input class=\"wpcf7-form-control wpcf7-submit has-spinner\" type=\"submit\" value=\"Senden Sie\" \/>\n<\/p><div class=\"wpcf7-response-output\" aria-hidden=\"true\"><\/div>\n<\/form>\n<\/div>\n[vc_column_text]Ihre Buchung ist definitiv, sobald Sie von uns eine Best\u00e4tigung bekommen haben. Wir bem\u00fchen uns, Ihre Anfrage schnellstm\u00f6glich zu beantworten, sp\u00e4testens aber nach 48 Stunden.<\/p>\n<p>Ab Freitag 17.00 Uhr bis Montag 08.30 Uhr wird Ihre Anfrage nicht bearbeitet.\u00a0M\u00f6chten Sie reservieren, nehmen Sie dann bitte telefonisch Kontakt auf mit\u00a0 <a style=\"font-size: 1.6rem;\" href=\"tel:+31%2088%20050%204110\" target=\"_blank\" rel=\"noopener noreferrer\">+31 880504110<\/a><span style=\"font-size: 1.6rem;\">.<\/span>[\/vc_column_text][\/vc_column][\/vc_row]\n<\/div>","protected":false},"excerpt":{"rendered":"<p>[vc_row css=&#8220;.vc_custom_1404979581947{margin-bottom: 0px !important;}&#8220;][vc_column][vc_column_text] Buchungsformular Camping S\u00fadermeer [\/vc_column_text][vc_column_text]Ihre Buchung ist definitiv, sobald Sie von uns eine Best\u00e4tigung bekommen haben. Wir [&hellip;]<\/p>\n","protected":false},"author":1,"featured_media":0,"parent":1140,"menu_order":0,"comment_status":"closed","ping_status":"closed","template":"page-templates\/page-left.php","meta":{"footnotes":""},"class_list":["post-1273","page","type-page","status-publish","hentry"],"yoast_head":"<!-- This site is optimized with the Yoast SEO plugin v27.5 - https:\/\/yoast.com\/product\/yoast-seo-wordpress\/ -->\n<title>Buchungsformular - Marina Stavoren<\/title>\n<meta name=\"robots\" content=\"index, follow, max-snippet:-1, max-image-preview:large, max-video-preview:-1\" \/>\n<link rel=\"canonical\" href=\"https:\/\/www.marinastavoren.nl\/de\/camping-sudermeer\/buchungsformular\/\" \/>\n<meta property=\"og:locale\" content=\"de_DE\" \/>\n<meta property=\"og:type\" content=\"article\" \/>\n<meta property=\"og:title\" content=\"Buchungsformular - Marina Stavoren\" \/>\n<meta property=\"og:description\" content=\"[vc_row css=&#8220;.vc_custom_1404979581947{margin-bottom: 0px !important;}&#8220;][vc_column][vc_column_text] Buchungsformular Camping S\u00fadermeer [\/vc_column_text][vc_column_text]Ihre Buchung ist definitiv, sobald Sie von uns eine Best\u00e4tigung bekommen haben. Wir [&hellip;]\" \/>\n<meta property=\"og:url\" content=\"https:\/\/www.marinastavoren.nl\/de\/camping-sudermeer\/buchungsformular\/\" \/>\n<meta property=\"og:site_name\" content=\"Marina Stavoren\" \/>\n<meta property=\"article:publisher\" content=\"https:\/\/www.facebook.com\/marina.stavoren\" \/>\n<meta property=\"article:modified_time\" content=\"2023-07-07T09:25:09+00:00\" \/>\n<meta name=\"twitter:card\" content=\"summary_large_image\" \/>\n<meta name=\"twitter:label1\" content=\"Gesch\u00e4tzte Lesezeit\" \/>\n\t<meta name=\"twitter:data1\" content=\"1\u00a0Minute\" \/>\n<script type=\"application\/ld+json\" class=\"yoast-schema-graph\">{\"@context\":\"https:\\\/\\\/schema.org\",\"@graph\":[{\"@type\":\"WebPage\",\"@id\":\"https:\\\/\\\/www.marinastavoren.nl\\\/de\\\/camping-sudermeer\\\/buchungsformular\\\/\",\"url\":\"https:\\\/\\\/www.marinastavoren.nl\\\/de\\\/camping-sudermeer\\\/buchungsformular\\\/\",\"name\":\"Buchungsformular - Marina Stavoren\",\"isPartOf\":{\"@id\":\"https:\\\/\\\/www.marinastavoren.nl\\\/de\\\/#website\"},\"datePublished\":\"2021-12-21T12:45:36+00:00\",\"dateModified\":\"2023-07-07T09:25:09+00:00\",\"breadcrumb\":{\"@id\":\"https:\\\/\\\/www.marinastavoren.nl\\\/de\\\/camping-sudermeer\\\/buchungsformular\\\/#breadcrumb\"},\"inLanguage\":\"de\",\"potentialAction\":[{\"@type\":\"ReadAction\",\"target\":[\"https:\\\/\\\/www.marinastavoren.nl\\\/de\\\/camping-sudermeer\\\/buchungsformular\\\/\"]}]},{\"@type\":\"BreadcrumbList\",\"@id\":\"https:\\\/\\\/www.marinastavoren.nl\\\/de\\\/camping-sudermeer\\\/buchungsformular\\\/#breadcrumb\",\"itemListElement\":[{\"@type\":\"ListItem\",\"position\":1,\"name\":\"Home\",\"item\":\"https:\\\/\\\/www.marinastavoren.nl\\\/de\\\/\"},{\"@type\":\"ListItem\",\"position\":2,\"name\":\"Camping S\u00fadermeer\",\"item\":\"https:\\\/\\\/www.marinastavoren.nl\\\/de\\\/camping-sudermeer\\\/\"},{\"@type\":\"ListItem\",\"position\":3,\"name\":\"Buchungsformular\"}]},{\"@type\":\"WebSite\",\"@id\":\"https:\\\/\\\/www.marinastavoren.nl\\\/de\\\/#website\",\"url\":\"https:\\\/\\\/www.marinastavoren.nl\\\/de\\\/\",\"name\":\"Marina Stavoren\",\"description\":\"Willkommen im Ferienpark der Marina Stavoren\",\"publisher\":{\"@id\":\"https:\\\/\\\/www.marinastavoren.nl\\\/de\\\/#organization\"},\"potentialAction\":[{\"@type\":\"SearchAction\",\"target\":{\"@type\":\"EntryPoint\",\"urlTemplate\":\"https:\\\/\\\/www.marinastavoren.nl\\\/de\\\/?s={search_term_string}\"},\"query-input\":{\"@type\":\"PropertyValueSpecification\",\"valueRequired\":true,\"valueName\":\"search_term_string\"}}],\"inLanguage\":\"de\"},{\"@type\":\"Organization\",\"@id\":\"https:\\\/\\\/www.marinastavoren.nl\\\/de\\\/#organization\",\"name\":\"Marina Stavoren\",\"url\":\"https:\\\/\\\/www.marinastavoren.nl\\\/de\\\/\",\"logo\":{\"@type\":\"ImageObject\",\"inLanguage\":\"de\",\"@id\":\"https:\\\/\\\/www.marinastavoren.nl\\\/de\\\/#\\\/schema\\\/logo\\\/image\\\/\",\"url\":\"https:\\\/\\\/www.marinastavoren.nl\\\/wp-content\\\/uploads\\\/2022\\\/12\\\/logo-marina-stavoren-sticky.png\",\"contentUrl\":\"https:\\\/\\\/www.marinastavoren.nl\\\/wp-content\\\/uploads\\\/2022\\\/12\\\/logo-marina-stavoren-sticky.png\",\"width\":277,\"height\":60,\"caption\":\"Marina Stavoren\"},\"image\":{\"@id\":\"https:\\\/\\\/www.marinastavoren.nl\\\/de\\\/#\\\/schema\\\/logo\\\/image\\\/\"},\"sameAs\":[\"https:\\\/\\\/www.facebook.com\\\/marina.stavoren\",\"https:\\\/\\\/www.instagram.com\\\/marinastavoren\\\/\"]}]}<\/script>\n<!-- \/ Yoast SEO plugin. -->","yoast_head_json":{"title":"Buchungsformular - Marina Stavoren","robots":{"index":"index","follow":"follow","max-snippet":"max-snippet:-1","max-image-preview":"max-image-preview:large","max-video-preview":"max-video-preview:-1"},"canonical":"https:\/\/www.marinastavoren.nl\/de\/camping-sudermeer\/buchungsformular\/","og_locale":"de_DE","og_type":"article","og_title":"Buchungsformular - Marina Stavoren","og_description":"[vc_row css=&#8220;.vc_custom_1404979581947{margin-bottom: 0px !important;}&#8220;][vc_column][vc_column_text] Buchungsformular Camping S\u00fadermeer [\/vc_column_text][vc_column_text]Ihre Buchung ist definitiv, sobald Sie von uns eine Best\u00e4tigung bekommen haben. Wir [&hellip;]","og_url":"https:\/\/www.marinastavoren.nl\/de\/camping-sudermeer\/buchungsformular\/","og_site_name":"Marina Stavoren","article_publisher":"https:\/\/www.facebook.com\/marina.stavoren","article_modified_time":"2023-07-07T09:25:09+00:00","twitter_card":"summary_large_image","twitter_misc":{"Gesch\u00e4tzte Lesezeit":"1\u00a0Minute"},"schema":{"@context":"https:\/\/schema.org","@graph":[{"@type":"WebPage","@id":"https:\/\/www.marinastavoren.nl\/de\/camping-sudermeer\/buchungsformular\/","url":"https:\/\/www.marinastavoren.nl\/de\/camping-sudermeer\/buchungsformular\/","name":"Buchungsformular - Marina Stavoren","isPartOf":{"@id":"https:\/\/www.marinastavoren.nl\/de\/#website"},"datePublished":"2021-12-21T12:45:36+00:00","dateModified":"2023-07-07T09:25:09+00:00","breadcrumb":{"@id":"https:\/\/www.marinastavoren.nl\/de\/camping-sudermeer\/buchungsformular\/#breadcrumb"},"inLanguage":"de","potentialAction":[{"@type":"ReadAction","target":["https:\/\/www.marinastavoren.nl\/de\/camping-sudermeer\/buchungsformular\/"]}]},{"@type":"BreadcrumbList","@id":"https:\/\/www.marinastavoren.nl\/de\/camping-sudermeer\/buchungsformular\/#breadcrumb","itemListElement":[{"@type":"ListItem","position":1,"name":"Home","item":"https:\/\/www.marinastavoren.nl\/de\/"},{"@type":"ListItem","position":2,"name":"Camping S\u00fadermeer","item":"https:\/\/www.marinastavoren.nl\/de\/camping-sudermeer\/"},{"@type":"ListItem","position":3,"name":"Buchungsformular"}]},{"@type":"WebSite","@id":"https:\/\/www.marinastavoren.nl\/de\/#website","url":"https:\/\/www.marinastavoren.nl\/de\/","name":"Marina Stavoren","description":"Willkommen im Ferienpark der Marina Stavoren","publisher":{"@id":"https:\/\/www.marinastavoren.nl\/de\/#organization"},"potentialAction":[{"@type":"SearchAction","target":{"@type":"EntryPoint","urlTemplate":"https:\/\/www.marinastavoren.nl\/de\/?s={search_term_string}"},"query-input":{"@type":"PropertyValueSpecification","valueRequired":true,"valueName":"search_term_string"}}],"inLanguage":"de"},{"@type":"Organization","@id":"https:\/\/www.marinastavoren.nl\/de\/#organization","name":"Marina Stavoren","url":"https:\/\/www.marinastavoren.nl\/de\/","logo":{"@type":"ImageObject","inLanguage":"de","@id":"https:\/\/www.marinastavoren.nl\/de\/#\/schema\/logo\/image\/","url":"https:\/\/www.marinastavoren.nl\/wp-content\/uploads\/2022\/12\/logo-marina-stavoren-sticky.png","contentUrl":"https:\/\/www.marinastavoren.nl\/wp-content\/uploads\/2022\/12\/logo-marina-stavoren-sticky.png","width":277,"height":60,"caption":"Marina Stavoren"},"image":{"@id":"https:\/\/www.marinastavoren.nl\/de\/#\/schema\/logo\/image\/"},"sameAs":["https:\/\/www.facebook.com\/marina.stavoren","https:\/\/www.instagram.com\/marinastavoren\/"]}]}},"_links":{"self":[{"href":"https:\/\/www.marinastavoren.nl\/de\/wp-json\/wp\/v2\/pages\/1273","targetHints":{"allow":["GET"]}}],"collection":[{"href":"https:\/\/www.marinastavoren.nl\/de\/wp-json\/wp\/v2\/pages"}],"about":[{"href":"https:\/\/www.marinastavoren.nl\/de\/wp-json\/wp\/v2\/types\/page"}],"author":[{"embeddable":true,"href":"https:\/\/www.marinastavoren.nl\/de\/wp-json\/wp\/v2\/users\/1"}],"replies":[{"embeddable":true,"href":"https:\/\/www.marinastavoren.nl\/de\/wp-json\/wp\/v2\/comments?post=1273"}],"version-history":[{"count":6,"href":"https:\/\/www.marinastavoren.nl\/de\/wp-json\/wp\/v2\/pages\/1273\/revisions"}],"predecessor-version":[{"id":4298,"href":"https:\/\/www.marinastavoren.nl\/de\/wp-json\/wp\/v2\/pages\/1273\/revisions\/4298"}],"up":[{"embeddable":true,"href":"https:\/\/www.marinastavoren.nl\/de\/wp-json\/wp\/v2\/pages\/1140"}],"wp:attachment":[{"href":"https:\/\/www.marinastavoren.nl\/de\/wp-json\/wp\/v2\/media?parent=1273"}],"curies":[{"name":"wp","href":"https:\/\/api.w.org\/{rel}","templated":true}]}}