{"id":1140,"date":"2021-12-10T14:58:14","date_gmt":"2021-12-10T12:58:14","guid":{"rendered":"https:\/\/marinastavoren.xdialogue-demo.nl\/camping-sudermeer\/"},"modified":"2026-01-27T12:59:46","modified_gmt":"2026-01-27T10:59:46","slug":"camping-sudermeer","status":"publish","type":"page","link":"https:\/\/www.marinastavoren.nl\/de\/camping-sudermeer\/","title":{"rendered":"Camping S\u00fadermeer"},"content":{"rendered":"<div class=\"wpb-content-wrapper\">[vc_row][vc_column][vc_column_text css=&#8220;&#8220;]\n<h1>Willkommen bei uns auf Camping S\u00fadermeer<\/h1>\n<p>Camping S\u00fadermeer liegt auf Laufabstand zum IJsselmeer und dem historischen St\u00e4dtchen Stavoren, seines Zeichens Hansestadt und Mitglied der \u201eElf St\u00e4dte\u201c. Durch die einmalige Lage zwischen den Friesischen Seen und dem IJsselmeer bietet Ihnen dieser Campingplatz sehr viele Wassersportoptionen.<\/p>\n<p>Unser Campingplatz bietet eine Reihe von Stellpl\u00e4tzen f\u00fcr Wohnwagen und Zelte. Auf dem Campingplatz selbst haben wir leider keinen Platz f\u00fcr Wohnmobile. Daf\u00fcr gibt es jedoch einen speziellen Wohnmobilstellplatz in wundersch\u00f6ner Lage am IJsselmeer, wo Sie eine herrliche Aussicht und alle notwendigen Einrichtungen genie\u00dfen k\u00f6nnen.[\/vc_column_text][\/vc_column][\/vc_row][vc_row css=&#8220;.vc_custom_1670859586926{margin-bottom: 30px !important;padding-top: 10px !important;padding-right: 10px !important;padding-bottom: 10px !important;padding-left: 10px !important;background-color: #ebeef3 !important;border-radius: 10px !important;}&#8220;][vc_column width=&#8220;2\/3&#8243;][vc_column_text css=&#8220;.vc_custom_1669210535591{padding-bottom: 10px !important;}&#8220;]Von hier aus k\u00f6nnen Sie aber auch das Innenland verkennen. Zu den W\u00e4ldern im Gaasterland und den \u201aKlippen\u2018 gelangen Sie ganz einfach mit dem Fahrrad. Gleiches gilt f\u00fcr drei weitere authentische Mitglieder der \u201aElf St\u00e4dte\u2018: Hindeloopen, Workum und Sloten. Dort finden Sie auch interessante Museen \u2013 bekannte und weniger bekannte. Einmal nach Enkhuizen ins Zuiderzee-Museum, oder mit den Kindern ins M\u00e4rchenwunderland (\u201aSprookjeswonderland\u2018)? Hier bietet sich die F\u00e4hrverbindung an, ein sch\u00f6nes Erlebnis f\u00fcr sich. Sneek und die friesische Hauptstadt Leeuwarden sind mit dem Zug gut erreichbar. Und nat\u00fcrlich l\u00e4sst es sich auch auf den friesischen Seen herrlich entspannen. Zum Beispiel auf einer Fahrt mit einer Schaluppe. Diese kann man in der Marina Stavoren mieten. Au\u00dfer zum M\u00e4rchenwunnderland k\u00f6nnen Sie mit den Kindern auch Ausfl\u00fcge in die Umgebung machen: Sybrandy\u2019s Spielepark in Rijs und das \u201a\u201aKameleon-Dorf\u2018\u2018 in Terherne sind zwei beliebte Ziele.<\/p>\n<p>Der Campingplatz S\u00fadermeer ist auf jeden Fall eine besonders geeignete Basis, um von hier aus die (wasser-) reiche Kultur und Natur S\u00fcdwestfrieslands zu entdecken.[\/vc_column_text][vc_column_text css=&#8220;.vc_custom_1669203129943{padding-bottom: 10px !important;}&#8220;]<a class=\"btn btn-secundary\" href=\"https:\/\/www.marinastavoren.nl\/de\/camping-sudermeer\/buchungsformular\/\">Reservieren Sie hier einen Saisons- oder Passantenplatz!<\/a>[\/vc_column_text][vc_column_text css=&#8220;.vc_custom_1769511578014{padding-bottom: 10px !important;}&#8220;]<a class=\"btn btn-secundary\" href=\"\/wp-content\/uploads\/2026\/01\/Prijslijst_Sudermeer_2026_02-2.pdf\">Preisliste herunterladen<\/a>[\/vc_column_text][\/vc_column][vc_column width=&#8220;1\/3&#8243;][vc_single_image image=&#8220;1079&#8243; img_size=&#8220;full&#8220; css=&#8220;.vc_custom_1639142055598{padding-top: 15px !important;}&#8220;][\/vc_column][\/vc_row]\n<\/div>","protected":false},"excerpt":{"rendered":"<p>[vc_row][vc_column][vc_column_text css=&#8220;&#8220;] Willkommen bei uns auf Camping S\u00fadermeer Camping S\u00fadermeer liegt auf Laufabstand zum IJsselmeer und dem historischen St\u00e4dtchen Stavoren, [&hellip;]<\/p>\n","protected":false},"author":1,"featured_media":0,"parent":0,"menu_order":0,"comment_status":"closed","ping_status":"closed","template":"page-templates\/page-left.php","meta":{"footnotes":""},"class_list":["post-1140","page","type-page","status-publish","hentry"],"yoast_head":"<!-- This site is optimized with the Yoast SEO plugin v27.4 - https:\/\/yoast.com\/product\/yoast-seo-wordpress\/ -->\n<title>Camping S\u00fadermeer - Marina Stavoren<\/title>\n<meta name=\"description\" content=\"Vier je vakantie op Camping S\u00fadermeer in Stavoren. Onderdeel van Recreatiepark Marina Stavoren, direct gelegen aan het IJsselmeer.\" \/>\n<meta name=\"robots\" content=\"index, follow, max-snippet:-1, max-image-preview:large, max-video-preview:-1\" \/>\n<link rel=\"canonical\" href=\"https:\/\/www.marinastavoren.nl\/de\/camping-sudermeer\/\" \/>\n<meta property=\"og:locale\" content=\"de_DE\" \/>\n<meta property=\"og:type\" content=\"article\" \/>\n<meta property=\"og:title\" content=\"Camping S\u00fadermeer - Marina Stavoren\" \/>\n<meta property=\"og:description\" content=\"Vier je vakantie op Camping S\u00fadermeer in Stavoren. Onderdeel van Recreatiepark Marina Stavoren, direct gelegen aan het IJsselmeer.\" \/>\n<meta property=\"og:url\" content=\"https:\/\/www.marinastavoren.nl\/de\/camping-sudermeer\/\" \/>\n<meta property=\"og:site_name\" content=\"Marina Stavoren\" \/>\n<meta property=\"article:publisher\" content=\"https:\/\/www.facebook.com\/marina.stavoren\" \/>\n<meta property=\"article:modified_time\" content=\"2026-01-27T10:59:46+00:00\" \/>\n<meta name=\"twitter:card\" content=\"summary_large_image\" \/>\n<meta name=\"twitter:label1\" content=\"Gesch\u00e4tzte Lesezeit\" \/>\n\t<meta name=\"twitter:data1\" content=\"2\u00a0Minuten\" \/>\n<script type=\"application\/ld+json\" class=\"yoast-schema-graph\">{\"@context\":\"https:\\\/\\\/schema.org\",\"@graph\":[{\"@type\":\"WebPage\",\"@id\":\"https:\\\/\\\/www.marinastavoren.nl\\\/de\\\/camping-sudermeer\\\/\",\"url\":\"https:\\\/\\\/www.marinastavoren.nl\\\/de\\\/camping-sudermeer\\\/\",\"name\":\"Camping S\u00fadermeer - Marina Stavoren\",\"isPartOf\":{\"@id\":\"https:\\\/\\\/www.marinastavoren.nl\\\/de\\\/#website\"},\"datePublished\":\"2021-12-10T12:58:14+00:00\",\"dateModified\":\"2026-01-27T10:59:46+00:00\",\"description\":\"Vier je vakantie op Camping S\u00fadermeer in Stavoren. Onderdeel van Recreatiepark Marina Stavoren, direct gelegen aan het IJsselmeer.\",\"breadcrumb\":{\"@id\":\"https:\\\/\\\/www.marinastavoren.nl\\\/de\\\/camping-sudermeer\\\/#breadcrumb\"},\"inLanguage\":\"de\",\"potentialAction\":[{\"@type\":\"ReadAction\",\"target\":[\"https:\\\/\\\/www.marinastavoren.nl\\\/de\\\/camping-sudermeer\\\/\"]}]},{\"@type\":\"BreadcrumbList\",\"@id\":\"https:\\\/\\\/www.marinastavoren.nl\\\/de\\\/camping-sudermeer\\\/#breadcrumb\",\"itemListElement\":[{\"@type\":\"ListItem\",\"position\":1,\"name\":\"Home\",\"item\":\"https:\\\/\\\/www.marinastavoren.nl\\\/de\\\/\"},{\"@type\":\"ListItem\",\"position\":2,\"name\":\"Camping S\u00fadermeer\"}]},{\"@type\":\"WebSite\",\"@id\":\"https:\\\/\\\/www.marinastavoren.nl\\\/de\\\/#website\",\"url\":\"https:\\\/\\\/www.marinastavoren.nl\\\/de\\\/\",\"name\":\"Marina Stavoren\",\"description\":\"Willkommen im Ferienpark der Marina Stavoren\",\"publisher\":{\"@id\":\"https:\\\/\\\/www.marinastavoren.nl\\\/de\\\/#organization\"},\"potentialAction\":[{\"@type\":\"SearchAction\",\"target\":{\"@type\":\"EntryPoint\",\"urlTemplate\":\"https:\\\/\\\/www.marinastavoren.nl\\\/de\\\/?s={search_term_string}\"},\"query-input\":{\"@type\":\"PropertyValueSpecification\",\"valueRequired\":true,\"valueName\":\"search_term_string\"}}],\"inLanguage\":\"de\"},{\"@type\":\"Organization\",\"@id\":\"https:\\\/\\\/www.marinastavoren.nl\\\/de\\\/#organization\",\"name\":\"Marina Stavoren\",\"url\":\"https:\\\/\\\/www.marinastavoren.nl\\\/de\\\/\",\"logo\":{\"@type\":\"ImageObject\",\"inLanguage\":\"de\",\"@id\":\"https:\\\/\\\/www.marinastavoren.nl\\\/de\\\/#\\\/schema\\\/logo\\\/image\\\/\",\"url\":\"https:\\\/\\\/www.marinastavoren.nl\\\/wp-content\\\/uploads\\\/2022\\\/12\\\/logo-marina-stavoren-sticky.png\",\"contentUrl\":\"https:\\\/\\\/www.marinastavoren.nl\\\/wp-content\\\/uploads\\\/2022\\\/12\\\/logo-marina-stavoren-sticky.png\",\"width\":277,\"height\":60,\"caption\":\"Marina Stavoren\"},\"image\":{\"@id\":\"https:\\\/\\\/www.marinastavoren.nl\\\/de\\\/#\\\/schema\\\/logo\\\/image\\\/\"},\"sameAs\":[\"https:\\\/\\\/www.facebook.com\\\/marina.stavoren\",\"https:\\\/\\\/www.instagram.com\\\/marinastavoren\\\/\"]}]}<\/script>\n<!-- \/ Yoast SEO plugin. -->","yoast_head_json":{"title":"Camping S\u00fadermeer - Marina Stavoren","description":"Vier je vakantie op Camping S\u00fadermeer in Stavoren. Onderdeel van Recreatiepark Marina Stavoren, direct gelegen aan het IJsselmeer.","robots":{"index":"index","follow":"follow","max-snippet":"max-snippet:-1","max-image-preview":"max-image-preview:large","max-video-preview":"max-video-preview:-1"},"canonical":"https:\/\/www.marinastavoren.nl\/de\/camping-sudermeer\/","og_locale":"de_DE","og_type":"article","og_title":"Camping S\u00fadermeer - Marina Stavoren","og_description":"Vier je vakantie op Camping S\u00fadermeer in Stavoren. Onderdeel van Recreatiepark Marina Stavoren, direct gelegen aan het IJsselmeer.","og_url":"https:\/\/www.marinastavoren.nl\/de\/camping-sudermeer\/","og_site_name":"Marina Stavoren","article_publisher":"https:\/\/www.facebook.com\/marina.stavoren","article_modified_time":"2026-01-27T10:59:46+00:00","twitter_card":"summary_large_image","twitter_misc":{"Gesch\u00e4tzte Lesezeit":"2\u00a0Minuten"},"schema":{"@context":"https:\/\/schema.org","@graph":[{"@type":"WebPage","@id":"https:\/\/www.marinastavoren.nl\/de\/camping-sudermeer\/","url":"https:\/\/www.marinastavoren.nl\/de\/camping-sudermeer\/","name":"Camping S\u00fadermeer - Marina Stavoren","isPartOf":{"@id":"https:\/\/www.marinastavoren.nl\/de\/#website"},"datePublished":"2021-12-10T12:58:14+00:00","dateModified":"2026-01-27T10:59:46+00:00","description":"Vier je vakantie op Camping S\u00fadermeer in Stavoren. Onderdeel van Recreatiepark Marina Stavoren, direct gelegen aan het IJsselmeer.","breadcrumb":{"@id":"https:\/\/www.marinastavoren.nl\/de\/camping-sudermeer\/#breadcrumb"},"inLanguage":"de","potentialAction":[{"@type":"ReadAction","target":["https:\/\/www.marinastavoren.nl\/de\/camping-sudermeer\/"]}]},{"@type":"BreadcrumbList","@id":"https:\/\/www.marinastavoren.nl\/de\/camping-sudermeer\/#breadcrumb","itemListElement":[{"@type":"ListItem","position":1,"name":"Home","item":"https:\/\/www.marinastavoren.nl\/de\/"},{"@type":"ListItem","position":2,"name":"Camping S\u00fadermeer"}]},{"@type":"WebSite","@id":"https:\/\/www.marinastavoren.nl\/de\/#website","url":"https:\/\/www.marinastavoren.nl\/de\/","name":"Marina Stavoren","description":"Willkommen im Ferienpark der Marina Stavoren","publisher":{"@id":"https:\/\/www.marinastavoren.nl\/de\/#organization"},"potentialAction":[{"@type":"SearchAction","target":{"@type":"EntryPoint","urlTemplate":"https:\/\/www.marinastavoren.nl\/de\/?s={search_term_string}"},"query-input":{"@type":"PropertyValueSpecification","valueRequired":true,"valueName":"search_term_string"}}],"inLanguage":"de"},{"@type":"Organization","@id":"https:\/\/www.marinastavoren.nl\/de\/#organization","name":"Marina Stavoren","url":"https:\/\/www.marinastavoren.nl\/de\/","logo":{"@type":"ImageObject","inLanguage":"de","@id":"https:\/\/www.marinastavoren.nl\/de\/#\/schema\/logo\/image\/","url":"https:\/\/www.marinastavoren.nl\/wp-content\/uploads\/2022\/12\/logo-marina-stavoren-sticky.png","contentUrl":"https:\/\/www.marinastavoren.nl\/wp-content\/uploads\/2022\/12\/logo-marina-stavoren-sticky.png","width":277,"height":60,"caption":"Marina Stavoren"},"image":{"@id":"https:\/\/www.marinastavoren.nl\/de\/#\/schema\/logo\/image\/"},"sameAs":["https:\/\/www.facebook.com\/marina.stavoren","https:\/\/www.instagram.com\/marinastavoren\/"]}]}},"_links":{"self":[{"href":"https:\/\/www.marinastavoren.nl\/de\/wp-json\/wp\/v2\/pages\/1140","targetHints":{"allow":["GET"]}}],"collection":[{"href":"https:\/\/www.marinastavoren.nl\/de\/wp-json\/wp\/v2\/pages"}],"about":[{"href":"https:\/\/www.marinastavoren.nl\/de\/wp-json\/wp\/v2\/types\/page"}],"author":[{"embeddable":true,"href":"https:\/\/www.marinastavoren.nl\/de\/wp-json\/wp\/v2\/users\/1"}],"replies":[{"embeddable":true,"href":"https:\/\/www.marinastavoren.nl\/de\/wp-json\/wp\/v2\/comments?post=1140"}],"version-history":[{"count":15,"href":"https:\/\/www.marinastavoren.nl\/de\/wp-json\/wp\/v2\/pages\/1140\/revisions"}],"predecessor-version":[{"id":32877,"href":"https:\/\/www.marinastavoren.nl\/de\/wp-json\/wp\/v2\/pages\/1140\/revisions\/32877"}],"wp:attachment":[{"href":"https:\/\/www.marinastavoren.nl\/de\/wp-json\/wp\/v2\/media?parent=1140"}],"curies":[{"name":"wp","href":"https:\/\/api.w.org\/{rel}","templated":true}]}}