{"id":1117,"date":"2021-11-12T10:51:16","date_gmt":"2021-11-12T08:51:16","guid":{"rendered":"https:\/\/marinastavoren.xdialogue-demo.nl\/agenda\/"},"modified":"2025-05-26T16:26:40","modified_gmt":"2025-05-26T14:26:40","slug":"agenda","status":"publish","type":"page","link":"https:\/\/www.marinastavoren.nl\/de\/agenda\/","title":{"rendered":"Agenda"},"content":{"rendered":"<div class=\"wpb-content-wrapper\">[vc_row el_id=&#8220;rally&#8220;][vc_column width=&#8220;1\/2&#8243;][vc_custom_heading text=&#8220;Samstag, den 31. Mai: Oldtimer Elf-St\u00e4dte Rally&#8220; use_theme_fonts=&#8220;yes&#8220; css=&#8220;&#8220;][vc_column_text css=&#8220;&#8220;]Notieren Sie sich in\u00a0Ihrem\u00a0Kalender: Samstag, den 31. Mai! Ein Tag der Nostalgie auf R\u00e4dern! Dann findet n\u00e4mlich die 37.\u00a0Oldtimer Elf-St\u00e4dte\u00a0Rally\u00a0statt. Die Oldtimer starten im malerischen Sloten und fahren eine sch\u00f6ne Strecke entlang der elf friesischen St\u00e4dte: IJlst, Sneek, Leeuwarden, Dokkum, Franeker, Harlingen, Bolsward, Workum, Hindeloopen, Stavoren und zur\u00fcck nach Sloten. Eine einzigartige Gelegenheit, diese fahrenden Museumsst\u00fccke aus der N\u00e4he zu bewundern.[\/vc_column_text][\/vc_column][vc_column width=&#8220;1\/2&#8243;][vc_single_image image=&#8220;21630&#8243; img_size=&#8220;full&#8220; css=&#8220;&#8220;][\/vc_column][\/vc_row][vc_row el_id=&#8220;fiets&#8220;][vc_column width=&#8220;1\/2&#8243;][vc_custom_heading text=&#8220;Montag, den 9. Juni: Elf-St\u00e4dtetour mit dem Fahrrad&#8220; use_theme_fonts=&#8220;yes&#8220; css=&#8220;&#8220;][vc_column_text css=&#8220;&#8220;]Am Montag, dem 9. Juni ist es wieder soweit! Dann startet die 113. Elf-St\u00e4dtetour auf dem Fahrrad \u2013 das Fahrradfestival in Friesland. Bis zu 15.000 Radfahrer fahren an diesem Tag durch die malerische friesische Landschaft und die 11 Friesischen St\u00e4dte, jeder in seinem eigenen Tempo. Es ist ein bunter Zug von Radlern, der ein beeindruckendes Spektakel bietet.<\/p>\n<p>Die Strecke? Sie ist beachtliche 235 Kilometer lang. Start und Ziel ist in Bolsward, wo die Atmosph\u00e4re schon fr\u00fch am Morgen zu brodeln anf\u00e4ngt. Unterwegs trifft man auf eine bunte Mischung von Teilnehmern: von schnellen Rennfahrern auf Rennr\u00e4dern bis hin zu geselligen Tourenradlern auf Omafahrr\u00e4dern, Tandems, Lieger\u00e4dern und allem, was dazwischen liegt. Alles ist erlaubt, solange es auf R\u00e4dern f\u00e4hrt! Besonders witzig und sehenswert: Einige Radler fahren die Tour in auff\u00e4lligen Outfits &#8211; von Superhelden bis hin zu kompletten Karnevals-Kreationen. Und auch f\u00fcr das Publikum gibt es viel zu erleben. Entlang der gesamten Strecke herrscht eine stimmungsvolle Atmosph\u00e4re. In jeder Stadt werden sowohl die Teilnehmer als auch die Zuschauer mit Musik und Spa\u00df willkommen gehei\u00dfen. Ob Sie mitradeln oder anfeuern: Die Elf-St\u00e4dtetour auf dem Fahrrad ist ein Erlebnis, das Sie sich nicht entgehen lassen sollten.[\/vc_column_text][\/vc_column][vc_column width=&#8220;1\/2&#8243;][vc_single_image image=&#8220;21637&#8243; img_size=&#8220;full&#8220; css=&#8220;&#8220;][\/vc_column][\/vc_row][vc_row el_id=&#8220;kunst&#8220;][vc_column width=&#8220;1\/2&#8243;][vc_custom_heading text=&#8220;21.\/22. Juni und 26.\/27. Juli: Kunstroute Stavoren&#8220; use_theme_fonts=&#8220;yes&#8220; css=&#8220;&#8220;][vc_column_text css=&#8220;&#8220;]Besuchen Sie die Kunstroute Stavoren &#8211; eine kulturelle Veranstaltung in der IJsselmeerstadt Stavoren! Im Juni und Juli kann man Kunstwerke von 36 lokalen und regionalen K\u00fcnstler bewundern. Diverse Gastst\u00e4ttenbetriebe haben hierf\u00fcr ihre R\u00e4umlichkeiten zur Verf\u00fcgung gestellt und nat\u00fcrlich sind dann auch die Ateliers in Stavoren ge\u00f6ffnet. Von Malerei, Keramik, Schmuck und Bronzeskulpturen bis hin zu Fotografie, Holzschnitzereien und einzigartigen Glasobjekten: f\u00fcr jeden ist etwas dabei!<\/p>\n<p>Die Route findet am 21. und 22. Juni sowie am 26. und 27. Juli 2025 statt. Samstags von 11.00 Uhr bis 17.00 Uhr und sonntags von 12.00 Uhr bis 17.00 Uhr. Die Kunstroute f\u00fchrt an verschiedenen Gastronomiebetrieben und 10 Ateliers\/Ausstellungsr\u00e4umen vorbei, die \u00fcber die Stadt verteilt sind. Man kann die Route problemlos zu Fu\u00df machen, eine Karte mit Routenplan weist Ihnen den Weg. Alle Teilnehmer sind durch eigens entworfene Fahnen deutlich gekennzeichnet, so dass Sie kein einziges Kunstwerk verpassen werden.[\/vc_column_text][\/vc_column][vc_column width=&#8220;1\/2&#8243;][vc_single_image image=&#8220;21643&#8243; img_size=&#8220;full&#8220; css=&#8220;&#8220;][\/vc_column][\/vc_row][vc_row el_id=&#8220;stavers&#8220;][vc_column width=&#8220;1\/2&#8243;][vc_custom_heading text=&#8220;Donnerstag, den 26. Juni bis einschl. Sonntag, den 29. Juni: \u201aStavers Feest\u2019&#8220; use_theme_fonts=&#8220;yes&#8220; css=&#8220;&#8220;][vc_column_text css=&#8220;&#8220;]Das \u201aStavers Feest\u2018 ist das Stadtfest wo Jung und Alt sehns\u00fcchtig nach ausschaut! Alle zwei Jahre verwandelt sich Stavoren in eine farbenpr\u00e4chtige Stadt mit Musik und Spa\u00df. So gibt es eine festliche Parade voller Kreativit\u00e4t, Live-Musik und Spiele f\u00fcr alle Altersgruppen. Kommen Sie, schauen Sie zu und genie\u00dfen die Atmosph\u00e4re. Das \u201aStavers Feest\u2018 bringt die ganze Stadt zusammen.<\/p>\n<p>Weitere Informationen zu diesen und anderen Aktivit\u00e4ten, die in und um Stavoren stattfinden, finden Sie auf der Website <a style=\"font-size: 1.6rem;\" href=\"http:\/\/www.waterlandvanfriesland.nl\" target=\"_blank\" rel=\"noopener\">www.waterlandvanfriesland.nl<\/a>[\/vc_column_text][\/vc_column][vc_column width=&#8220;1\/2&#8243;][vc_single_image image=&#8220;21640&#8243; img_size=&#8220;full&#8220; css=&#8220;&#8220;][\/vc_column][\/vc_row][vc_row disable_element=&#8220;yes&#8220;][vc_column offset=&#8220;vc_hidden-lg vc_hidden-md vc_hidden-sm vc_hidden-xs&#8220;][vc_single_image image=&#8220;8113&#8243; img_size=&#8220;full&#8220; alignment=&#8220;center&#8220; onclick=&#8220;img_link_large&#8220;][vc_btn title=&#8220;Agenda downloaden&#8220; style=&#8220;custom&#8220; custom_background=&#8220;#ff5500&#8243; custom_text=&#8220;#ffffff&#8220; align=&#8220;center&#8220; link=&#8220;url:https%3A%2F%2Fwww.jachthavenhindeloopen.nl%2Fwp-content%2Fuploads%2F2024%2F07%2FPoster_activiteiten_kalender_2024_v4.pdf|target:_blank&#8220;][\/vc_column][\/vc_row][vc_row][vc_column][vc_column_text]<iframe loading=\"lazy\" style=\"border: 0;\" src=\"https:\/\/calendar.google.com\/calendar\/embed?src=qglovkpblg444921s5orn938js%40group.calendar.google.com&amp;ctz=Europe%2FAmsterdam\" width=\"800\" height=\"600\" frameborder=\"0\" scrolling=\"no\" data-mce-fragment=\"1\"><span data-mce-type=\"bookmark\" style=\"display: inline-block; width: 0px; overflow: hidden; line-height: 0;\" class=\"mce_SELRES_start\">\ufeff<\/span><\/iframe>[\/vc_column_text][\/vc_column][\/vc_row]\n<\/div>","protected":false},"excerpt":{"rendered":"<p>[vc_row el_id=&#8220;rally&#8220;][vc_column width=&#8220;1\/2&#8243;][vc_custom_heading text=&#8220;Samstag, den 31. Mai: Oldtimer Elf-St\u00e4dte Rally&#8220; use_theme_fonts=&#8220;yes&#8220; css=&#8220;&#8220;][vc_column_text css=&#8220;&#8220;]Notieren Sie sich in\u00a0Ihrem\u00a0Kalender: Samstag, den 31. Mai! [&hellip;]<\/p>\n","protected":false},"author":1,"featured_media":0,"parent":0,"menu_order":0,"comment_status":"closed","ping_status":"closed","template":"","meta":{"footnotes":""},"class_list":["post-1117","page","type-page","status-publish","hentry"],"yoast_head":"<!-- This site is optimized with the Yoast SEO plugin v27.5 - https:\/\/yoast.com\/product\/yoast-seo-wordpress\/ -->\n<title>Marina Stavoren - Agenda<\/title>\n<meta name=\"description\" content=\"Blijf op de hoogte van alle activiteiten op de haven en rondom Marina Stavoren via de agenda op deze pagina.\" \/>\n<meta name=\"robots\" content=\"index, follow, max-snippet:-1, max-image-preview:large, max-video-preview:-1\" \/>\n<link rel=\"canonical\" href=\"https:\/\/www.marinastavoren.nl\/de\/agenda\/\" \/>\n<meta property=\"og:locale\" content=\"de_DE\" \/>\n<meta property=\"og:type\" content=\"article\" \/>\n<meta property=\"og:title\" content=\"Marina Stavoren - Agenda\" \/>\n<meta property=\"og:description\" content=\"Blijf op de hoogte van alle activiteiten op de haven en rondom Marina Stavoren via de agenda op deze pagina.\" \/>\n<meta property=\"og:url\" content=\"https:\/\/www.marinastavoren.nl\/de\/agenda\/\" \/>\n<meta property=\"og:site_name\" content=\"Marina Stavoren\" \/>\n<meta property=\"article:publisher\" content=\"https:\/\/www.facebook.com\/marina.stavoren\" \/>\n<meta property=\"article:modified_time\" content=\"2025-05-26T14:26:40+00:00\" \/>\n<meta name=\"twitter:card\" content=\"summary_large_image\" \/>\n<meta name=\"twitter:label1\" content=\"Gesch\u00e4tzte Lesezeit\" \/>\n\t<meta name=\"twitter:data1\" content=\"3\u00a0Minuten\" \/>\n<script type=\"application\/ld+json\" class=\"yoast-schema-graph\">{\"@context\":\"https:\\\/\\\/schema.org\",\"@graph\":[{\"@type\":\"WebPage\",\"@id\":\"https:\\\/\\\/www.marinastavoren.nl\\\/de\\\/agenda\\\/\",\"url\":\"https:\\\/\\\/www.marinastavoren.nl\\\/de\\\/agenda\\\/\",\"name\":\"Marina Stavoren - Agenda\",\"isPartOf\":{\"@id\":\"https:\\\/\\\/www.marinastavoren.nl\\\/de\\\/#website\"},\"datePublished\":\"2021-11-12T08:51:16+00:00\",\"dateModified\":\"2025-05-26T14:26:40+00:00\",\"description\":\"Blijf op de hoogte van alle activiteiten op de haven en rondom Marina Stavoren via de agenda op deze pagina.\",\"breadcrumb\":{\"@id\":\"https:\\\/\\\/www.marinastavoren.nl\\\/de\\\/agenda\\\/#breadcrumb\"},\"inLanguage\":\"de\",\"potentialAction\":[{\"@type\":\"ReadAction\",\"target\":[\"https:\\\/\\\/www.marinastavoren.nl\\\/de\\\/agenda\\\/\"]}]},{\"@type\":\"BreadcrumbList\",\"@id\":\"https:\\\/\\\/www.marinastavoren.nl\\\/de\\\/agenda\\\/#breadcrumb\",\"itemListElement\":[{\"@type\":\"ListItem\",\"position\":1,\"name\":\"Home\",\"item\":\"https:\\\/\\\/www.marinastavoren.nl\\\/de\\\/\"},{\"@type\":\"ListItem\",\"position\":2,\"name\":\"Agenda\"}]},{\"@type\":\"WebSite\",\"@id\":\"https:\\\/\\\/www.marinastavoren.nl\\\/de\\\/#website\",\"url\":\"https:\\\/\\\/www.marinastavoren.nl\\\/de\\\/\",\"name\":\"Marina Stavoren\",\"description\":\"Willkommen im Ferienpark der Marina Stavoren\",\"publisher\":{\"@id\":\"https:\\\/\\\/www.marinastavoren.nl\\\/de\\\/#organization\"},\"potentialAction\":[{\"@type\":\"SearchAction\",\"target\":{\"@type\":\"EntryPoint\",\"urlTemplate\":\"https:\\\/\\\/www.marinastavoren.nl\\\/de\\\/?s={search_term_string}\"},\"query-input\":{\"@type\":\"PropertyValueSpecification\",\"valueRequired\":true,\"valueName\":\"search_term_string\"}}],\"inLanguage\":\"de\"},{\"@type\":\"Organization\",\"@id\":\"https:\\\/\\\/www.marinastavoren.nl\\\/de\\\/#organization\",\"name\":\"Marina Stavoren\",\"url\":\"https:\\\/\\\/www.marinastavoren.nl\\\/de\\\/\",\"logo\":{\"@type\":\"ImageObject\",\"inLanguage\":\"de\",\"@id\":\"https:\\\/\\\/www.marinastavoren.nl\\\/de\\\/#\\\/schema\\\/logo\\\/image\\\/\",\"url\":\"https:\\\/\\\/www.marinastavoren.nl\\\/wp-content\\\/uploads\\\/2022\\\/12\\\/logo-marina-stavoren-sticky.png\",\"contentUrl\":\"https:\\\/\\\/www.marinastavoren.nl\\\/wp-content\\\/uploads\\\/2022\\\/12\\\/logo-marina-stavoren-sticky.png\",\"width\":277,\"height\":60,\"caption\":\"Marina Stavoren\"},\"image\":{\"@id\":\"https:\\\/\\\/www.marinastavoren.nl\\\/de\\\/#\\\/schema\\\/logo\\\/image\\\/\"},\"sameAs\":[\"https:\\\/\\\/www.facebook.com\\\/marina.stavoren\",\"https:\\\/\\\/www.instagram.com\\\/marinastavoren\\\/\"]}]}<\/script>\n<!-- \/ Yoast SEO plugin. -->","yoast_head_json":{"title":"Marina Stavoren - Agenda","description":"Blijf op de hoogte van alle activiteiten op de haven en rondom Marina Stavoren via de agenda op deze pagina.","robots":{"index":"index","follow":"follow","max-snippet":"max-snippet:-1","max-image-preview":"max-image-preview:large","max-video-preview":"max-video-preview:-1"},"canonical":"https:\/\/www.marinastavoren.nl\/de\/agenda\/","og_locale":"de_DE","og_type":"article","og_title":"Marina Stavoren - Agenda","og_description":"Blijf op de hoogte van alle activiteiten op de haven en rondom Marina Stavoren via de agenda op deze pagina.","og_url":"https:\/\/www.marinastavoren.nl\/de\/agenda\/","og_site_name":"Marina Stavoren","article_publisher":"https:\/\/www.facebook.com\/marina.stavoren","article_modified_time":"2025-05-26T14:26:40+00:00","twitter_card":"summary_large_image","twitter_misc":{"Gesch\u00e4tzte Lesezeit":"3\u00a0Minuten"},"schema":{"@context":"https:\/\/schema.org","@graph":[{"@type":"WebPage","@id":"https:\/\/www.marinastavoren.nl\/de\/agenda\/","url":"https:\/\/www.marinastavoren.nl\/de\/agenda\/","name":"Marina Stavoren - Agenda","isPartOf":{"@id":"https:\/\/www.marinastavoren.nl\/de\/#website"},"datePublished":"2021-11-12T08:51:16+00:00","dateModified":"2025-05-26T14:26:40+00:00","description":"Blijf op de hoogte van alle activiteiten op de haven en rondom Marina Stavoren via de agenda op deze pagina.","breadcrumb":{"@id":"https:\/\/www.marinastavoren.nl\/de\/agenda\/#breadcrumb"},"inLanguage":"de","potentialAction":[{"@type":"ReadAction","target":["https:\/\/www.marinastavoren.nl\/de\/agenda\/"]}]},{"@type":"BreadcrumbList","@id":"https:\/\/www.marinastavoren.nl\/de\/agenda\/#breadcrumb","itemListElement":[{"@type":"ListItem","position":1,"name":"Home","item":"https:\/\/www.marinastavoren.nl\/de\/"},{"@type":"ListItem","position":2,"name":"Agenda"}]},{"@type":"WebSite","@id":"https:\/\/www.marinastavoren.nl\/de\/#website","url":"https:\/\/www.marinastavoren.nl\/de\/","name":"Marina Stavoren","description":"Willkommen im Ferienpark der Marina Stavoren","publisher":{"@id":"https:\/\/www.marinastavoren.nl\/de\/#organization"},"potentialAction":[{"@type":"SearchAction","target":{"@type":"EntryPoint","urlTemplate":"https:\/\/www.marinastavoren.nl\/de\/?s={search_term_string}"},"query-input":{"@type":"PropertyValueSpecification","valueRequired":true,"valueName":"search_term_string"}}],"inLanguage":"de"},{"@type":"Organization","@id":"https:\/\/www.marinastavoren.nl\/de\/#organization","name":"Marina Stavoren","url":"https:\/\/www.marinastavoren.nl\/de\/","logo":{"@type":"ImageObject","inLanguage":"de","@id":"https:\/\/www.marinastavoren.nl\/de\/#\/schema\/logo\/image\/","url":"https:\/\/www.marinastavoren.nl\/wp-content\/uploads\/2022\/12\/logo-marina-stavoren-sticky.png","contentUrl":"https:\/\/www.marinastavoren.nl\/wp-content\/uploads\/2022\/12\/logo-marina-stavoren-sticky.png","width":277,"height":60,"caption":"Marina Stavoren"},"image":{"@id":"https:\/\/www.marinastavoren.nl\/de\/#\/schema\/logo\/image\/"},"sameAs":["https:\/\/www.facebook.com\/marina.stavoren","https:\/\/www.instagram.com\/marinastavoren\/"]}]}},"_links":{"self":[{"href":"https:\/\/www.marinastavoren.nl\/de\/wp-json\/wp\/v2\/pages\/1117","targetHints":{"allow":["GET"]}}],"collection":[{"href":"https:\/\/www.marinastavoren.nl\/de\/wp-json\/wp\/v2\/pages"}],"about":[{"href":"https:\/\/www.marinastavoren.nl\/de\/wp-json\/wp\/v2\/types\/page"}],"author":[{"embeddable":true,"href":"https:\/\/www.marinastavoren.nl\/de\/wp-json\/wp\/v2\/users\/1"}],"replies":[{"embeddable":true,"href":"https:\/\/www.marinastavoren.nl\/de\/wp-json\/wp\/v2\/comments?post=1117"}],"version-history":[{"count":9,"href":"https:\/\/www.marinastavoren.nl\/de\/wp-json\/wp\/v2\/pages\/1117\/revisions"}],"predecessor-version":[{"id":21852,"href":"https:\/\/www.marinastavoren.nl\/de\/wp-json\/wp\/v2\/pages\/1117\/revisions\/21852"}],"wp:attachment":[{"href":"https:\/\/www.marinastavoren.nl\/de\/wp-json\/wp\/v2\/media?parent=1117"}],"curies":[{"name":"wp","href":"https:\/\/api.w.org\/{rel}","templated":true}]}}